{"id":12240,"date":"2025-04-05T06:34:02","date_gmt":"2025-04-05T06:34:02","guid":{"rendered":"https:\/\/www.cfaebooks.com\/?post_type=product&#038;p=12240"},"modified":"2026-04-03T08:02:57","modified_gmt":"2026-04-03T08:02:57","slug":"cfa-2025-3-szint-schweser-felulvizsgalati-workshop-portfoliomenedzsment-utvonal-kerdesekkel-es-elmes-terkepekkel","status":"publish","type":"product","link":"https:\/\/www.cfaebooks.com\/hu\/products\/cfa-2025-3-szint-schweser-felulvizsgalati-workshop-portfoliomenedzsment-utvonal-kerdesekkel-es-elmes-terkepekkel\/","title":{"rendered":"CFA 2025 Level 3 Schweser Review Workshop Portf\u00f3li\u00f3menedzsment \u00fatvonal k\u00e9rd\u00e9sekkel \u00e9s agyt\u00e9rk\u00e9pekkel"},"content":{"rendered":"<p>For sale is the 2025 CFA Schweser Review Workshop Level 3 Portfolio Management Pathway (Questions + Mind Maps).<\/p>\n\n\n\n<h3 class=\"wp-block-heading\">T\u00e1rgyalt t\u00e9m\u00e1k:<\/h3>\n\n\n\n<ul class=\"wp-block-list\">\n<li>Bevezet\u00e9s<\/li>\n\n\n\n<li>Eszk\u00f6zeloszt\u00e1s<\/li>\n\n\n\n<li>Portf\u00f3li\u00f3 \u00e9p\u00edt\u00e9s<\/li>\n\n\n\n<li>Teljes\u00edtm\u00e9nym\u00e9r\u00e9s<\/li>\n\n\n\n<li>Sz\u00e1rmaz\u00e9kos \u00fcgyletek \u00e9s kock\u00e1zatkezel\u00e9s<\/li>\n\n\n\n<li>Etikai \u00e9s szakmai norm\u00e1k<\/li>\n\n\n\n<li>Portf\u00f3li\u00f3menedzsment \u00fatvonal<\/li>\n<\/ul>\n\n\n\n<p><strong>Schweser Review Workshop k\u00e9rd\u00e9sek v\u00e1laszokkal<\/strong><\/p>\n\n\n\n<ul class=\"wp-block-list\">\n<li>Includes questions with answers: 400 pages in total<\/li>\n<\/ul>\n\n\n\n<p><strong>Schweser Review Workshop Mind Maps<\/strong><\/p>\n\n\n\n<ul class=\"wp-block-list\">\n<li>Includes Schweser Review Workshop mind maps (slides) which is 270 pages in total<\/li>\n<\/ul>\n\n\n\n<p>A fizet\u00e9s ut\u00e1n azonnal let\u00f6ltheti az anyagot.<\/p>","protected":false},"excerpt":{"rendered":"<p>For sale is the 2025 CFA Schweser Review Workshop Level 3 Portfolio Management Pathway (Questions + Mind Maps). Topics Covered: Schweser Review Workshop Questions with Answers Schweser Review Workshop Mind Maps After checkout you can download the material immediately.<\/p>","protected":false},"featured_media":12243,"comment_status":"closed","ping_status":"closed","template":"","meta":[],"product_brand":[],"product_cat":[265,269],"product_tag":[261,93,88,90,180,267,91,92,302],"class_list":{"0":"post-12240","1":"product","2":"type-product","3":"status-publish","4":"has-post-thumbnail","6":"product_cat-cfa-level-3","7":"product_cat-cfa-video-lectures","8":"product_tag-cfa-2025","9":"product_tag-cfa-books","10":"product_tag-cfa-ebooks","11":"product_tag-cfa-exam","12":"product_tag-cfa-level-3","13":"product_tag-cfa-level-3-2025","14":"product_tag-cfa-prep","15":"product_tag-cfa-test","16":"product_tag-cfa-video-lectures","18":"first","19":"instock","20":"downloadable","21":"virtual","22":"sold-individually","23":"purchasable","24":"product-type-simple"},"_links":{"self":[{"href":"https:\/\/www.cfaebooks.com\/hu\/wp-json\/wp\/v2\/product\/12240","targetHints":{"allow":["GET"]}}],"collection":[{"href":"https:\/\/www.cfaebooks.com\/hu\/wp-json\/wp\/v2\/product"}],"about":[{"href":"https:\/\/www.cfaebooks.com\/hu\/wp-json\/wp\/v2\/types\/product"}],"replies":[{"embeddable":true,"href":"https:\/\/www.cfaebooks.com\/hu\/wp-json\/wp\/v2\/comments?post=12240"}],"wp:featuredmedia":[{"embeddable":true,"href":"https:\/\/www.cfaebooks.com\/hu\/wp-json\/wp\/v2\/media\/12243"}],"wp:attachment":[{"href":"https:\/\/www.cfaebooks.com\/hu\/wp-json\/wp\/v2\/media?parent=12240"}],"wp:term":[{"taxonomy":"product_brand","embeddable":true,"href":"https:\/\/www.cfaebooks.com\/hu\/wp-json\/wp\/v2\/product_brand?post=12240"},{"taxonomy":"product_cat","embeddable":true,"href":"https:\/\/www.cfaebooks.com\/hu\/wp-json\/wp\/v2\/product_cat?post=12240"},{"taxonomy":"product_tag","embeddable":true,"href":"https:\/\/www.cfaebooks.com\/hu\/wp-json\/wp\/v2\/product_tag?post=12240"}],"curies":[{"name":"wp","href":"https:\/\/api.w.org\/{rel}","templated":true}]}}