{"id":12195,"date":"2025-04-02T14:14:39","date_gmt":"2025-04-02T14:14:39","guid":{"rendered":"https:\/\/www.cfaebooks.com\/?post_type=product&#038;p=12195"},"modified":"2026-04-03T08:02:35","modified_gmt":"2026-04-03T08:02:35","slug":"cfa-2025-analystprep-kerdesbank-2-szintu-kerdesei","status":"publish","type":"product","link":"https:\/\/www.cfaebooks.com\/hu\/products\/cfa-2025-analystprep-kerdesbank-2-szintu-kerdesei\/","title":{"rendered":"CFA 2025 AnalystPrep K\u00e9rd\u00e9sbank Level 2"},"content":{"rendered":"<p>For sale is the 2025 CFA AnalystPrep Question Bank Level 2 PDF.<\/p>\n\n\n\n<p>1,200 kem\u00e9ny gyakorlati k\u00e9rd\u00e9s<\/p>\n\n\n\n<p>Tartalmazza a 10 k\u00f6tetb\u0151l \u00e1ll\u00f3 sorozatot:<\/p>\n\n\n\n<ul class=\"wp-block-list\">\n<li>Kvantitat\u00edv m\u00f3dszerek<\/li>\n\n\n\n<li>K\u00f6zgazdas\u00e1gtan<\/li>\n\n\n\n<li>P\u00e9nz\u00fcgyi_Besz\u00e1mol\u00e1s \u00e9s elemz\u00e9s<\/li>\n\n\n\n<li>V\u00e1llalati kibocs\u00e1t\u00f3k<\/li>\n\n\n\n<li>Saj\u00e1t t\u0151ke<\/li>\n\n\n\n<li>R\u00f6gz\u00edtett j\u00f6vedelem<\/li>\n\n\n\n<li>Sz\u00e1rmaz\u00e9kok<\/li>\n\n\n\n<li>Alternat\u00edv befektet\u00e9sek<\/li>\n\n\n\n<li>Portf\u00f3li\u00f3kezel\u00e9s<\/li>\n\n\n\n<li>Etika<\/li>\n<\/ul>\n\n\n\n<p>K\u00e9rj\u00fck, ne v\u00e1s\u00e1roljon, ha fizikai nyomtatott p\u00e9ld\u00e1nyt szeretne. <\/p>\n\n\n\n<p>A fizet\u00e9s ut\u00e1n azonnal let\u00f6ltheti az anyagot.<\/p>","protected":false},"excerpt":{"rendered":"<p>For sale is the 2025 CFA AnalystPrep Question Bank Level 2 PDF. 1,200 Hard Practice Questions Includes Set of 10 volumes: Please do not purchase if you want a physical hard copy. After checkout you can download the material immediately.<\/p>","protected":false},"featured_media":12196,"comment_status":"closed","ping_status":"closed","template":"","meta":[],"product_brand":[],"product_cat":[266],"product_tag":[261,93,88,90,293,166,92,168],"class_list":{"0":"post-12195","1":"product","2":"type-product","3":"status-publish","4":"has-post-thumbnail","6":"product_cat-cfa-level-2","7":"product_tag-cfa-2025","8":"product_tag-cfa-books","9":"product_tag-cfa-ebooks","10":"product_tag-cfa-exam","11":"product_tag-cfa-level-2-2025","12":"product_tag-cfa-question-bank","13":"product_tag-cfa-test","14":"product_tag-study-notes","16":"first","17":"instock","18":"downloadable","19":"virtual","20":"sold-individually","21":"purchasable","22":"product-type-simple"},"_links":{"self":[{"href":"https:\/\/www.cfaebooks.com\/hu\/wp-json\/wp\/v2\/product\/12195","targetHints":{"allow":["GET"]}}],"collection":[{"href":"https:\/\/www.cfaebooks.com\/hu\/wp-json\/wp\/v2\/product"}],"about":[{"href":"https:\/\/www.cfaebooks.com\/hu\/wp-json\/wp\/v2\/types\/product"}],"replies":[{"embeddable":true,"href":"https:\/\/www.cfaebooks.com\/hu\/wp-json\/wp\/v2\/comments?post=12195"}],"wp:featuredmedia":[{"embeddable":true,"href":"https:\/\/www.cfaebooks.com\/hu\/wp-json\/wp\/v2\/media\/12196"}],"wp:attachment":[{"href":"https:\/\/www.cfaebooks.com\/hu\/wp-json\/wp\/v2\/media?parent=12195"}],"wp:term":[{"taxonomy":"product_brand","embeddable":true,"href":"https:\/\/www.cfaebooks.com\/hu\/wp-json\/wp\/v2\/product_brand?post=12195"},{"taxonomy":"product_cat","embeddable":true,"href":"https:\/\/www.cfaebooks.com\/hu\/wp-json\/wp\/v2\/product_cat?post=12195"},{"taxonomy":"product_tag","embeddable":true,"href":"https:\/\/www.cfaebooks.com\/hu\/wp-json\/wp\/v2\/product_tag?post=12195"}],"curies":[{"name":"wp","href":"https:\/\/api.w.org\/{rel}","templated":true}]}}