{"id":12051,"date":"2025-03-12T01:23:00","date_gmt":"2025-03-12T01:23:00","guid":{"rendered":"https:\/\/www.cfaebooks.com\/?post_type=product&#038;p=12051"},"modified":"2026-04-03T08:02:13","modified_gmt":"2026-04-03T08:02:13","slug":"cfa-2025-schweser-notes-level-3-full-set-all-3-pathway","status":"publish","type":"product","link":"https:\/\/www.cfaebooks.com\/hu\/products\/cfa-2025-schweser-notes-level-3-full-set-all-3-pathway\/","title":{"rendered":"CFA 2025 Schweser Notes Level 3 teljes k\u00e9szlet Mind a 3 \u00fatvonal"},"content":{"rendered":"<p>Elad\u00f3 egy e-k\u00f6nyv: 2025 CFA Schweser Notes Level 3 Full Set All Pathways PDF.<\/p>\n\n\n\n<p><strong>Amit tartalmaz:<\/strong><\/p>\n\n\n\n<ul class=\"wp-block-list\">\n<li><strong>Alapvet\u0151 tanterv:<\/strong>\n<ul class=\"wp-block-list\">\n<li>1. k\u00f6nyv: Eszk\u00f6zallok\u00e1ci\u00f3<\/li>\n\n\n\n<li>2. k\u00f6nyv: Portf\u00f3li\u00f3\u00e9p\u00edt\u00e9s \u00e9s teljes\u00edtm\u00e9nymenedzsment<\/li>\n\n\n\n<li>3. k\u00f6nyv: Sz\u00e1rmaz\u00e9kos \u00fcgyletek, kock\u00e1zatkezel\u00e9s, etikai \u00e9s szakmai norm\u00e1k<\/li>\n<\/ul>\n<\/li>\n\n\n\n<li><strong>3 Pathway K\u00f6nyvek:<\/strong>\n<ul class=\"wp-block-list\">\n<li>Portf\u00f3li\u00f3menedzsment \u00fatvonal<\/li>\n\n\n\n<li>A mag\u00e1npiacok \u00fatvonala<\/li>\n\n\n\n<li>Mag\u00e1nvagyon-\u00fatvonal<\/li>\n<\/ul>\n<\/li>\n\n\n\n<li><strong>Gyors lapok:<\/strong>\n<ul class=\"wp-block-list\">\n<li>H\u00e1rom 6 oldalas gyorslap (egy minden \u00fatvonalhoz) a gyors fel\u00fclvizsg\u00e1lathoz \u00e9s hivatkoz\u00e1shoz.<\/li>\n<\/ul>\n<\/li>\n<\/ul>\n\n\n\n<p>Ez nem egy nyomtatott k\u00f6nyv, hanem egy PDF form\u00e1tum\u00fa digit\u00e1lis m\u00e1solat. K\u00e9rj\u00fck, ne v\u00e1s\u00e1rolja meg, ha nyomtatott p\u00e9ld\u00e1nyt szeretne. A fizet\u00e9s ut\u00e1n az e-k\u00f6nyveket azonnal let\u00f6ltheti.<\/p>","protected":false},"excerpt":{"rendered":"<p>For sale is an e-book 2025 CFA Schweser Notes Level 3 Full Set All Pathways PDF. What\u2019s Included: This is not a physical book it is a PDF digital copy. Please do not purchase if you want a physical hard copy. After checkout you can download the e-Books instantly.<\/p>","protected":false},"featured_media":12056,"comment_status":"closed","ping_status":"closed","template":"","meta":[],"product_brand":[],"product_cat":[265],"product_tag":[261,93,88,90,267,91,92],"class_list":{"0":"post-12051","1":"product","2":"type-product","3":"status-publish","4":"has-post-thumbnail","6":"product_cat-cfa-level-3","7":"product_tag-cfa-2025","8":"product_tag-cfa-books","9":"product_tag-cfa-ebooks","10":"product_tag-cfa-exam","11":"product_tag-cfa-level-3-2025","12":"product_tag-cfa-prep","13":"product_tag-cfa-test","15":"first","16":"instock","17":"downloadable","18":"virtual","19":"sold-individually","20":"purchasable","21":"product-type-simple"},"_links":{"self":[{"href":"https:\/\/www.cfaebooks.com\/hu\/wp-json\/wp\/v2\/product\/12051","targetHints":{"allow":["GET"]}}],"collection":[{"href":"https:\/\/www.cfaebooks.com\/hu\/wp-json\/wp\/v2\/product"}],"about":[{"href":"https:\/\/www.cfaebooks.com\/hu\/wp-json\/wp\/v2\/types\/product"}],"replies":[{"embeddable":true,"href":"https:\/\/www.cfaebooks.com\/hu\/wp-json\/wp\/v2\/comments?post=12051"}],"wp:featuredmedia":[{"embeddable":true,"href":"https:\/\/www.cfaebooks.com\/hu\/wp-json\/wp\/v2\/media\/12056"}],"wp:attachment":[{"href":"https:\/\/www.cfaebooks.com\/hu\/wp-json\/wp\/v2\/media?parent=12051"}],"wp:term":[{"taxonomy":"product_brand","embeddable":true,"href":"https:\/\/www.cfaebooks.com\/hu\/wp-json\/wp\/v2\/product_brand?post=12051"},{"taxonomy":"product_cat","embeddable":true,"href":"https:\/\/www.cfaebooks.com\/hu\/wp-json\/wp\/v2\/product_cat?post=12051"},{"taxonomy":"product_tag","embeddable":true,"href":"https:\/\/www.cfaebooks.com\/hu\/wp-json\/wp\/v2\/product_tag?post=12051"}],"curies":[{"name":"wp","href":"https:\/\/api.w.org\/{rel}","templated":true}]}}