{"id":11786,"date":"2025-01-29T09:01:40","date_gmt":"2025-01-29T09:01:40","guid":{"rendered":"https:\/\/www.cfaebooks.com\/?post_type=product&#038;p=11786"},"modified":"2026-04-03T08:01:50","modified_gmt":"2026-04-03T08:01:50","slug":"2025-cfa-3-szintu-probavizsga-portfoliomenedzsment-utvonal-2","status":"publish","type":"product","link":"https:\/\/www.cfaebooks.com\/hu\/products\/2025-cfa-3-szintu-probavizsga-portfoliomenedzsment-utvonal-2\/","title":{"rendered":"2025 CFA IFT Level 3 Mock Exam Portfolio Management Pathway"},"content":{"rendered":"<p>For sale is an e-Book 2025 CFA Level 3 IFT Mock Exam Portfolio Management Pathway PDF.<\/p>\n\n\n\n<ul class=\"wp-block-list\">\n<li>Include questions and answers. <\/li>\n\n\n\n<li>A fizet\u00e9s ut\u00e1n azonnal let\u00f6ltheti az e-k\u00f6nyvet. <\/li>\n\n\n\n<li>Ez nem egy nyomtatott k\u00f6nyv, hanem egy PDF form\u00e1tum\u00fa digit\u00e1lis m\u00e1solat. K\u00e9rj\u00fck, ne v\u00e1s\u00e1rolja meg, ha nyomtatott p\u00e9ld\u00e1nyt szeretne.<\/li>\n<\/ul>","protected":false},"excerpt":{"rendered":"<p>For sale is an e-Book 2025 CFA Level 3 IFT Mock Exam Portfolio Management Pathway PDF.<\/p>","protected":false},"featured_media":11787,"comment_status":"closed","ping_status":"closed","template":"","meta":[],"product_brand":[],"product_cat":[265],"product_tag":[261,93,88,90,174,180,267,308,91,92,167,332,176],"class_list":{"0":"post-11786","1":"product","2":"type-product","3":"status-publish","4":"has-post-thumbnail","6":"product_cat-cfa-level-3","7":"product_tag-cfa-2025","8":"product_tag-cfa-books","9":"product_tag-cfa-ebooks","10":"product_tag-cfa-exam","11":"product_tag-cfa-institute","12":"product_tag-cfa-level-3","13":"product_tag-cfa-level-3-2025","14":"product_tag-cfa-level-3-portfolio-management-pathway","15":"product_tag-cfa-prep","16":"product_tag-cfa-test","17":"product_tag-ift","18":"product_tag-ift-2025","19":"product_tag-mock-exam","21":"first","22":"instock","23":"downloadable","24":"virtual","25":"sold-individually","26":"purchasable","27":"product-type-simple"},"_links":{"self":[{"href":"https:\/\/www.cfaebooks.com\/hu\/wp-json\/wp\/v2\/product\/11786","targetHints":{"allow":["GET"]}}],"collection":[{"href":"https:\/\/www.cfaebooks.com\/hu\/wp-json\/wp\/v2\/product"}],"about":[{"href":"https:\/\/www.cfaebooks.com\/hu\/wp-json\/wp\/v2\/types\/product"}],"replies":[{"embeddable":true,"href":"https:\/\/www.cfaebooks.com\/hu\/wp-json\/wp\/v2\/comments?post=11786"}],"wp:featuredmedia":[{"embeddable":true,"href":"https:\/\/www.cfaebooks.com\/hu\/wp-json\/wp\/v2\/media\/11787"}],"wp:attachment":[{"href":"https:\/\/www.cfaebooks.com\/hu\/wp-json\/wp\/v2\/media?parent=11786"}],"wp:term":[{"taxonomy":"product_brand","embeddable":true,"href":"https:\/\/www.cfaebooks.com\/hu\/wp-json\/wp\/v2\/product_brand?post=11786"},{"taxonomy":"product_cat","embeddable":true,"href":"https:\/\/www.cfaebooks.com\/hu\/wp-json\/wp\/v2\/product_cat?post=11786"},{"taxonomy":"product_tag","embeddable":true,"href":"https:\/\/www.cfaebooks.com\/hu\/wp-json\/wp\/v2\/product_tag?post=11786"}],"curies":[{"name":"wp","href":"https:\/\/api.w.org\/{rel}","templated":true}]}}