{"id":11622,"date":"2025-03-19T00:22:15","date_gmt":"2025-03-19T00:22:15","guid":{"rendered":"https:\/\/www.cfaebooks.com\/?post_type=product&#038;p=11622"},"modified":"2026-04-03T08:01:45","modified_gmt":"2026-04-03T08:01:45","slug":"2025-caia-2-szintu-kerdesbank-temakvizzel-2","status":"publish","type":"product","link":"https:\/\/www.cfaebooks.com\/hu\/products\/2025-caia-2-szintu-kerdesbank-temakvizzel-2\/","title":{"rendered":"2025 CAIA Level 2 k\u00e9rd\u00e9sbank t\u00e9makv\u00edzzel"},"content":{"rendered":"<p>For sale is an e-Book 2025 CAIA Level 2 Schweser Question Bank with Topic Quiz PDF.<\/p>\n\n\n\n<p>Including the flowing topics:<\/p>\n\n\n\n<ol class=\"wp-block-list\">\n<li>Institutional Asset Owners<\/li>\n\n\n\n<li>Eszk\u00f6zeloszt\u00e1s<\/li>\n\n\n\n<li>Risk and Risk Management<\/li>\n\n\n\n<li>Methods and Models<\/li>\n\n\n\n<li>Accessing Alternative Investments<\/li>\n\n\n\n<li>Due Diligence and Selecting Managers<\/li>\n\n\n\n<li>Volatility and Complex Strategies<\/li>\n\n\n\n<li>Universal Investment Considerations<\/li>\n\n\n\n<li>Emerging Topics<\/li>\n<\/ol>\n\n\n\n<p>Ez nem egy fizikai k\u00f6nyv, hanem egy PDF form\u00e1tum\u00fa digit\u00e1lis m\u00e1solat. K\u00e9rj\u00fck, ne v\u00e1s\u00e1rolja meg, ha fizikai nyomtatott p\u00e9ld\u00e1nyt szeretne. A fizet\u00e9s ut\u00e1n azonnal let\u00f6ltheti az e-k\u00f6nyvet.<\/p>","protected":false},"excerpt":{"rendered":"<p>For sale is an e-Book 2025 CAIA Level 2 Schweser Question Bank with Topic Quiz PDF. Including the flowing topics: This is not a physical book it is a\u00a0PDF\u00a0digital copy. Please do not purchase if you want a physical hard copy. After checkout you can download the e-Book instantly.<\/p>","protected":false},"featured_media":11899,"comment_status":"closed","ping_status":"closed","template":"","meta":[],"product_brand":[],"product_cat":[318],"product_tag":[247,319,320,251,250,248,321,322,252,330,331,249],"class_list":{"0":"post-11622","1":"product","2":"type-product","3":"status-publish","4":"has-post-thumbnail","6":"product_cat-caia-level-2","7":"product_tag-caia","8":"product_tag-caia-2025","9":"product_tag-caia-2025-study-notes","10":"product_tag-caia-books","11":"product_tag-caia-ebooks","12":"product_tag-caia-exam","13":"product_tag-caia-formula-sheet","14":"product_tag-caia-level-2","15":"product_tag-caia-prep","16":"product_tag-caia-qbank","17":"product_tag-caia-question-bank","18":"product_tag-caia-test","20":"first","21":"instock","22":"downloadable","23":"virtual","24":"sold-individually","25":"purchasable","26":"product-type-simple"},"_links":{"self":[{"href":"https:\/\/www.cfaebooks.com\/hu\/wp-json\/wp\/v2\/product\/11622","targetHints":{"allow":["GET"]}}],"collection":[{"href":"https:\/\/www.cfaebooks.com\/hu\/wp-json\/wp\/v2\/product"}],"about":[{"href":"https:\/\/www.cfaebooks.com\/hu\/wp-json\/wp\/v2\/types\/product"}],"replies":[{"embeddable":true,"href":"https:\/\/www.cfaebooks.com\/hu\/wp-json\/wp\/v2\/comments?post=11622"}],"wp:featuredmedia":[{"embeddable":true,"href":"https:\/\/www.cfaebooks.com\/hu\/wp-json\/wp\/v2\/media\/11899"}],"wp:attachment":[{"href":"https:\/\/www.cfaebooks.com\/hu\/wp-json\/wp\/v2\/media?parent=11622"}],"wp:term":[{"taxonomy":"product_brand","embeddable":true,"href":"https:\/\/www.cfaebooks.com\/hu\/wp-json\/wp\/v2\/product_brand?post=11622"},{"taxonomy":"product_cat","embeddable":true,"href":"https:\/\/www.cfaebooks.com\/hu\/wp-json\/wp\/v2\/product_cat?post=11622"},{"taxonomy":"product_tag","embeddable":true,"href":"https:\/\/www.cfaebooks.com\/hu\/wp-json\/wp\/v2\/product_tag?post=11622"}],"curies":[{"name":"wp","href":"https:\/\/api.w.org\/{rel}","templated":true}]}}