{"id":11612,"date":"2024-12-22T14:15:28","date_gmt":"2024-12-22T14:15:28","guid":{"rendered":"https:\/\/www.cfaebooks.com\/?post_type=product&#038;p=11612"},"modified":"2026-04-03T08:01:42","modified_gmt":"2026-04-03T08:01:42","slug":"2025-caia-2-szint-schweser-jegyzetek-a-keplet-lapjaval-2","status":"publish","type":"product","link":"https:\/\/www.cfaebooks.com\/hu\/products\/2025-caia-2-szint-schweser-jegyzetek-a-keplet-lapjaval-2\/","title":{"rendered":"2025 CAIA 2. szint\u0171 Schweser jegyzetek a k\u00e9pletlapokkal"},"content":{"rendered":"<p>For sale is an e-Book 2025 CAIA Schweser Notes Level 2 with Formula Sheet PDF.<\/p>\n\n\n\n<p><em>Tartalmazza a 3 k\u00f6nyvb\u0151l \u00e1ll\u00f3 k\u00e9szletet: <\/em><\/p>\n\n\n\n<ul class=\"wp-block-list\">\n<li><em>1. k\u00f6nyv - Int\u00e9zm\u00e9nyi vagyonkezel\u0151k, eszk\u00f6zallok\u00e1ci\u00f3 \u00e9s kock\u00e1zatkezel\u00e9s<\/em><\/li>\n\n\n\n<li><em>2. k\u00f6nyv: M\u00f3dszerek \u00e9s modellek, alternat\u00edv befektet\u00e9sekhez val\u00f3 hozz\u00e1f\u00e9r\u00e9s, valamint \u00e1tvil\u00e1g\u00edt\u00e1s, ingatlanok \u00e9s mag\u00e1nt\u0151ke<\/em><\/li>\n\n\n\n<li><em>3. k\u00f6nyv: Volatilit\u00e1s \u00e9s komplex strat\u00e9gi\u00e1k, univerz\u00e1lis befektet\u00e9si megfontol\u00e1sok \u00e9s \u00faj t\u00e9m\u00e1k.<\/em><\/li>\n<\/ul>\n\n\n\n<p>Ez nem egy fizikai k\u00f6nyv, hanem egy PDF form\u00e1tum\u00fa digit\u00e1lis m\u00e1solat. K\u00e9rj\u00fck, ne v\u00e1s\u00e1rolja meg, ha fizikai nyomtatott p\u00e9ld\u00e1nyt szeretne. A fizet\u00e9s ut\u00e1n azonnal let\u00f6ltheti az e-k\u00f6nyvet.<\/p>","protected":false},"excerpt":{"rendered":"<p>For sale is an e-Book 2025 CAIA Schweser Notes Level 2 with Formula Sheet PDF. Includes Set of 3 books: This is not a physical book it is a&nbsp;PDF&nbsp;digital copy. Please do not purchase if you want a physical hard copy. After checkout you can download the e-Book instantly.<\/p>","protected":false},"featured_media":11614,"comment_status":"closed","ping_status":"closed","template":"","meta":[],"product_brand":[],"product_cat":[318],"product_tag":[247,319,320,251,250,248,321,322,252,249],"class_list":{"0":"post-11612","1":"product","2":"type-product","3":"status-publish","4":"has-post-thumbnail","6":"product_cat-caia-level-2","7":"product_tag-caia","8":"product_tag-caia-2025","9":"product_tag-caia-2025-study-notes","10":"product_tag-caia-books","11":"product_tag-caia-ebooks","12":"product_tag-caia-exam","13":"product_tag-caia-formula-sheet","14":"product_tag-caia-level-2","15":"product_tag-caia-prep","16":"product_tag-caia-test","18":"first","19":"instock","20":"downloadable","21":"virtual","22":"sold-individually","23":"purchasable","24":"product-type-simple"},"_links":{"self":[{"href":"https:\/\/www.cfaebooks.com\/hu\/wp-json\/wp\/v2\/product\/11612","targetHints":{"allow":["GET"]}}],"collection":[{"href":"https:\/\/www.cfaebooks.com\/hu\/wp-json\/wp\/v2\/product"}],"about":[{"href":"https:\/\/www.cfaebooks.com\/hu\/wp-json\/wp\/v2\/types\/product"}],"replies":[{"embeddable":true,"href":"https:\/\/www.cfaebooks.com\/hu\/wp-json\/wp\/v2\/comments?post=11612"}],"wp:featuredmedia":[{"embeddable":true,"href":"https:\/\/www.cfaebooks.com\/hu\/wp-json\/wp\/v2\/media\/11614"}],"wp:attachment":[{"href":"https:\/\/www.cfaebooks.com\/hu\/wp-json\/wp\/v2\/media?parent=11612"}],"wp:term":[{"taxonomy":"product_brand","embeddable":true,"href":"https:\/\/www.cfaebooks.com\/hu\/wp-json\/wp\/v2\/product_brand?post=11612"},{"taxonomy":"product_cat","embeddable":true,"href":"https:\/\/www.cfaebooks.com\/hu\/wp-json\/wp\/v2\/product_cat?post=11612"},{"taxonomy":"product_tag","embeddable":true,"href":"https:\/\/www.cfaebooks.com\/hu\/wp-json\/wp\/v2\/product_tag?post=11612"}],"curies":[{"name":"wp","href":"https:\/\/api.w.org\/{rel}","templated":true}]}}