{"id":11150,"date":"2024-11-05T04:28:48","date_gmt":"2024-11-05T04:28:48","guid":{"rendered":"https:\/\/www.cfaebooks.com\/?post_type=product&#038;p=11150"},"modified":"2026-04-03T08:01:11","modified_gmt":"2026-04-03T08:01:11","slug":"2025-cfa-question-bank-level-2","status":"publish","type":"product","link":"https:\/\/www.cfaebooks.com\/hu\/products\/2025-cfa-question-bank-level-2\/","title":{"rendered":"2025 CFA Question Bank Level 2"},"content":{"rendered":"<p>Elad\u00f3 egy e-k\u00f6nyv: 2025 CFA Schweser Question Bank Level 2 PDF.<\/p>\n\n\n\n<ul class=\"wp-block-list\">\n<li>T\u00f6bb mint 1000 k\u00e9rd\u00e9s \u00e9s v\u00e1lasz.<\/li>\n\n\n\n<li>Tartalmaz k\u00e9rd\u00e9seket \u00e9s v\u00e1laszokat minden k\u00e9rd\u00e9sre.<\/li>\n\n\n\n<li>A teljes tananyagot lefedi - K\u00fcl\u00f6n tesztek minden t\u00e9mak\u00f6rh\u00f6z. <\/li>\n\n\n\n<li>A k\u00f6vetkez\u0151 t\u00e9mak\u00f6r\u00f6ket tartalmazza: \n<ol class=\"wp-block-list\">\n<li><em>Kvantitat\u00edv m\u00f3dszerek<\/em><\/li>\n\n\n\n<li><em>K\u00f6zgazdas\u00e1gtan<\/em><\/li>\n\n\n\n<li><em>P\u00e9nz\u00fcgyi kimutat\u00e1sok elemz\u00e9se<\/em><\/li>\n\n\n\n<li><em>V\u00e1llalati kibocs\u00e1t\u00f3k<\/em><\/li>\n\n\n\n<li><em>Saj\u00e1t t\u0151ke \u00e9rt\u00e9kel\u00e9se<\/em><\/li>\n\n\n\n<li><em>R\u00f6gz\u00edtett j\u00f6vedelem<\/em><\/li>\n\n\n\n<li><em>Sz\u00e1rmaz\u00e9kok<\/em><\/li>\n\n\n\n<li><em>Alternat\u00edv befektet\u00e9sek<\/em><\/li>\n\n\n\n<li><em>Portf\u00f3li\u00f3kezel\u00e9s<\/em><\/li>\n\n\n\n<li>Etikai \u00e9s szakmai norm\u00e1k<\/li>\n<\/ol>\n<\/li>\n<\/ul>\n\n\n\n<ul class=\"wp-block-list\">\n<li>Ez nem egy fizikai k\u00f6nyv, hanem egy PDF form\u00e1tum\u00fa digit\u00e1lis m\u00e1solat. K\u00e9rj\u00fck, ne v\u00e1s\u00e1rolja meg, ha fizikai nyomtatott p\u00e9ld\u00e1nyt szeretne.<\/li>\n\n\n\n<li>A fizet\u00e9s ut\u00e1n azonnal let\u00f6ltheti az e-k\u00f6nyvet.<\/li>\n<\/ul>","protected":false},"excerpt":{"rendered":"<p>Elad\u00f3 egy e-k\u00f6nyv: 2025 CFA Schweser Question Bank Level 2 PDF.<\/p>","protected":false},"featured_media":11151,"comment_status":"closed","ping_status":"closed","template":"","meta":[],"product_brand":[],"product_cat":[266],"product_tag":[261,93,90,178,293,91,158,162,161,163],"class_list":{"0":"post-11150","1":"product","2":"type-product","3":"status-publish","4":"has-post-thumbnail","6":"product_cat-cfa-level-2","7":"product_tag-cfa-2025","8":"product_tag-cfa-books","9":"product_tag-cfa-exam","10":"product_tag-cfa-level-2","11":"product_tag-cfa-level-2-2025","12":"product_tag-cfa-prep","13":"product_tag-kaplan-schweser","14":"product_tag-qbank","15":"product_tag-question-bank","16":"product_tag-schweser-qbank","18":"first","19":"instock","20":"downloadable","21":"virtual","22":"sold-individually","23":"purchasable","24":"product-type-simple"},"_links":{"self":[{"href":"https:\/\/www.cfaebooks.com\/hu\/wp-json\/wp\/v2\/product\/11150","targetHints":{"allow":["GET"]}}],"collection":[{"href":"https:\/\/www.cfaebooks.com\/hu\/wp-json\/wp\/v2\/product"}],"about":[{"href":"https:\/\/www.cfaebooks.com\/hu\/wp-json\/wp\/v2\/types\/product"}],"replies":[{"embeddable":true,"href":"https:\/\/www.cfaebooks.com\/hu\/wp-json\/wp\/v2\/comments?post=11150"}],"wp:featuredmedia":[{"embeddable":true,"href":"https:\/\/www.cfaebooks.com\/hu\/wp-json\/wp\/v2\/media\/11151"}],"wp:attachment":[{"href":"https:\/\/www.cfaebooks.com\/hu\/wp-json\/wp\/v2\/media?parent=11150"}],"wp:term":[{"taxonomy":"product_brand","embeddable":true,"href":"https:\/\/www.cfaebooks.com\/hu\/wp-json\/wp\/v2\/product_brand?post=11150"},{"taxonomy":"product_cat","embeddable":true,"href":"https:\/\/www.cfaebooks.com\/hu\/wp-json\/wp\/v2\/product_cat?post=11150"},{"taxonomy":"product_tag","embeddable":true,"href":"https:\/\/www.cfaebooks.com\/hu\/wp-json\/wp\/v2\/product_tag?post=11150"}],"curies":[{"name":"wp","href":"https:\/\/api.w.org\/{rel}","templated":true}]}}