{"id":11071,"date":"2024-10-30T16:30:40","date_gmt":"2024-10-30T16:30:40","guid":{"rendered":"https:\/\/www.cfaebooks.com\/?post_type=product&#038;p=11071"},"modified":"2026-04-03T08:01:05","modified_gmt":"2026-04-03T08:01:05","slug":"2025-cfa-schweser-video-eloadasok-3-szint-munkafuzettel-privat-vagyon-utvonala","status":"publish","type":"product","link":"https:\/\/www.cfaebooks.com\/hu\/products\/2025-cfa-schweser-video-eloadasok-3-szint-munkafuzettel-privat-vagyon-utvonala\/","title":{"rendered":"2025 CFA Schweser Schweser Video Lectures Level 3 with Workbook Private Wealth Pathway (Mag\u00e1nvagyon \u00datvonal)"},"content":{"rendered":"<p>For sale is the 2025 CFA Schweser Video Lectures Level 3 Private Wealth Pathway with Workbook.<\/p>\n\n\n\n<p>A k\u00f6vetkez\u0151 t\u00e9m\u00e1kat tartalmazza: <\/p>\n\n\n\n<ul class=\"wp-block-list\">\n<li><em>Eszk\u00f6zeloszt\u00e1s<\/em><\/li>\n\n\n\n<li><em>Portf\u00f3li\u00f3 \u00e9p\u00edt\u00e9s<\/em><\/li>\n\n\n\n<li><em>Teljes\u00edtm\u00e9nym\u00e9r\u00e9s<\/em><\/li>\n\n\n\n<li><em>Sz\u00e1rmaz\u00e9kos \u00fcgyletek \u00e9s kock\u00e1zatkezel\u00e9s<\/em><\/li>\n\n\n\n<li><em>Etikai \u00e9s szakmai norm\u00e1k \u00e9s mag\u00e1nvagyon-\u00fatvonal<\/em>. <\/li>\n<\/ul>\n\n\n\n<p>A fizet\u00e9s ut\u00e1n azonnal let\u00f6ltheti a vide\u00f3t \u00e9s a munkaf\u00fczetet.<\/p>","protected":false},"excerpt":{"rendered":"<p>For sale is the 2025 CFA Schweser Video Lectures Level 3 Private Wealth Pathway with Workbook. Includes the following topics: After checkout you can download the video and workbook immediately.<\/p>","protected":false},"featured_media":11072,"comment_status":"closed","ping_status":"closed","template":"","meta":[],"product_brand":[],"product_cat":[265,269],"product_tag":[261,93,88,90,180,267,306,91,92,302,303,163,175,271,270],"class_list":{"0":"post-11071","1":"product","2":"type-product","3":"status-publish","4":"has-post-thumbnail","6":"product_cat-cfa-level-3","7":"product_cat-cfa-video-lectures","8":"product_tag-cfa-2025","9":"product_tag-cfa-books","10":"product_tag-cfa-ebooks","11":"product_tag-cfa-exam","12":"product_tag-cfa-level-3","13":"product_tag-cfa-level-3-2025","14":"product_tag-cfa-level-3-private-wealth-pathway","15":"product_tag-cfa-prep","16":"product_tag-cfa-test","17":"product_tag-cfa-video-lectures","18":"product_tag-cfa-video-lessons","19":"product_tag-schweser-qbank","20":"product_tag-video","21":"product_tag-video-lectures","22":"product_tag-video-lessons","24":"first","25":"instock","26":"downloadable","27":"virtual","28":"sold-individually","29":"purchasable","30":"product-type-simple"},"_links":{"self":[{"href":"https:\/\/www.cfaebooks.com\/hu\/wp-json\/wp\/v2\/product\/11071","targetHints":{"allow":["GET"]}}],"collection":[{"href":"https:\/\/www.cfaebooks.com\/hu\/wp-json\/wp\/v2\/product"}],"about":[{"href":"https:\/\/www.cfaebooks.com\/hu\/wp-json\/wp\/v2\/types\/product"}],"replies":[{"embeddable":true,"href":"https:\/\/www.cfaebooks.com\/hu\/wp-json\/wp\/v2\/comments?post=11071"}],"wp:featuredmedia":[{"embeddable":true,"href":"https:\/\/www.cfaebooks.com\/hu\/wp-json\/wp\/v2\/media\/11072"}],"wp:attachment":[{"href":"https:\/\/www.cfaebooks.com\/hu\/wp-json\/wp\/v2\/media?parent=11071"}],"wp:term":[{"taxonomy":"product_brand","embeddable":true,"href":"https:\/\/www.cfaebooks.com\/hu\/wp-json\/wp\/v2\/product_brand?post=11071"},{"taxonomy":"product_cat","embeddable":true,"href":"https:\/\/www.cfaebooks.com\/hu\/wp-json\/wp\/v2\/product_cat?post=11071"},{"taxonomy":"product_tag","embeddable":true,"href":"https:\/\/www.cfaebooks.com\/hu\/wp-json\/wp\/v2\/product_tag?post=11071"}],"curies":[{"name":"wp","href":"https:\/\/api.w.org\/{rel}","templated":true}]}}