{"id":11032,"date":"2024-10-30T13:51:44","date_gmt":"2024-10-30T13:51:44","guid":{"rendered":"https:\/\/www.cfaebooks.com\/?post_type=product&#038;p=11032"},"modified":"2026-04-03T08:00:53","modified_gmt":"2026-04-03T08:00:53","slug":"cma-mcqs-2-resz-gyujtemenyek","status":"publish","type":"product","link":"https:\/\/www.cfaebooks.com\/hu\/products\/cma-mcqs-2-resz-gyujtemenyek\/","title":{"rendered":"CMA MCQs 2. r\u00e9sz Gy\u0171jtem\u00e9nyek"},"content":{"rendered":"<p>For sale is an e-Book CMA MCQs Part 2 Collections PDF. <\/p>\n\n\n\n<ul class=\"wp-block-list\">\n<li>Ez nem egy fizikai k\u00f6nyv, hanem egy PDF form\u00e1tum\u00fa digit\u00e1lis m\u00e1solat. <\/li>\n\n\n\n<li>K\u00e9rj\u00fck, ne v\u00e1s\u00e1roljon, ha fizikai nyomtatott p\u00e9ld\u00e1nyt szeretne. A fizet\u00e9s ut\u00e1n azonnal let\u00f6ltheti az e-k\u00f6nyvet.<\/li>\n<\/ul>","protected":false},"excerpt":{"rendered":"<p>For sale is an e-Book CMA MCQs Part 2 Collections PDF.<\/p>","protected":false},"featured_media":11033,"comment_status":"closed","ping_status":"closed","template":"","meta":[],"product_brand":[],"product_cat":[281],"product_tag":[282,301,292,291,288,298,297,304,299,290,286,289,305],"class_list":{"0":"post-11032","1":"product","2":"type-product","3":"status-publish","4":"has-post-thumbnail","6":"product_cat-cma-part-2","7":"product_tag-cma","8":"product_tag-cma-2025","9":"product_tag-cma-books","10":"product_tag-cma-ebooks","11":"product_tag-cma-exam","12":"product_tag-cma-mcqs","13":"product_tag-cma-part-2","14":"product_tag-cma-part-2-2025","15":"product_tag-cma-part-2-mcqs","16":"product_tag-cma-prep","17":"product_tag-cma-review","18":"product_tag-cma-test","19":"product_tag-cma-textbook","21":"first","22":"instock","23":"downloadable","24":"virtual","25":"sold-individually","26":"purchasable","27":"product-type-simple"},"_links":{"self":[{"href":"https:\/\/www.cfaebooks.com\/hu\/wp-json\/wp\/v2\/product\/11032","targetHints":{"allow":["GET"]}}],"collection":[{"href":"https:\/\/www.cfaebooks.com\/hu\/wp-json\/wp\/v2\/product"}],"about":[{"href":"https:\/\/www.cfaebooks.com\/hu\/wp-json\/wp\/v2\/types\/product"}],"replies":[{"embeddable":true,"href":"https:\/\/www.cfaebooks.com\/hu\/wp-json\/wp\/v2\/comments?post=11032"}],"wp:featuredmedia":[{"embeddable":true,"href":"https:\/\/www.cfaebooks.com\/hu\/wp-json\/wp\/v2\/media\/11033"}],"wp:attachment":[{"href":"https:\/\/www.cfaebooks.com\/hu\/wp-json\/wp\/v2\/media?parent=11032"}],"wp:term":[{"taxonomy":"product_brand","embeddable":true,"href":"https:\/\/www.cfaebooks.com\/hu\/wp-json\/wp\/v2\/product_brand?post=11032"},{"taxonomy":"product_cat","embeddable":true,"href":"https:\/\/www.cfaebooks.com\/hu\/wp-json\/wp\/v2\/product_cat?post=11032"},{"taxonomy":"product_tag","embeddable":true,"href":"https:\/\/www.cfaebooks.com\/hu\/wp-json\/wp\/v2\/product_tag?post=11032"}],"curies":[{"name":"wp","href":"https:\/\/api.w.org\/{rel}","templated":true}]}}