{"id":10979,"date":"2024-10-27T08:08:21","date_gmt":"2024-10-27T08:08:21","guid":{"rendered":"https:\/\/www.cfaebooks.com\/?post_type=product&#038;p=10979"},"modified":"2026-04-03T08:00:50","modified_gmt":"2026-04-03T08:00:50","slug":"2025-cfa-szint-2-schweser-jegyzetek-quicksheet-2","status":"publish","type":"product","link":"https:\/\/www.cfaebooks.com\/hu\/products\/2025-cfa-szint-2-schweser-jegyzetek-quicksheet-2\/","title":{"rendered":"2025 CFA Level 2 Schweser Notes with Quicksheet (2025 CFA 2. szint\u0171 Schweser jegyzetek)"},"content":{"rendered":"<p>Elad\u00f3 egy e-k\u00f6nyv 2025 CFA Level 2 Schweser Notes with Quicksheet PDF.<\/p>\n\n\n\n<p>Tartalmazza az 5 k\u00f6nyvb\u0151l \u00e1ll\u00f3 k\u00e9szletet: <\/p>\n\n\n\n<ul class=\"wp-block-list\">\n<li><strong><em>1. k\u00f6nyv: Kvantitat\u00edv m\u00f3dszerek \u00e9s k\u00f6zgazdas\u00e1gtan<\/em><\/strong><\/li>\n\n\n\n<li><strong><em>2. k\u00f6nyv: A p\u00e9nz\u00fcgyi kimutat\u00e1sok elemz\u00e9se \u00e9s a v\u00e1llalati kibocs\u00e1t\u00f3k<\/em><\/strong><\/li>\n\n\n\n<li><strong><em>3. k\u00f6nyv: Saj\u00e1t t\u0151ke \u00e9rt\u00e9kel\u00e9se<\/em><\/strong><\/li>\n\n\n\n<li><strong><em>4. k\u00f6nyv: R\u00f6gz\u00edtett j\u00f6vedelem, sz\u00e1rmaztatott \u00fcgyletek \u00e9s alternat\u00edv befektet\u00e9sek<\/em><\/strong><\/li>\n\n\n\n<li><strong><em>5. k\u00f6nyv: Portf\u00f3li\u00f3kezel\u00e9s, etikai \u00e9s szakmai norm\u00e1k<\/em><\/strong>.<\/li>\n<\/ul>\n\n\n\n<p>Ez nem egy fizikai k\u00f6nyv, hanem egy PDF form\u00e1tum\u00fa digit\u00e1lis m\u00e1solat. K\u00e9rj\u00fck, ne v\u00e1s\u00e1rolja meg, ha fizikai nyomtatott p\u00e9ld\u00e1nyt szeretne. A fizet\u00e9s ut\u00e1n azonnal let\u00f6ltheti az e-k\u00f6nyvet.<\/p>","protected":false},"excerpt":{"rendered":"<p>For sale is an e-Book 2025 CFA Level 2 Schweser Notes with Quicksheet PDF. Includes Set of 5 books: This is not a physical book it is a&nbsp;PDF&nbsp;digital copy. Please do not purchase if you want a physical hard copy. After checkout you can download the e-Book immediately.<\/p>","protected":false},"featured_media":10980,"comment_status":"closed","ping_status":"closed","template":"","meta":[],"product_brand":[],"product_cat":[266],"product_tag":[261,93,88,90,178,293,91,92,158,179,168],"class_list":{"0":"post-10979","1":"product","2":"type-product","3":"status-publish","4":"has-post-thumbnail","6":"product_cat-cfa-level-2","7":"product_tag-cfa-2025","8":"product_tag-cfa-books","9":"product_tag-cfa-ebooks","10":"product_tag-cfa-exam","11":"product_tag-cfa-level-2","12":"product_tag-cfa-level-2-2025","13":"product_tag-cfa-prep","14":"product_tag-cfa-test","15":"product_tag-kaplan-schweser","16":"product_tag-schweser-notes","17":"product_tag-study-notes","19":"first","20":"instock","21":"downloadable","22":"virtual","23":"sold-individually","24":"purchasable","25":"product-type-simple"},"_links":{"self":[{"href":"https:\/\/www.cfaebooks.com\/hu\/wp-json\/wp\/v2\/product\/10979","targetHints":{"allow":["GET"]}}],"collection":[{"href":"https:\/\/www.cfaebooks.com\/hu\/wp-json\/wp\/v2\/product"}],"about":[{"href":"https:\/\/www.cfaebooks.com\/hu\/wp-json\/wp\/v2\/types\/product"}],"replies":[{"embeddable":true,"href":"https:\/\/www.cfaebooks.com\/hu\/wp-json\/wp\/v2\/comments?post=10979"}],"wp:featuredmedia":[{"embeddable":true,"href":"https:\/\/www.cfaebooks.com\/hu\/wp-json\/wp\/v2\/media\/10980"}],"wp:attachment":[{"href":"https:\/\/www.cfaebooks.com\/hu\/wp-json\/wp\/v2\/media?parent=10979"}],"wp:term":[{"taxonomy":"product_brand","embeddable":true,"href":"https:\/\/www.cfaebooks.com\/hu\/wp-json\/wp\/v2\/product_brand?post=10979"},{"taxonomy":"product_cat","embeddable":true,"href":"https:\/\/www.cfaebooks.com\/hu\/wp-json\/wp\/v2\/product_cat?post=10979"},{"taxonomy":"product_tag","embeddable":true,"href":"https:\/\/www.cfaebooks.com\/hu\/wp-json\/wp\/v2\/product_tag?post=10979"}],"curies":[{"name":"wp","href":"https:\/\/api.w.org\/{rel}","templated":true}]}}