{"id":10908,"date":"2024-10-25T00:23:51","date_gmt":"2024-10-25T00:23:51","guid":{"rendered":"https:\/\/www.cfaebooks.com\/?post_type=product&#038;p=10908"},"modified":"2026-04-03T08:00:34","modified_gmt":"2026-04-03T08:00:34","slug":"2024-gleim-cma-felulvizsgalat-2-resz-strategiai-penzugyi-iranyitas","status":"publish","type":"product","link":"https:\/\/www.cfaebooks.com\/hu\/products\/2024-gleim-cma-felulvizsgalat-2-resz-strategiai-penzugyi-iranyitas\/","title":{"rendered":"2024 Gleim CMA Review 2. r\u00e9sz Strat\u00e9giai p\u00e9nz\u00fcgyi menedzsment"},"content":{"rendered":"<p>Elad\u00f3 egy e-Book 2024 Gleim CMA Review Part 2 Strategic Financial Management PDF. <\/p>\n\n\n\n<ul class=\"wp-block-list\">\n<li>Ez nem egy fizikai k\u00f6nyv, hanem egy PDF form\u00e1tum\u00fa digit\u00e1lis m\u00e1solat.<\/li>\n\n\n\n<li>K\u00e9rj\u00fck, ne v\u00e1s\u00e1roljon, ha fizikai nyomtatott p\u00e9ld\u00e1nyt szeretne. A fizet\u00e9s ut\u00e1n azonnal let\u00f6ltheti az e-k\u00f6nyvet.<\/li>\n<\/ul>","protected":false},"excerpt":{"rendered":"<p>Elad\u00f3 egy e-Book 2024 Gleim CMA Review Part 2 Strategic Financial Management PDF.<\/p>","protected":false},"featured_media":10909,"comment_status":"closed","ping_status":"closed","template":"","meta":[],"product_brand":[],"product_cat":[359],"product_tag":[282,287,292,291,288,297,290,286,289,284],"class_list":{"0":"post-10908","1":"product","2":"type-product","3":"status-publish","4":"has-post-thumbnail","6":"product_cat-cma-part-2-2024","7":"product_tag-cma","8":"product_tag-cma-2024","9":"product_tag-cma-books","10":"product_tag-cma-ebooks","11":"product_tag-cma-exam","12":"product_tag-cma-part-2","13":"product_tag-cma-prep","14":"product_tag-cma-review","15":"product_tag-cma-test","16":"product_tag-gleim","18":"first","19":"instock","20":"downloadable","21":"virtual","22":"sold-individually","23":"purchasable","24":"product-type-simple"},"_links":{"self":[{"href":"https:\/\/www.cfaebooks.com\/hu\/wp-json\/wp\/v2\/product\/10908","targetHints":{"allow":["GET"]}}],"collection":[{"href":"https:\/\/www.cfaebooks.com\/hu\/wp-json\/wp\/v2\/product"}],"about":[{"href":"https:\/\/www.cfaebooks.com\/hu\/wp-json\/wp\/v2\/types\/product"}],"replies":[{"embeddable":true,"href":"https:\/\/www.cfaebooks.com\/hu\/wp-json\/wp\/v2\/comments?post=10908"}],"wp:featuredmedia":[{"embeddable":true,"href":"https:\/\/www.cfaebooks.com\/hu\/wp-json\/wp\/v2\/media\/10909"}],"wp:attachment":[{"href":"https:\/\/www.cfaebooks.com\/hu\/wp-json\/wp\/v2\/media?parent=10908"}],"wp:term":[{"taxonomy":"product_brand","embeddable":true,"href":"https:\/\/www.cfaebooks.com\/hu\/wp-json\/wp\/v2\/product_brand?post=10908"},{"taxonomy":"product_cat","embeddable":true,"href":"https:\/\/www.cfaebooks.com\/hu\/wp-json\/wp\/v2\/product_cat?post=10908"},{"taxonomy":"product_tag","embeddable":true,"href":"https:\/\/www.cfaebooks.com\/hu\/wp-json\/wp\/v2\/product_tag?post=10908"}],"curies":[{"name":"wp","href":"https:\/\/api.w.org\/{rel}","templated":true}]}}