{"id":10858,"date":"2024-10-24T00:52:35","date_gmt":"2024-10-24T00:52:35","guid":{"rendered":"https:\/\/www.cfaebooks.com\/?post_type=product&#038;p=10858"},"modified":"2026-04-03T08:00:05","modified_gmt":"2026-04-03T08:00:05","slug":"2024-gleim-cma-review-part-1-financial-planning-performance-and-analytics","status":"publish","type":"product","link":"https:\/\/www.cfaebooks.com\/hu\/products\/2024-gleim-cma-review-part-1-financial-planning-performance-and-analytics\/","title":{"rendered":"2024 Gleim CMA Review 1. r\u00e9sz P\u00e9nz\u00fcgyi tervez\u00e9s, teljes\u00edtm\u00e9ny \u00e9s analitika"},"content":{"rendered":"<p>Elad\u00f3 egy e-Book 2024 Gleim CMA Review 1. r\u00e9sz P\u00e9nz\u00fcgyi tervez\u00e9s, teljes\u00edtm\u00e9ny \u00e9s analitika PDF. <\/p>\n\n\n\n<ul class=\"wp-block-list\">\n<li>Ez nem egy fizikai k\u00f6nyv, hanem egy PDF form\u00e1tum\u00fa digit\u00e1lis m\u00e1solat. <\/li>\n\n\n\n<li>K\u00e9rj\u00fck, ne v\u00e1s\u00e1roljon, ha fizikai nyomtatott p\u00e9ld\u00e1nyt szeretne. <\/li>\n\n\n\n<li>A fizet\u00e9s ut\u00e1n azonnal let\u00f6ltheti az e-k\u00f6nyvet.<\/li>\n<\/ul>","protected":false},"excerpt":{"rendered":"<p>Elad\u00f3 egy e-Book 2024 Gleim CMA Review 1. r\u00e9sz P\u00e9nz\u00fcgyi tervez\u00e9s, teljes\u00edtm\u00e9ny \u00e9s analitika PDF.<\/p>","protected":false},"featured_media":10881,"comment_status":"closed","ping_status":"closed","template":"","meta":[],"product_brand":[],"product_cat":[358],"product_tag":[283,282,287,292,291,288,285,290,286,289,284],"class_list":{"0":"post-10858","1":"product","2":"type-product","3":"status-publish","4":"has-post-thumbnail","6":"product_cat-cma-part-1-2024","7":"product_tag-certified-management-accountant","8":"product_tag-cma","9":"product_tag-cma-2024","10":"product_tag-cma-books","11":"product_tag-cma-ebooks","12":"product_tag-cma-exam","13":"product_tag-cma-part-1","14":"product_tag-cma-prep","15":"product_tag-cma-review","16":"product_tag-cma-test","17":"product_tag-gleim","19":"first","20":"instock","21":"downloadable","22":"virtual","23":"sold-individually","24":"purchasable","25":"product-type-simple"},"_links":{"self":[{"href":"https:\/\/www.cfaebooks.com\/hu\/wp-json\/wp\/v2\/product\/10858","targetHints":{"allow":["GET"]}}],"collection":[{"href":"https:\/\/www.cfaebooks.com\/hu\/wp-json\/wp\/v2\/product"}],"about":[{"href":"https:\/\/www.cfaebooks.com\/hu\/wp-json\/wp\/v2\/types\/product"}],"replies":[{"embeddable":true,"href":"https:\/\/www.cfaebooks.com\/hu\/wp-json\/wp\/v2\/comments?post=10858"}],"wp:featuredmedia":[{"embeddable":true,"href":"https:\/\/www.cfaebooks.com\/hu\/wp-json\/wp\/v2\/media\/10881"}],"wp:attachment":[{"href":"https:\/\/www.cfaebooks.com\/hu\/wp-json\/wp\/v2\/media?parent=10858"}],"wp:term":[{"taxonomy":"product_brand","embeddable":true,"href":"https:\/\/www.cfaebooks.com\/hu\/wp-json\/wp\/v2\/product_brand?post=10858"},{"taxonomy":"product_cat","embeddable":true,"href":"https:\/\/www.cfaebooks.com\/hu\/wp-json\/wp\/v2\/product_cat?post=10858"},{"taxonomy":"product_tag","embeddable":true,"href":"https:\/\/www.cfaebooks.com\/hu\/wp-json\/wp\/v2\/product_tag?post=10858"}],"curies":[{"name":"wp","href":"https:\/\/api.w.org\/{rel}","templated":true}]}}