{"id":10445,"date":"2025-10-08T00:22:52","date_gmt":"2025-10-08T00:22:52","guid":{"rendered":"https:\/\/www.cfaebooks.com\/?post_type=product&#038;p=10445"},"modified":"2026-04-03T07:59:57","modified_gmt":"2026-04-03T07:59:57","slug":"cfa-level-3-bundle","status":"publish","type":"product","link":"https:\/\/www.cfaebooks.com\/hu\/products\/cfa-level-3-bundle\/","title":{"rendered":"2026 CFA Level 3 Bundle"},"content":{"rendered":"<p><strong>2026 CFA Level 3 Bundle<\/strong> offer lets you <strong>choose any 4 CFA study materials<\/strong> \u2014 including notes, question banks, mock exams and video lessons.<\/p>\n\n\n\n<p><strong>What\u2019s included:<\/strong><\/p>\n\n\n\n<ul class=\"wp-block-list\">\n<li>Choose <strong>any 4 study materials<\/strong> from <strong>CFA 3. szint<\/strong><\/li>\n\n\n\n<li>Instant download after checkout<\/li>\n\n\n\n<li>Comprehensive coverage of all <strong>CFA Level 3 topics<\/strong><\/li>\n\n\n\n<li>A sz\u00f6veg kereshet\u0151 a sz\u00e1m\u00edt\u00f3g\u00e9p billenty\u0171zet\u00e9nek \"ctrl+f\" keres\u00e9si funkci\u00f3j\u00e1val \u00e9s az okostelefonon\/tableten tal\u00e1lhat\u00f3 keres\u0151vel.<\/li>\n\n\n\n<li>Video lessons in MP4 format<\/li>\n<\/ul>\n\n\n\n<p><strong>Why choose this bundle:<\/strong><\/p>\n\n\n\n<ul class=\"wp-block-list\">\n<li>Customize your own learning set<\/li>\n\n\n\n<li>Save more compared to individual purchases<\/li>\n\n\n\n<li>Get the latest CFA Level 3 study materials<\/li>\n<\/ul>","protected":false},"excerpt":{"rendered":"<p>2026 CFA Level 3 Bundle offer lets you choose any 4 CFA study materials \u2014 including notes, question banks, mock exams and video lessons. What\u2019s included: Why choose this bundle:<\/p>","protected":false},"featured_media":17119,"comment_status":"closed","ping_status":"closed","template":"","meta":[],"product_brand":[],"product_cat":[273],"product_tag":[93,88,90,180,91,92],"class_list":{"0":"post-10445","1":"product","2":"type-product","3":"status-publish","4":"has-post-thumbnail","6":"product_cat-cfa-bundles","7":"product_tag-cfa-books","8":"product_tag-cfa-ebooks","9":"product_tag-cfa-exam","10":"product_tag-cfa-level-3","11":"product_tag-cfa-prep","12":"product_tag-cfa-test","14":"first","15":"instock","16":"downloadable","17":"virtual","18":"sold-individually","19":"purchasable","20":"product-type-bopobb"},"_links":{"self":[{"href":"https:\/\/www.cfaebooks.com\/hu\/wp-json\/wp\/v2\/product\/10445","targetHints":{"allow":["GET"]}}],"collection":[{"href":"https:\/\/www.cfaebooks.com\/hu\/wp-json\/wp\/v2\/product"}],"about":[{"href":"https:\/\/www.cfaebooks.com\/hu\/wp-json\/wp\/v2\/types\/product"}],"replies":[{"embeddable":true,"href":"https:\/\/www.cfaebooks.com\/hu\/wp-json\/wp\/v2\/comments?post=10445"}],"wp:featuredmedia":[{"embeddable":true,"href":"https:\/\/www.cfaebooks.com\/hu\/wp-json\/wp\/v2\/media\/17119"}],"wp:attachment":[{"href":"https:\/\/www.cfaebooks.com\/hu\/wp-json\/wp\/v2\/media?parent=10445"}],"wp:term":[{"taxonomy":"product_brand","embeddable":true,"href":"https:\/\/www.cfaebooks.com\/hu\/wp-json\/wp\/v2\/product_brand?post=10445"},{"taxonomy":"product_cat","embeddable":true,"href":"https:\/\/www.cfaebooks.com\/hu\/wp-json\/wp\/v2\/product_cat?post=10445"},{"taxonomy":"product_tag","embeddable":true,"href":"https:\/\/www.cfaebooks.com\/hu\/wp-json\/wp\/v2\/product_tag?post=10445"}],"curies":[{"name":"wp","href":"https:\/\/api.w.org\/{rel}","templated":true}]}}