{"id":10409,"date":"2024-09-12T06:08:14","date_gmt":"2024-09-12T06:08:14","guid":{"rendered":"https:\/\/www.cfaebooks.com\/?post_type=product&#038;p=10409"},"modified":"2026-04-03T07:59:50","modified_gmt":"2026-04-03T07:59:50","slug":"2025-cfa-program-tanterv-iii-szintu-maganpiaci-tananyag-dobozkeszlet","status":"publish","type":"product","link":"https:\/\/www.cfaebooks.com\/hu\/products\/2025-cfa-program-tanterv-iii-szintu-maganpiaci-tananyag-dobozkeszlet\/","title":{"rendered":"2025 CFA Program Curriculum Level III Private Markets Pathway Box Set (dobozos \u00f6ssze\u00e1ll\u00edt\u00e1s)"},"content":{"rendered":"<p>Elad\u00f3 egy e-k\u00f6nyv 2025 CFA Program Curriculum Level III Private Markets Pathway Box Set PDF. <\/p>\n\n\n\n<p>A k\u00f6vetkez\u0151 t\u00e9m\u00e1kat tartalmazza: <\/p>\n\n\n\n<ul class=\"wp-block-list\">\n<li><em>A mag\u00e1npiacok \u00fatvonala<\/em><\/li>\n\n\n\n<li><em>1. k\u00f6tet: Eszk\u00f6zeloszt\u00e1s<\/em><\/li>\n\n\n\n<li><em>2. k\u00f6tet: Portf\u00f3li\u00f3\u00e9p\u00edt\u00e9s<\/em><\/li>\n\n\n\n<li><em>3. k\u00f6tet: Teljes\u00edtm\u00e9nym\u00e9r\u00e9s<\/em><\/li>\n\n\n\n<li><em>4. k\u00f6tet: Sz\u00e1rmaz\u00e9kos \u00fcgyletek \u00e9s kock\u00e1zatkezel\u00e9s<\/em><\/li>\n\n\n\n<li><em>5. k\u00f6tet: Etikai \u00e9s szakmai norm\u00e1k<\/em>.<\/li>\n<\/ul>\n\n\n\n<p>A fizet\u00e9s ut\u00e1n azonnal let\u00f6ltheti az e-k\u00f6nyvet. Ez nem egy fizikai k\u00f6nyv, hanem egy PDF digit\u00e1lis p\u00e9ld\u00e1ny. K\u00e9rj\u00fck, ne v\u00e1s\u00e1rolja meg, ha fizikai nyomtatott p\u00e9ld\u00e1nyt szeretne.<\/p>","protected":false},"excerpt":{"rendered":"<p>For sale is an e-Book 2025 CFA Program Curriculum Level III Private Markets Pathway Box Set PDF. Includes the following topics: After checkout you can download the e-Book immediately. This is not a physical book it is a\u00a0PDF\u00a0digital copy. Please do not purchase if you want a physical hard copy.<\/p>","protected":false},"featured_media":10411,"comment_status":"closed","ping_status":"closed","template":"","meta":[],"product_brand":[],"product_cat":[265],"product_tag":[261,93,88,90,174,180,267,307,91,89,92,168],"class_list":{"0":"post-10409","1":"product","2":"type-product","3":"status-publish","4":"has-post-thumbnail","6":"product_cat-cfa-level-3","7":"product_tag-cfa-2025","8":"product_tag-cfa-books","9":"product_tag-cfa-ebooks","10":"product_tag-cfa-exam","11":"product_tag-cfa-institute","12":"product_tag-cfa-level-3","13":"product_tag-cfa-level-3-2025","14":"product_tag-cfa-level-3-private-markets-pathway","15":"product_tag-cfa-prep","16":"product_tag-cfa-program-curriculum","17":"product_tag-cfa-test","18":"product_tag-study-notes","20":"first","21":"instock","22":"downloadable","23":"virtual","24":"sold-individually","25":"purchasable","26":"product-type-simple"},"_links":{"self":[{"href":"https:\/\/www.cfaebooks.com\/hu\/wp-json\/wp\/v2\/product\/10409","targetHints":{"allow":["GET"]}}],"collection":[{"href":"https:\/\/www.cfaebooks.com\/hu\/wp-json\/wp\/v2\/product"}],"about":[{"href":"https:\/\/www.cfaebooks.com\/hu\/wp-json\/wp\/v2\/types\/product"}],"replies":[{"embeddable":true,"href":"https:\/\/www.cfaebooks.com\/hu\/wp-json\/wp\/v2\/comments?post=10409"}],"wp:featuredmedia":[{"embeddable":true,"href":"https:\/\/www.cfaebooks.com\/hu\/wp-json\/wp\/v2\/media\/10411"}],"wp:attachment":[{"href":"https:\/\/www.cfaebooks.com\/hu\/wp-json\/wp\/v2\/media?parent=10409"}],"wp:term":[{"taxonomy":"product_brand","embeddable":true,"href":"https:\/\/www.cfaebooks.com\/hu\/wp-json\/wp\/v2\/product_brand?post=10409"},{"taxonomy":"product_cat","embeddable":true,"href":"https:\/\/www.cfaebooks.com\/hu\/wp-json\/wp\/v2\/product_cat?post=10409"},{"taxonomy":"product_tag","embeddable":true,"href":"https:\/\/www.cfaebooks.com\/hu\/wp-json\/wp\/v2\/product_tag?post=10409"}],"curies":[{"name":"wp","href":"https:\/\/api.w.org\/{rel}","templated":true}]}}