{"id":10372,"date":"2024-09-09T15:11:24","date_gmt":"2024-09-09T15:11:24","guid":{"rendered":"https:\/\/www.cfaebooks.com\/?post_type=product&#038;p=10372"},"modified":"2026-04-03T07:59:40","modified_gmt":"2026-04-03T07:59:40","slug":"2025-cfa-level-1-analystprep-video-es-jegyzetek","status":"publish","type":"product","link":"https:\/\/www.cfaebooks.com\/hu\/products\/2025-cfa-level-1-analystprep-video-es-jegyzetek\/","title":{"rendered":"2025 CFA Level 1 AnalystPrep vide\u00f3 \u00e9s jegyzetek"},"content":{"rendered":"<p>For sale is the CFA 2025 AnalystPrep Video and Notes Level 1.<\/p>\n\n\n\n<p>A k\u00f6vetkez\u0151 t\u00e9m\u00e1kat tartalmazza:&nbsp;<\/p>\n\n\n\n<ul class=\"wp-block-list\">\n<li><strong>Kvantitat\u00edv m\u00f3dszerek<\/strong><\/li>\n\n\n\n<li><strong>K\u00f6zgazdas\u00e1gtan<\/strong><\/li>\n\n\n\n<li><strong>V\u00e1llalati kibocs\u00e1t\u00f3k<\/strong><\/li>\n\n\n\n<li><strong>P\u00e9nz\u00fcgyi kimutat\u00e1sok elemz\u00e9se<\/strong><\/li>\n\n\n\n<li><strong>Saj\u00e1t t\u0151ke<\/strong><\/li>\n\n\n\n<li><strong>R\u00f6gz\u00edtett j\u00f6vedelem<\/strong><\/li>\n\n\n\n<li><strong>Sz\u00e1rmaz\u00e9kok<\/strong><\/li>\n\n\n\n<li><strong>Alternat\u00edv befektet\u00e9sek<\/strong><\/li>\n\n\n\n<li><strong>Portf\u00f3li\u00f3kezel\u00e9s \u00e9s etika<\/strong>. <\/li>\n<\/ul>\n\n\n\n<p>A fizet\u00e9s ut\u00e1n azonnal let\u00f6ltheti a vide\u00f3t.<\/p>","protected":false},"excerpt":{"rendered":"<p>For sale is the CFA 2025 AnalystPrep Video and Notes Level 1. Includes the following topics:&nbsp; After checkout you can download the video immediately.<\/p>","protected":false},"featured_media":10374,"comment_status":"closed","ping_status":"closed","template":"","meta":[],"product_brand":[],"product_cat":[260,269],"product_tag":[203,261,93,88,90,268,87,91,92,271,270],"class_list":{"0":"post-10372","1":"product","2":"type-product","3":"status-publish","4":"has-post-thumbnail","6":"product_cat-cfa-level-1","7":"product_cat-cfa-video-lectures","8":"product_tag-analystprep","9":"product_tag-cfa-2025","10":"product_tag-cfa-books","11":"product_tag-cfa-ebooks","12":"product_tag-cfa-exam","13":"product_tag-cfa-level-1-2025","14":"product_tag-cfa-level-i","15":"product_tag-cfa-prep","16":"product_tag-cfa-test","17":"product_tag-video-lectures","18":"product_tag-video-lessons","20":"first","21":"instock","22":"downloadable","23":"virtual","24":"sold-individually","25":"purchasable","26":"product-type-simple"},"_links":{"self":[{"href":"https:\/\/www.cfaebooks.com\/hu\/wp-json\/wp\/v2\/product\/10372","targetHints":{"allow":["GET"]}}],"collection":[{"href":"https:\/\/www.cfaebooks.com\/hu\/wp-json\/wp\/v2\/product"}],"about":[{"href":"https:\/\/www.cfaebooks.com\/hu\/wp-json\/wp\/v2\/types\/product"}],"replies":[{"embeddable":true,"href":"https:\/\/www.cfaebooks.com\/hu\/wp-json\/wp\/v2\/comments?post=10372"}],"wp:featuredmedia":[{"embeddable":true,"href":"https:\/\/www.cfaebooks.com\/hu\/wp-json\/wp\/v2\/media\/10374"}],"wp:attachment":[{"href":"https:\/\/www.cfaebooks.com\/hu\/wp-json\/wp\/v2\/media?parent=10372"}],"wp:term":[{"taxonomy":"product_brand","embeddable":true,"href":"https:\/\/www.cfaebooks.com\/hu\/wp-json\/wp\/v2\/product_brand?post=10372"},{"taxonomy":"product_cat","embeddable":true,"href":"https:\/\/www.cfaebooks.com\/hu\/wp-json\/wp\/v2\/product_cat?post=10372"},{"taxonomy":"product_tag","embeddable":true,"href":"https:\/\/www.cfaebooks.com\/hu\/wp-json\/wp\/v2\/product_tag?post=10372"}],"curies":[{"name":"wp","href":"https:\/\/api.w.org\/{rel}","templated":true}]}}