{"id":10312,"date":"2024-09-07T00:51:42","date_gmt":"2024-09-07T00:51:42","guid":{"rendered":"https:\/\/www.cfaebooks.com\/?post_type=product&#038;p=10312"},"modified":"2026-04-03T07:59:26","modified_gmt":"2026-04-03T07:59:26","slug":"2024-cfa-mark-meldrum-tanulmanyi-jegyzetek-2-szint","status":"publish","type":"product","link":"https:\/\/www.cfaebooks.com\/hu\/products\/2024-cfa-mark-meldrum-tanulmanyi-jegyzetek-2-szint\/","title":{"rendered":"2024 CFA Mark Meldrum Tanulm\u00e1nyi jegyzetek 2. szint"},"content":{"rendered":"<p>Elad\u00f3 egy e-k\u00f6nyv 2024 CFA Mark Meldrum Mark Meldrum Study Notes Level 2 PDF. <\/p>\n\n\n\n<p>A k\u00f6vetkez\u0151 t\u00e9m\u00e1kat tartalmazza: <\/p>\n\n\n\n<ul class=\"wp-block-list\">\n<li><em>Alternat\u00edv befektet\u00e9sek<\/em><\/li>\n\n\n\n<li><em>V\u00e1llalati kibocs\u00e1t\u00f3k<\/em><\/li>\n\n\n\n<li><em>Sz\u00e1rmaz\u00e9kos, gazdas\u00e1gi<\/em><\/li>\n\n\n\n<li><em>M\u00e9lt\u00e1nyoss\u00e1g, etikai \u00e9s szakmai norm\u00e1k<\/em><\/li>\n\n\n\n<li><em>P\u00e9nz\u00fcgyi kimutat\u00e1sok elemz\u00e9se<\/em><\/li>\n\n\n\n<li><em>R\u00f6gz\u00edtett j\u00f6vedelem<\/em><\/li>\n\n\n\n<li><em>Portf\u00f3li\u00f3kezel\u00e9s \u00e9s kvantitat\u00edv m\u00f3dszerek<\/em>.<\/li>\n<\/ul>\n\n\n\n<p>Ez nem egy fizikai k\u00f6nyv, hanem egy PDF form\u00e1tum\u00fa digit\u00e1lis m\u00e1solat. K\u00e9rj\u00fck, ne v\u00e1s\u00e1rolja meg, ha fizikai nyomtatott p\u00e9ld\u00e1nyt szeretne. A fizet\u00e9s ut\u00e1n azonnal let\u00f6ltheti az e-k\u00f6nyvet.<\/p>","protected":false},"excerpt":{"rendered":"<p>For sale is an e-Book 2024 CFA Mark Meldrum Study Notes Level 2 PDF. Includes the following topics: This is not a physical book it is a&nbsp;PDF&nbsp;digital copy. Please do not purchase if you want a physical hard copy. After checkout you can download the e-Book immediately.<\/p>","protected":false},"featured_media":10313,"comment_status":"closed","ping_status":"closed","template":"","meta":[],"product_brand":[],"product_cat":[266],"product_tag":[86,93,88,90,178,91,92,165,168],"class_list":{"0":"post-10312","1":"product","2":"type-product","3":"status-publish","4":"has-post-thumbnail","6":"product_cat-cfa-level-2","7":"product_tag-cfa-2024","8":"product_tag-cfa-books","9":"product_tag-cfa-ebooks","10":"product_tag-cfa-exam","11":"product_tag-cfa-level-2","12":"product_tag-cfa-prep","13":"product_tag-cfa-test","14":"product_tag-mark-meldrum","15":"product_tag-study-notes","17":"first","18":"instock","19":"downloadable","20":"virtual","21":"sold-individually","22":"purchasable","23":"product-type-simple"},"_links":{"self":[{"href":"https:\/\/www.cfaebooks.com\/hu\/wp-json\/wp\/v2\/product\/10312","targetHints":{"allow":["GET"]}}],"collection":[{"href":"https:\/\/www.cfaebooks.com\/hu\/wp-json\/wp\/v2\/product"}],"about":[{"href":"https:\/\/www.cfaebooks.com\/hu\/wp-json\/wp\/v2\/types\/product"}],"replies":[{"embeddable":true,"href":"https:\/\/www.cfaebooks.com\/hu\/wp-json\/wp\/v2\/comments?post=10312"}],"wp:featuredmedia":[{"embeddable":true,"href":"https:\/\/www.cfaebooks.com\/hu\/wp-json\/wp\/v2\/media\/10313"}],"wp:attachment":[{"href":"https:\/\/www.cfaebooks.com\/hu\/wp-json\/wp\/v2\/media?parent=10312"}],"wp:term":[{"taxonomy":"product_brand","embeddable":true,"href":"https:\/\/www.cfaebooks.com\/hu\/wp-json\/wp\/v2\/product_brand?post=10312"},{"taxonomy":"product_cat","embeddable":true,"href":"https:\/\/www.cfaebooks.com\/hu\/wp-json\/wp\/v2\/product_cat?post=10312"},{"taxonomy":"product_tag","embeddable":true,"href":"https:\/\/www.cfaebooks.com\/hu\/wp-json\/wp\/v2\/product_tag?post=10312"}],"curies":[{"name":"wp","href":"https:\/\/api.w.org\/{rel}","templated":true}]}}