{"id":10234,"date":"2024-09-02T13:55:26","date_gmt":"2024-09-02T13:55:26","guid":{"rendered":"https:\/\/www.cfaebooks.com\/?post_type=product&#038;p=10234"},"modified":"2026-04-03T07:59:17","modified_gmt":"2026-04-03T07:59:17","slug":"cfa-2-szint-2025-ift-tanulmanyi-jegyzetek","status":"publish","type":"product","link":"https:\/\/www.cfaebooks.com\/hu\/products\/cfa-2-szint-2025-ift-tanulmanyi-jegyzetek\/","title":{"rendered":"CFA Level 2 2025 IFT tanulm\u00e1nyi jegyzetek"},"content":{"rendered":"<p>For sale is an e-Book 2025 CFA Level 2 IFT Study Notes PDF.<\/p>\n\n\n\n<p>A k\u00f6vetkez\u0151 t\u00e9m\u00e1kat tartalmazza: <\/p>\n\n\n\n<ul class=\"wp-block-list\">\n<li><em>Kvantitat\u00edv m\u00f3dszerek<\/em><\/li>\n\n\n\n<li><em>K\u00f6zgazdas\u00e1gtan<\/em><\/li>\n\n\n\n<li><em>P\u00e9nz\u00fcgyi kimutat\u00e1sok elemz\u00e9se<\/em><\/li>\n\n\n\n<li><em>V\u00e1llalati kibocs\u00e1t\u00f3k<\/em><\/li>\n\n\n\n<li><em>Saj\u00e1t t\u0151ke<\/em><\/li>\n\n\n\n<li><em>R\u00f6gz\u00edtett j\u00f6vedelem<\/em><\/li>\n\n\n\n<li><em>Sz\u00e1rmaz\u00e9kok<\/em><\/li>\n\n\n\n<li><em>Alternat\u00edv befektet\u00e9sek<\/em><\/li>\n\n\n\n<li><em>Portf\u00f3li\u00f3kezel\u00e9s<\/em><\/li>\n\n\n\n<li><em>Etikai \u00e9s szakmai norm\u00e1k<\/em>.<\/li>\n<\/ul>\n\n\n\n<p>A fizet\u00e9s ut\u00e1n azonnal let\u00f6ltheti az e-k\u00f6nyvet. Ez nem egy fizikai k\u00f6nyv, hanem egy PDF digit\u00e1lis p\u00e9ld\u00e1ny. K\u00e9rj\u00fck, ne v\u00e1s\u00e1rolja meg, ha fizikai nyomtatott p\u00e9ld\u00e1nyt szeretne.<\/p>","protected":false},"excerpt":{"rendered":"<p>For sale is an e-Book 2025 CFA Level 2 IFT Study Notes PDF. Includes the following topics: After checkout you can download the e-Book immediately. This is not a physical book it is a&nbsp;PDF&nbsp;digital copy. Please do not purchase if you want a physical hard copy.<\/p>","protected":false},"featured_media":10235,"comment_status":"closed","ping_status":"closed","template":"","meta":[],"product_brand":[],"product_cat":[266],"product_tag":[261,93,88,90,178,91,92,167,168],"class_list":{"0":"post-10234","1":"product","2":"type-product","3":"status-publish","4":"has-post-thumbnail","6":"product_cat-cfa-level-2","7":"product_tag-cfa-2025","8":"product_tag-cfa-books","9":"product_tag-cfa-ebooks","10":"product_tag-cfa-exam","11":"product_tag-cfa-level-2","12":"product_tag-cfa-prep","13":"product_tag-cfa-test","14":"product_tag-ift","15":"product_tag-study-notes","17":"first","18":"instock","19":"downloadable","20":"virtual","21":"sold-individually","22":"purchasable","23":"product-type-simple"},"_links":{"self":[{"href":"https:\/\/www.cfaebooks.com\/hu\/wp-json\/wp\/v2\/product\/10234","targetHints":{"allow":["GET"]}}],"collection":[{"href":"https:\/\/www.cfaebooks.com\/hu\/wp-json\/wp\/v2\/product"}],"about":[{"href":"https:\/\/www.cfaebooks.com\/hu\/wp-json\/wp\/v2\/types\/product"}],"replies":[{"embeddable":true,"href":"https:\/\/www.cfaebooks.com\/hu\/wp-json\/wp\/v2\/comments?post=10234"}],"wp:featuredmedia":[{"embeddable":true,"href":"https:\/\/www.cfaebooks.com\/hu\/wp-json\/wp\/v2\/media\/10235"}],"wp:attachment":[{"href":"https:\/\/www.cfaebooks.com\/hu\/wp-json\/wp\/v2\/media?parent=10234"}],"wp:term":[{"taxonomy":"product_brand","embeddable":true,"href":"https:\/\/www.cfaebooks.com\/hu\/wp-json\/wp\/v2\/product_brand?post=10234"},{"taxonomy":"product_cat","embeddable":true,"href":"https:\/\/www.cfaebooks.com\/hu\/wp-json\/wp\/v2\/product_cat?post=10234"},{"taxonomy":"product_tag","embeddable":true,"href":"https:\/\/www.cfaebooks.com\/hu\/wp-json\/wp\/v2\/product_tag?post=10234"}],"curies":[{"name":"wp","href":"https:\/\/api.w.org\/{rel}","templated":true}]}}