{"id":8795,"date":"2024-03-22T13:16:51","date_gmt":"2024-03-22T13:16:51","guid":{"rendered":"https:\/\/www.cfaebooks.com\/?page_id=8795"},"modified":"2024-03-22T14:19:25","modified_gmt":"2024-03-22T14:19:25","slug":"terms-of-use","status":"publish","type":"page","link":"https:\/\/www.cfaebooks.com\/hu\/terms-of-use\/","title":{"rendered":"Felhaszn\u00e1l\u00e1si felt\u00e9telek"},"content":{"rendered":"<p>A CFAeBooks vil\u00e1gszerte minden szem\u00e9ly sz\u00e1m\u00e1ra el\u00e9rhet\u0151, korra, nemre, fajra, nemzetis\u00e9gre vagy vall\u00e1sra val\u00f3 tekintet n\u00e9lk\u00fcl.<\/p>\n\n\n\n<h3 class=\"wp-block-heading\">Szerz\u0151i jogi nyilatkozat<\/h3>\n\n\n\n<p>A szerz\u0151i jogi t\u00f6rv\u00e9ny 107. szakasza Tisztess\u00e9ges felhaszn\u00e1l\u00e1s Tartalom. Oktat\u00e1si c\u00e9l \u00e9s tan\u00edt\u00e1si sz\u00e1nd\u00e9k. Nem kereskedelmi c\u00e9llal.<\/p>\n\n\n\n<h3 class=\"wp-block-heading\">K\u00fcls\u0151 linkek Jogi nyilatkozat<\/h3>\n\n\n\n<p>A Webhely tartalmazhat (vagy a Webhelyen kereszt\u00fcl \u00d6nt elk\u00fcldhetik) harmadik felekhez tartoz\u00f3 vagy t\u0151l\u00fck sz\u00e1rmaz\u00f3 m\u00e1s weboldalakra vagy tartalmakra mutat\u00f3 linkeket, illetve bannerekben vagy egy\u00e9b hirdet\u00e9sekben tal\u00e1lhat\u00f3 weboldalakra \u00e9s funkci\u00f3kra mutat\u00f3 linkeket. Az ilyen k\u00fcls\u0151 tint\u00e1kat nem vizsg\u00e1ljuk, nem fel\u00fcgyelj\u00fck, \u00e9s nem ellen\u0151rizz\u00fck pontoss\u00e1g, megfelel\u0151s\u00e9g. \u00e9rv\u00e9nyess\u00e9g, megb\u00edzhat\u00f3s\u00e1g, el\u00e9rhet\u0151s\u00e9g vagy teljess\u00e9g szempontj\u00e1b\u00f3l. NEM SZAVATOLJUK, NEM T\u00c1MOGATJUK, NEM GARANT\u00c1LJUK, \u00c9S NEM V\u00c1LLALUNK FELEL\u0150SS\u00c9GET A WEBHELYEN KERESZT\u00dcL LINKELT HARMADIK F\u00c9L WEBHELYEI \u00c1LTAL K\u00cdN\u00c1LT INFORM\u00c1CI\u00d3K PONTOSS\u00c1G\u00c1\u00c9RT VAGY MEGB\u00cdZHAT\u00d3S\u00c1G\u00c1\u00c9RT, ILLETVE A BANNEREKBEN VAGY EGY\u00c9B HIRDET\u00c9SEKBEN LINKELT WEBHELYEK VAGY FUNKCI\u00d3K PONTOSS\u00c1G\u00c1\u00c9RT VAGY MEGB\u00cdZHAT\u00d3S\u00c1G\u00c1\u00c9RT. NEM LESZ\u00dcNK R\u00c9SZESEI, \u00c9S SEMMILYEN M\u00d3DON NEM VAGYUNK FELEL\u0150SEK AZ \u00d6N \u00c9S HARMADIK F\u00c9LT\u0150L SZ\u00c1RMAZ\u00d3 TERM\u00c9K- VAGY SZOLG\u00c1LTAT\u00c1SSZOLG\u00c1LTAT\u00d3K K\u00d6Z\u00d6TTI TRANZAKCI\u00d3K ELLEN\u0150RZ\u00c9S\u00c9\u00c9RT.<\/p>\n\n\n\n<h3 class=\"wp-block-heading\">V\u00e9djegyek, log\u00f3k \u00e9s m\u00e1rkanevek Jogi nyilatkozat<\/h3>\n\n\n\n<p>Minden v\u00e9djegy, log\u00f3 \u00e9s m\u00e1rkan\u00e9v a megfelel\u0151 tulajdonosok vagy azok le\u00e1nyv\u00e1llalatainak tulajdon\u00e1t k\u00e9pezi.<\/p>\n\n\n\n<h3 class=\"wp-block-heading\">DMCA nyilatkozat<\/h3>\n\n\n\n<p>A weboldalunkon NEM tal\u00e1lhat\u00f3 semmilyen szerz\u0151i jogv\u00e9delem alatt \u00e1ll\u00f3 tartalom, ez az interneten m\u00e1r megtal\u00e1lhat\u00f3 linkek katal\u00f3gusa. N\u00e9zze meg a\u00a0<a href=\"\/hu\/dmca\/\">DMCA szab\u00e1lyzat<\/a>. Ha \u00fagy \u00e9rzi, hogy szerz\u0151i jogait megs\u00e9rtett\u00e9k, k\u00e9rj\u00fck, azonnal l\u00e9pjen kapcsolatba vel\u00fcnk, az \u00e9rintett tartalmakat 24 \u00f3r\u00e1n bel\u00fcl v\u00e9glegesen elt\u00e1vol\u00edtjuk.\u00a0<a href=\"\/hu\/kapcsolatfelvetel\/\">Kapcsolatfelv\u00e9tel<\/a>.<\/p>\n\n\n\n<h2 class=\"wp-block-heading\">Adatv\u00e9delmi \u00e9s cookie-szab\u00e1lyzat<\/h2>\n\n\n\n<p>A CFAeBooks teljes m\u00e9rt\u00e9kben t\u00e1mogatja \u00e9s betartja a 2018-as \u00e1ltal\u00e1nos adatv\u00e9delmi rendeletben (GDPR) meghat\u00e1rozott adatv\u00e9delmi elveket. A CFAeBooks elk\u00f6telezett a felhaszn\u00e1l\u00f3k adatainak v\u00e9delme mellett. Tudom\u00e1sul vessz\u00fck, hogy a weboldal l\u00e1togat\u00f3i \u00e9s felhaszn\u00e1l\u00f3i agg\u00f3dnak a nek\u00fcnk megadott inform\u00e1ci\u00f3k bizalmas kezel\u00e9se \u00e9s biztons\u00e1ga miatt.<\/p>\n\n\n\n<p>K\u00e9rj\u00fck, tekintse meg&nbsp;<a href=\"\/hu\/privacy-policy\/\">Adatv\u00e9delmi szab\u00e1lyzat itt<\/a><\/p>\n\n\n\n<p>K\u00e9rj\u00fck, tekintse meg&nbsp;<a href=\"\/hu\/privacy-policy\/#cookies\">Cookie szab\u00e1lyzat itt<\/a><\/p>\n\n\n\n<p>Ha b\u00e1rmilyen k\u00e9rd\u00e9se van ezzel a dokumentummal vagy a felhaszn\u00e1l\u00e1si felt\u00e9teleinkkel kapcsolatban, k\u00e9rj\u00fck, forduljon a k\u00f6vetkez\u0151kh\u00f6z&nbsp;<a href=\"\/hu\/kapcsolatfelvetel\/\">kapcsolatfelv\u00e9tel<\/a>.<\/p>","protected":false},"excerpt":{"rendered":"<p>CFAeBooks&nbsp;are made available worldwide to all persons, regardless of age, gender, race, nationality, or religion. Copyright Disclaimer Section 107 of the Copyright Act Fair Use Contents. Purpose of Education &amp; Teaching Intention. Not for commercial purpose. External Links Disclaimer The Site may contain (or you may be sent through the Site) links to other websites [&hellip;]<\/p>\n","protected":false},"author":1,"featured_media":0,"parent":0,"menu_order":0,"comment_status":"closed","ping_status":"closed","template":"template-fullwidth.php","meta":{"footnotes":""},"class_list":["post-8795","page","type-page","status-publish","hentry"],"_links":{"self":[{"href":"https:\/\/www.cfaebooks.com\/hu\/wp-json\/wp\/v2\/pages\/8795","targetHints":{"allow":["GET"]}}],"collection":[{"href":"https:\/\/www.cfaebooks.com\/hu\/wp-json\/wp\/v2\/pages"}],"about":[{"href":"https:\/\/www.cfaebooks.com\/hu\/wp-json\/wp\/v2\/types\/page"}],"author":[{"embeddable":true,"href":"https:\/\/www.cfaebooks.com\/hu\/wp-json\/wp\/v2\/users\/1"}],"replies":[{"embeddable":true,"href":"https:\/\/www.cfaebooks.com\/hu\/wp-json\/wp\/v2\/comments?post=8795"}],"version-history":[{"count":0,"href":"https:\/\/www.cfaebooks.com\/hu\/wp-json\/wp\/v2\/pages\/8795\/revisions"}],"wp:attachment":[{"href":"https:\/\/www.cfaebooks.com\/hu\/wp-json\/wp\/v2\/media?parent=8795"}],"curies":[{"name":"wp","href":"https:\/\/api.w.org\/{rel}","templated":true}]}}