{"id":8770,"date":"2024-03-22T06:54:56","date_gmt":"2024-03-22T06:54:56","guid":{"rendered":"https:\/\/www.cfaebooks.com\/?page_id=8770"},"modified":"2026-03-14T02:35:20","modified_gmt":"2026-03-14T02:35:20","slug":"payment-and-refund-policy","status":"publish","type":"page","link":"https:\/\/www.cfaebooks.com\/hu\/payment-and-refund-policy\/","title":{"rendered":"Fizet\u00e9si \u00e9s visszat\u00e9r\u00edt\u00e9si politika"},"content":{"rendered":"<h3 class=\"wp-block-heading\">Fizet\u00e9si politika<\/h3>\n\n\n\n<p>We accept payment via PayPal and Debit \/ Credit Card.<\/p>\n\n\n\n<figure class=\"wp-block-image size-medium\"><img decoding=\"async\" width=\"300\" height=\"28\" src=\"https:\/\/www.cfaebooks.com\/wp-content\/uploads\/2026\/02\/payment-card-300x28.png\" alt=\"payment card\" class=\"wp-image-16252\" srcset=\"https:\/\/www.cfaebooks.com\/wp-content\/uploads\/2026\/02\/payment-card-300x28.png 300w, https:\/\/www.cfaebooks.com\/wp-content\/uploads\/2026\/02\/payment-card-768x71.png 768w, https:\/\/www.cfaebooks.com\/wp-content\/uploads\/2026\/02\/payment-card-18x2.png 18w, https:\/\/www.cfaebooks.com\/wp-content\/uploads\/2026\/02\/payment-card-441x41.png 441w, https:\/\/www.cfaebooks.com\/wp-content\/uploads\/2026\/02\/payment-card-150x14.png 150w, https:\/\/www.cfaebooks.com\/wp-content\/uploads\/2026\/02\/payment-card-64x6.png 64w, https:\/\/www.cfaebooks.com\/wp-content\/uploads\/2026\/02\/payment-card.png 774w\" sizes=\"(max-width: 300px) 100vw, 300px\" \/><\/figure>\n\n\n\n<h3 class=\"wp-block-heading\">Visszat\u00e9r\u00edt\u00e9si politika<\/h3>\n\n\n\n<p>CFA eBooks provides full refunds under the following conditions:<\/p>\n\n\n\n<ul class=\"wp-block-list\">\n<li>The item has not been downloaded.<\/li>\n\n\n\n<li>The product downloaded is not as described.<\/li>\n\n\n\n<li>The purchase was made in error.<\/li>\n<\/ul>\n\n\n\n<h3 class=\"wp-block-heading\">How to Request a Refund<\/h3>\n\n\n\n<p>If you made a purchase by mistake, please avoid downloading the file and contact us as soon as possible. Our team will review your request and process the refund promptly.<\/p>\n\n\n\n<p>However, once the item has been downloaded, we consider the purchase final and non-refundable.<\/p>\n\n\n\n<p>We appreciate your understanding and cooperation with our refund policy. If you have any questions or require further clarification, please do not hesitate to&nbsp;<a href=\"\/hu\/kapcsolatfelvetel\/\">kapcsolatfelv\u00e9tel<\/a>&nbsp;t\u00e1mogat\u00f3 csapatunk.<\/p>\n\n\n\n<p>K\u00f6sz\u00f6n\u00f6m!<\/p>","protected":false},"excerpt":{"rendered":"<p>Payment Policy We accept payment via PayPal and Debit \/ Credit Card. Refund Policy CFA eBooks provides full refunds under the following conditions: How to Request a Refund If you made a purchase by mistake, please avoid downloading the file and contact us as soon as possible. Our team will review your request and process [&hellip;]<\/p>\n","protected":false},"author":1,"featured_media":0,"parent":0,"menu_order":0,"comment_status":"closed","ping_status":"closed","template":"template-fullwidth.php","meta":{"footnotes":""},"class_list":["post-8770","page","type-page","status-publish","hentry"],"_links":{"self":[{"href":"https:\/\/www.cfaebooks.com\/hu\/wp-json\/wp\/v2\/pages\/8770","targetHints":{"allow":["GET"]}}],"collection":[{"href":"https:\/\/www.cfaebooks.com\/hu\/wp-json\/wp\/v2\/pages"}],"about":[{"href":"https:\/\/www.cfaebooks.com\/hu\/wp-json\/wp\/v2\/types\/page"}],"author":[{"embeddable":true,"href":"https:\/\/www.cfaebooks.com\/hu\/wp-json\/wp\/v2\/users\/1"}],"replies":[{"embeddable":true,"href":"https:\/\/www.cfaebooks.com\/hu\/wp-json\/wp\/v2\/comments?post=8770"}],"version-history":[{"count":4,"href":"https:\/\/www.cfaebooks.com\/hu\/wp-json\/wp\/v2\/pages\/8770\/revisions"}],"predecessor-version":[{"id":16784,"href":"https:\/\/www.cfaebooks.com\/hu\/wp-json\/wp\/v2\/pages\/8770\/revisions\/16784"}],"wp:attachment":[{"href":"https:\/\/www.cfaebooks.com\/hu\/wp-json\/wp\/v2\/media?parent=8770"}],"curies":[{"name":"wp","href":"https:\/\/api.w.org\/{rel}","templated":true}]}}