{"id":8662,"date":"2024-03-20T09:28:22","date_gmt":"2024-03-20T09:28:22","guid":{"rendered":"https:\/\/www.cfaebooks.com\/?page_id=8662"},"modified":"2026-02-11T04:07:34","modified_gmt":"2026-02-11T04:07:34","slug":"faqs","status":"publish","type":"page","link":"https:\/\/www.cfaebooks.com\/hu\/faqs\/","title":{"rendered":"GYIK"},"content":{"rendered":"<div id=\"rank-math-faq\" class=\"rank-math-block\">\n<div class=\"rank-math-list\">\n<div id=\"faq-question-1711112280361\" class=\"rank-math-list-item\">\n<h3 class=\"rank-math-question\"><strong>Mi\u00e9rt nem m\u0171k\u00f6dik a fizet\u00e9si m\u00f3dom?<\/strong><\/h3>\n<div class=\"rank-math-answer\">\n\n<p>T\u00f6bb oka is lehet annak, hogy neh\u00e9zs\u00e9gekbe \u00fctk\u00f6zik a fizet\u00e9s feldolgoz\u00e1sa. \u00cdme n\u00e9h\u00e1ny gyakori dolog, amit \u00e9rdemes megpr\u00f3b\u00e1lni \u00e9s ellen\u0151rizni.<\/p>\n<p>1. Biztos\u00edtsa a\u00a0<strong>a megadott orsz\u00e1g megegyezik a fizet\u00e9si k\u00e1rtya orsz\u00e1g\u00e1val<\/strong><br \/>2. <strong>Gyors\u00edt\u00f3t\u00e1r t\u00f6rl\u00e9se<\/strong>\u00a0a b\u00f6ng\u00e9sz\u0151ben<br \/>3. Try<strong>\u00a0m\u00e1s e-mail c\u00edm haszn\u00e1lata<\/strong><br \/>4. Try a\u00a0<strong>m\u00e1s webb\u00f6ng\u00e9sz\u0151<\/strong>\u00a0pl. Google Chrome, Mozilla Firefox, Microsoft Edge, Apple Safari<\/p>\n\n<\/div>\n<\/div>\n<div id=\"faq-question-1711112367817\" class=\"rank-math-list-item\">\n<h3 class=\"rank-math-question\"><strong>Sz\u00fcks\u00e9gem van fi\u00f3kra a term\u00e9kek megv\u00e1s\u00e1rl\u00e1s\u00e1hoz?<\/strong><\/h3>\n<div class=\"rank-math-answer\">\n\n<p>Nem, a term\u00e9kek megv\u00e1s\u00e1rl\u00e1s\u00e1hoz nincs sz\u00fcks\u00e9g fi\u00f3kra. Lehet\u0151s\u00e9ge van arra, hogy\u00a0<strong>Kijelentkez\u00e9s vend\u00e9gk\u00e9nt<\/strong>. Egy\u00e9bk\u00e9nt, ha szeretn\u00e9, l\u00e9trehozhat egy ingyenes fi\u00f3kot.<\/p>\n\n<\/div>\n<\/div>\n<div id=\"faq-question-1711112392048\" class=\"rank-math-list-item\">\n<h3 class=\"rank-math-question\"><strong>Hogyan regisztr\u00e1lhatok ingyenes fi\u00f3kra?<\/strong><\/h3>\n<div class=\"rank-math-answer\">\n\n<p>Regisztr\u00e1lni a k\u00f6vetkez\u0151 gombra kattintva lehet\u00a0<strong><a href=\"\/hu\/my-account\/\">REGISZTR\u00c1CI\u00d3\u00a0<\/a><\/strong>here. You can also find register in the menu under &#8216;Account&#8217;.<\/p>\n\n<\/div>\n<\/div>\n<div id=\"faq-question-1711112474613\" class=\"rank-math-list-item\">\n<h3 class=\"rank-math-question\"><strong>Milyen fizet\u00e9si m\u00f3dokkal fizethetek?<\/strong><\/h3>\n<div class=\"rank-math-answer\">\n\n<p>We accept payment via most Debit \/ Credit Card.<\/p>\n\n<\/div>\n<\/div>\n<div id=\"faq-question-1711112510413\" class=\"rank-math-list-item\">\n<h3 class=\"rank-math-question\"><strong>H\u00e1nyszor f\u00e9rhetek hozz\u00e1 a let\u00f6lt\u00e9seimhez?<\/strong><\/h3>\n<div class=\"rank-math-answer\">\n\n<p>V\u00e1s\u00e1rl\u00e1s ut\u00e1n let\u00f6ltheti a term\u00e9keket\u00a0<strong>annyiszor, ah\u00e1nyszor csak akarod<\/strong>\u00a0\u00e9s annyi eszk\u00f6z\u00f6n, amennyin csak akarod - igen, \u00edgy van.\u00a0<strong>korl\u00e1tlan<\/strong>!<\/p>\n\n<\/div>\n<\/div>\n<div id=\"faq-question-1711112536280\" class=\"rank-math-list-item\">\n<h3 class=\"rank-math-question\"><strong>Mikor k\u00fcldik el a rendel\u00e9semet?<\/strong><\/h3>\n<div class=\"rank-math-answer\">\n\n<p>Download links are provided after payment is confirmed. You will receive the download links to the files in &#8216;<strong>Let\u00f6lt\u00e9seim<\/strong>'. Ezen k\u00edv\u00fcl kap egy\u00a0<strong>k\u00fcl\u00f6n e-mail a let\u00f6lt\u00e9si linkekkel<\/strong>\u00a0is.<\/p>\n\n<\/div>\n<\/div>\n<div id=\"faq-question-1711112560304\" class=\"rank-math-list-item\">\n<h3 class=\"rank-math-question\"><strong>Hol van a digit\u00e1lis let\u00f6lt\u00e9sem? A v\u00e1s\u00e1rl\u00e1som \u00f3ta nem kaptam semmilyen e-mailt.<\/strong><\/h3>\n<div class=\"rank-math-answer\">\n\n<p>K\u00e9rj\u00fck, ellen\u0151rizze a\u00a0<strong>Junk\u00a0<\/strong>\u00e9s\u00a0<strong>Spam<\/strong>\u00a0e-mail mapp\u00e1k. El\u0151fordul, hogy az olyan e-mail szolg\u00e1ltat\u00f3k, mint az Outlook, a Yahoo \u00e9s a Gmail, a be\u00e9rkez\u0151 levelek helyett a lev\u00e9lszem\u00e9t\/spam mapp\u00e1kba k\u00fcldik az e-maileket. Ritk\u00e1n el\u0151fordulhat, hogy r\u00f6vid id\u0151be telik, am\u00edg megjelenik (ak\u00e1r 10 percig).<\/p>\n\n<\/div>\n<\/div>\n<div id=\"faq-question-1711112595961\" class=\"rank-math-list-item\">\n<h3 class=\"rank-math-question\"><strong>Milyen eszk\u00f6z\u00f6kkel tudom megnyitni az e-k\u00f6nyveket, \u00e9s hallgatni a hanganyagot?<\/strong><\/h3>\n<div class=\"rank-math-answer\">\n\n<p>Mi\u00a0<strong>aj\u00e1nljuk<\/strong>\u00a0egy\u00a0<strong>PC\/Mac\/Laptop<\/strong>\u00a0a f\u00e1jlok megtekint\u00e9s\u00e9hez \u00e9s meghallgat\u00e1s\u00e1hoz, mivel ez a legegyszer\u0171bb \u00e9s legfelhaszn\u00e1l\u00f3bar\u00e1tabb m\u00f3dja a tanul\u00e1snak. F\u00e1jljaink okostelefonokon, pl. iPhone, Android \u00e9s t\u00e1blag\u00e9peken, pl. iPad, is m\u0171k\u00f6dnek.<\/p>\n\n<\/div>\n<\/div>\n<div id=\"faq-question-1711112625984\" class=\"rank-math-list-item\">\n<h3 class=\"rank-math-question\"><strong>Nem kapok v\u00e1laszt az \u00e9l\u0151 cseveg\u00e9sb\u0151l, hogyan tudok kapcsolatba l\u00e9pni \u00d6nnel?<\/strong><\/h3>\n<div class=\"rank-math-answer\">\n\n<p>A\u00a0<strong>v\u00e1ltoz\u00f3 id\u0151z\u00f3n\u00e1k<\/strong>\u00a0nem vagyunk mindig online. \u00d6n azonban\u00a0<strong>hagyjon nek\u00fcnk \u00fczenetet az e-mail c\u00edm\u00e9vel egy\u00fctt a cseveg\u00e9sen bel\u00fcl\u00a0<\/strong>\u00e9s visszah\u00edvjuk \u00d6nt\u00a0<strong>a lehet\u0151 leghamarabb - nagyon gyorsan reag\u00e1lunk<\/strong>. A legt\u00f6bb esetben hallani fog r\u00f3lunk\u00a0<strong>2-3 \u00f3r\u00e1n bel\u00fcl<\/strong>\u00a0\u00e9s legfeljebb 8 \u00f3ra.<\/p>\n\n<\/div>\n<\/div>\n<div id=\"faq-question-1711112665432\" class=\"rank-math-list-item\">\n<h3 class=\"rank-math-question\"><strong>Gondjaim vannak a .zip f\u00e1jl\/mappa megnyit\u00e1s\u00e1val, mit tegyek? M\u00e9g soha nem foglalkoztam .zip f\u00e1jlokkal\/mapp\u00e1kkal.<\/strong><\/h3>\n<div class=\"rank-math-answer\">\n<img decoding=\"async\" width=\"150\" height=\"150\" src=\"https:\/\/www.cfaebooks.com\/wp-content\/uploads\/2024\/03\/extract-150x150.png\" class=\"alignright\" alt=\"\">\n<p>N\u00e9h\u00e1ny nagyobb f\u00e1jl, p\u00e9ld\u00e1ul a vide\u00f3k .zip mapp\u00e1kban vannak t\u00e1rolva, ami azt jelenti, hogy a mapp\u00e1t ki kell bontania, hogy megn\u00e9zhesse, mi van a mapp\u00e1ban. A mapp\u00e1t a Winzip programmal (Windowson az alap\u00e9rtelmezett ingyenes eszk\u00f6zzel, Macen pedig az alap\u00e9rtelmezett eszk\u00f6zzel) lehet kicsomagolni.\u00a0<strong>Kattintson a jobb gombbal a mapp\u00e1ra<\/strong>\u00a0\u00e9s kattintson\u00a0<strong>'\u00d6sszes kivonat'<\/strong>\u00a0a mappa kicsomagol\u00e1s\u00e1hoz, most m\u00e1r l\u00e1tnia kell a f\u00e1jlokat. Aj\u00e1nlunk m\u00e9g egy m\u00e1sik ingyenes .zip f\u00e1jl-kivonatol\u00f3t is\u00a0<strong>(<a href=\"https:\/\/www.win-rar.com\/download.html?&amp;L=0\" target=\"_blank\" rel=\"noreferrer noopener nofollow\">Winrar<\/a>)\u00a0<\/strong>err\u0151l a linkr\u0151l szerezheti be, ugyan\u00fagy m\u0171k\u00f6dik, mint a fent eml\u00edtett t\u00f6bbi.<\/p>\n\n<\/div>\n<\/div>\n<\/div>\n<\/div>\n\n\n<p><\/p>","protected":false},"excerpt":{"rendered":"","protected":false},"author":1,"featured_media":0,"parent":0,"menu_order":0,"comment_status":"closed","ping_status":"closed","template":"template-fullwidth.php","meta":{"footnotes":""},"class_list":["post-8662","page","type-page","status-publish","hentry"],"_links":{"self":[{"href":"https:\/\/www.cfaebooks.com\/hu\/wp-json\/wp\/v2\/pages\/8662","targetHints":{"allow":["GET"]}}],"collection":[{"href":"https:\/\/www.cfaebooks.com\/hu\/wp-json\/wp\/v2\/pages"}],"about":[{"href":"https:\/\/www.cfaebooks.com\/hu\/wp-json\/wp\/v2\/types\/page"}],"author":[{"embeddable":true,"href":"https:\/\/www.cfaebooks.com\/hu\/wp-json\/wp\/v2\/users\/1"}],"replies":[{"embeddable":true,"href":"https:\/\/www.cfaebooks.com\/hu\/wp-json\/wp\/v2\/comments?post=8662"}],"version-history":[{"count":2,"href":"https:\/\/www.cfaebooks.com\/hu\/wp-json\/wp\/v2\/pages\/8662\/revisions"}],"predecessor-version":[{"id":16305,"href":"https:\/\/www.cfaebooks.com\/hu\/wp-json\/wp\/v2\/pages\/8662\/revisions\/16305"}],"wp:attachment":[{"href":"https:\/\/www.cfaebooks.com\/hu\/wp-json\/wp\/v2\/media?parent=8662"}],"curies":[{"name":"wp","href":"https:\/\/api.w.org\/{rel}","templated":true}]}}