{"id":1004,"date":"2020-10-09T13:39:05","date_gmt":"2020-10-09T13:39:05","guid":{"rendered":"http:\/\/shoptimizer.local\/?page_id=848"},"modified":"2026-03-26T10:43:27","modified_gmt":"2026-03-26T10:43:27","slug":"about","status":"publish","type":"page","link":"https:\/\/www.cfaebooks.com\/hu\/about\/","title":{"rendered":"R\u00f3lunk"},"content":{"rendered":"<p>\u00dcdv\u00f6z\u00f6lj\u00fck online k\u00f6nyvesboltunkban, amely a p\u00e9nz\u00fcgyi szakemberek, di\u00e1kok \u00e9s \u00e9rdekl\u0151d\u0151k sz\u00e1m\u00e1ra egyar\u00e1nt alkalmas k\u00f6nyvek \u00e1tfog\u00f3 v\u00e1laszt\u00e9k\u00e1t k\u00edn\u00e1lja. A CFA eBooksn\u00e1l elk\u00f6telezettek vagyunk a p\u00e9nz\u00fcgy, a sz\u00e1mvitel \u00e9s a kock\u00e1zatkezel\u00e9s ter\u00fclet\u00e9n kiv\u00e1l\u00f3s\u00e1gra t\u00f6rekv\u0151 egy\u00e9nek sokf\u00e9le ig\u00e9nyeinek kiszolg\u00e1l\u00e1sa ir\u00e1nt.<\/p>\n\n\n\n<p>Driven by a passion for learning and a commitment to empowering our customers, we have curated an extensive collection of books covering a wide range of topics, including Chartered Financial Analyst (CFA), Financial Risk Manager (FRM), Chartered Alternative Investment Analyst (CAIA), and various other areas within finance and accounting.<\/p>\n\n\n\n<p>What sets us apart is our unwavering focus on quality, relevance, and accessibility. We understand the rigorous demands of professional certifications like CFA, FRM, and CAIA, as well as the complexities of the financial industry. That&#8217;s why we work tirelessly to source the most authoritative and up-to-date resources, authored by industry experts and leading practitioners, to support your learning journey and help you achieve your professional goals.<\/p>\n\n\n\n<p>Ak\u00e1r egy min\u0151s\u00edt\u0151 vizsg\u00e1ra k\u00e9sz\u00fcl, ak\u00e1r az \u00f6sszetett p\u00e9nz\u00fcgyi fogalmak m\u00e9lyebb meg\u00e9rt\u00e9s\u00e9re t\u00f6rekszik, vagy egyszer\u0171en csak b\u0151v\u00edti tud\u00e1sb\u00e1zis\u00e1t, k\u00f6nyvesboltunkban \u00e9rt\u00e9kes forr\u00e1sok sokas\u00e1ga v\u00e1rja \u00d6nt. Az \u00e1tfog\u00f3 tanulm\u00e1nyi \u00fatmutat\u00f3kt\u00f3l \u00e9s gyakorlati vizsg\u00e1kt\u00f3l kezdve a szakk\u00f6nyvekig \u00e9s referenciaanyagokig mindent megtal\u00e1l n\u00e1lunk, amire sz\u00fcks\u00e9ge van ahhoz, hogy sikeres legyen a tanulm\u00e1nyi \u00e9s szakmai t\u00f6rekv\u00e9seiben.<\/p>\n\n\n\n<p>A nyomtatott k\u00f6nyvek sz\u00e9les v\u00e1laszt\u00e9ka mellett sz\u00e1mos digit\u00e1lis form\u00e1tumot is k\u00edn\u00e1lunk, bele\u00e9rtve az e-k\u00f6nyveket \u00e9s a hangosk\u00f6nyveket, hogy a k\u00fcl\u00f6nb\u00f6z\u0151 tanul\u00e1si preferenci\u00e1knak \u00e9s \u00e9letst\u00edlusoknak megfeleljen. Felhaszn\u00e1l\u00f3bar\u00e1t weboldalunk \u00e9s intuit\u00edv keres\u00e9si funkci\u00f3ink seg\u00edts\u00e9g\u00e9vel k\u00f6nnyen megtal\u00e1lhatja az ig\u00e9nyeinek megfelel\u0151 k\u00f6nyvet, ak\u00e1r t\u00e9ma, szerz\u0151 vagy vizsgaszint szerint b\u00f6ng\u00e9szik.<\/p>\n\n\n\n<p>A CFA eBooks t\u00f6bb mint egy k\u00f6nyvesbolt - megb\u00edzhat\u00f3 partner \u00e9s forr\u00e1sk\u00f6zpont vagyunk a p\u00e9nz\u00fcgyi szakemberek \u00e9s di\u00e1kok sz\u00e1m\u00e1ra vil\u00e1gszerte. Csatlakozzon a hasonl\u00f3an gondolkod\u00f3k k\u00f6z\u00f6ss\u00e9g\u00e9hez, l\u00e9pjen kapcsolatba tanul\u00f3t\u00e1rsaival, \u00e9s induljon el a folyamatos n\u00f6veked\u00e9s \u00e9s fejl\u0151d\u00e9s \u00fatj\u00e1n a p\u00e9nz\u00fcgyek dinamikus vil\u00e1g\u00e1ban.<\/p>\n\n\n\n<p>K\u00f6sz\u00f6nj\u00fck, hogy a CFA eBooks-ot v\u00e1lasztotta a p\u00e9nz\u00fcgyi k\u00f6nyvek beszerz\u00e9s\u00e9nek c\u00e9lpontj\u00e1ul. Megtiszteltet\u00e9s sz\u00e1munkra, hogy r\u00e9szesei lehet\u00fcnk az \u00d6n oktat\u00e1si \u00e9s szakmai \u00fatj\u00e1nak, \u00e9s \u00f6r\u00f6mmel seg\u00edt\u00fcnk \u00d6nnek abban, hogy a siker \u00e9s a teljes\u00edtm\u00e9ny \u00faj magass\u00e1gokba emelkedjen.<\/p>\n\n\n\n<p>J\u00f3 olvas\u00e1st!<\/p>\n\n\n\n<p>CFA eBooks csapat<\/p>","protected":false},"excerpt":{"rendered":"<p>Welcome to our online bookstore, your premier destination for a comprehensive selection of books catering to finance professionals, students, and enthusiasts alike. At CFA eBooks, we&#8217;re dedicated to serving the diverse needs of individuals pursuing excellence in the fields of finance, accounting, and risk management. Driven by a passion for learning and a commitment to [&hellip;]<\/p>\n","protected":false},"author":1,"featured_media":0,"parent":0,"menu_order":0,"comment_status":"closed","ping_status":"closed","template":"template-fullwidth.php","meta":{"footnotes":""},"class_list":["post-1004","page","type-page","status-publish","hentry"],"_links":{"self":[{"href":"https:\/\/www.cfaebooks.com\/hu\/wp-json\/wp\/v2\/pages\/1004","targetHints":{"allow":["GET"]}}],"collection":[{"href":"https:\/\/www.cfaebooks.com\/hu\/wp-json\/wp\/v2\/pages"}],"about":[{"href":"https:\/\/www.cfaebooks.com\/hu\/wp-json\/wp\/v2\/types\/page"}],"author":[{"embeddable":true,"href":"https:\/\/www.cfaebooks.com\/hu\/wp-json\/wp\/v2\/users\/1"}],"replies":[{"embeddable":true,"href":"https:\/\/www.cfaebooks.com\/hu\/wp-json\/wp\/v2\/comments?post=1004"}],"version-history":[{"count":1,"href":"https:\/\/www.cfaebooks.com\/hu\/wp-json\/wp\/v2\/pages\/1004\/revisions"}],"predecessor-version":[{"id":17141,"href":"https:\/\/www.cfaebooks.com\/hu\/wp-json\/wp\/v2\/pages\/1004\/revisions\/17141"}],"wp:attachment":[{"href":"https:\/\/www.cfaebooks.com\/hu\/wp-json\/wp\/v2\/media?parent=1004"}],"curies":[{"name":"wp","href":"https:\/\/api.w.org\/{rel}","templated":true}]}}