{"id":9923,"date":"2024-08-06T06:29:12","date_gmt":"2024-08-06T06:29:12","guid":{"rendered":"https:\/\/www.cfaebooks.com\/?post_type=product&#038;p=9923"},"modified":"2026-04-03T07:58:48","modified_gmt":"2026-04-03T07:58:48","slug":"cfa-niveau-1-2025-ift-notes-detude-2","status":"publish","type":"product","link":"https:\/\/www.cfaebooks.com\/fr\/products\/cfa-niveau-1-2025-ift-notes-detude-2\/","title":{"rendered":"Notes d'\u00e9tude CFA Niveau 1 2025 IFT"},"content":{"rendered":"<p>Nous vendons un livre \u00e9lectronique 2025 CFA Level 1 IFT Study Notes PDF. <\/p>\n\n\n\n<p>Comprend les sujets suivants : <\/p>\n\n\n\n<ul class=\"wp-block-list\">\n<li><em>M\u00e9thodes quantitatives, \u00e9conomie<\/em><\/li>\n\n\n\n<li><em>Soci\u00e9t\u00e9s \u00e9mettrices<\/em><\/li>\n\n\n\n<li><em>Analyse des \u00e9tats financiers<\/em><\/li>\n\n\n\n<li><em>Investissements en actions<\/em><\/li>\n\n\n\n<li><em>Revenu fixe<\/em><\/li>\n\n\n\n<li><em>Produits d\u00e9riv\u00e9s<\/em><\/li>\n\n\n\n<li><em>Investissements alternatifs<\/em><\/li>\n\n\n\n<li><em>Gestion de portefeuille<\/em><\/li>\n\n\n\n<li><em>Normes \u00e9thiques et professionnelles<\/em>.<\/li>\n<\/ul>\n\n\n\n<p>Vous obtiendrez des notes d'\u00e9tude d\u00e9taill\u00e9es couvrant tous les LOS, et qui incluent : <strong><em>R\u00e9sum\u00e9 de chaque lecture et exemples<\/em><\/strong><\/p>\n\n\n\n<p>Apr\u00e8s avoir r\u00e9gl\u00e9 votre commande, vous pouvez t\u00e9l\u00e9charger le livre \u00e9lectronique imm\u00e9diatement. Il ne s'agit pas d'un livre physique, mais d'une copie num\u00e9rique au format PDF. N'achetez pas ce livre si vous souhaitez une copie physique.<\/p>","protected":false},"excerpt":{"rendered":"<p>For sale is an e-Book 2025 CFA Level 1 IFT Study Notes PDF. Includes the following topics: You will get detailed Study Notes covering all LOS, and which include: Summary of each reading and Examples After checkout you can download the e-Book immediately. This is not a physical book it is a\u00a0PDF\u00a0digital copy. Please do [&hellip;]<\/p>\n","protected":false},"featured_media":9924,"comment_status":"closed","ping_status":"closed","template":"","meta":[],"product_brand":[],"product_cat":[260],"product_tag":[261,93,88,90,87,91,92,167,168],"class_list":{"0":"post-9923","1":"product","2":"type-product","3":"status-publish","4":"has-post-thumbnail","6":"product_cat-cfa-level-1","7":"product_tag-cfa-2025","8":"product_tag-cfa-books","9":"product_tag-cfa-ebooks","10":"product_tag-cfa-exam","11":"product_tag-cfa-level-i","12":"product_tag-cfa-prep","13":"product_tag-cfa-test","14":"product_tag-ift","15":"product_tag-study-notes","17":"first","18":"instock","19":"downloadable","20":"virtual","21":"sold-individually","22":"purchasable","23":"product-type-simple"},"_links":{"self":[{"href":"https:\/\/www.cfaebooks.com\/fr\/wp-json\/wp\/v2\/product\/9923","targetHints":{"allow":["GET"]}}],"collection":[{"href":"https:\/\/www.cfaebooks.com\/fr\/wp-json\/wp\/v2\/product"}],"about":[{"href":"https:\/\/www.cfaebooks.com\/fr\/wp-json\/wp\/v2\/types\/product"}],"replies":[{"embeddable":true,"href":"https:\/\/www.cfaebooks.com\/fr\/wp-json\/wp\/v2\/comments?post=9923"}],"wp:featuredmedia":[{"embeddable":true,"href":"https:\/\/www.cfaebooks.com\/fr\/wp-json\/wp\/v2\/media\/9924"}],"wp:attachment":[{"href":"https:\/\/www.cfaebooks.com\/fr\/wp-json\/wp\/v2\/media?parent=9923"}],"wp:term":[{"taxonomy":"product_brand","embeddable":true,"href":"https:\/\/www.cfaebooks.com\/fr\/wp-json\/wp\/v2\/product_brand?post=9923"},{"taxonomy":"product_cat","embeddable":true,"href":"https:\/\/www.cfaebooks.com\/fr\/wp-json\/wp\/v2\/product_cat?post=9923"},{"taxonomy":"product_tag","embeddable":true,"href":"https:\/\/www.cfaebooks.com\/fr\/wp-json\/wp\/v2\/product_tag?post=9923"}],"curies":[{"name":"wp","href":"https:\/\/api.w.org\/{rel}","templated":true}]}}