{"id":9787,"date":"2024-07-21T13:13:36","date_gmt":"2024-07-21T13:13:36","guid":{"rendered":"https:\/\/www.cfaebooks.com\/?post_type=product&#038;p=9787"},"modified":"2026-04-03T07:58:43","modified_gmt":"2026-04-03T07:58:43","slug":"fintree-juice-notes-cfa-level-2-2024","status":"publish","type":"product","link":"https:\/\/www.cfaebooks.com\/fr\/products\/fintree-juice-notes-cfa-level-2-2024\/","title":{"rendered":"Notes sur les jus de fruits Fintree CFA niveau 2 2024"},"content":{"rendered":"<p>Nous vendons un livre \u00e9lectronique 2024 CFA level 2 Fintree Juice Notes PDF. Il ne s'agit pas d'un livre physique mais d'une copie num\u00e9rique en format PDF. N'achetez pas ce livre si vous voulez une copie physique. Apr\u00e8s avoir pass\u00e9 la commande, vous pouvez t\u00e9l\u00e9charger le livre \u00e9lectronique imm\u00e9diatement.<\/p>","protected":false},"excerpt":{"rendered":"<p>For sale is an e-Book 2024 CFA level 2 Fintree Juice Notes PDF. This is not a physical book it is a\u00a0PDF\u00a0digital copy. Please do not purchase if you want a physical hard copy. After checkout you can download the e-Book immediately.<\/p>","protected":false},"featured_media":9789,"comment_status":"closed","ping_status":"closed","template":"","meta":[],"product_brand":[],"product_cat":[266],"product_tag":[86,93,88,90,178,91,92,173],"class_list":{"0":"post-9787","1":"product","2":"type-product","3":"status-publish","4":"has-post-thumbnail","6":"product_cat-cfa-level-2","7":"product_tag-cfa-2024","8":"product_tag-cfa-books","9":"product_tag-cfa-ebooks","10":"product_tag-cfa-exam","11":"product_tag-cfa-level-2","12":"product_tag-cfa-prep","13":"product_tag-cfa-test","14":"product_tag-juicenotes","16":"first","17":"instock","18":"downloadable","19":"virtual","20":"sold-individually","21":"purchasable","22":"product-type-simple"},"_links":{"self":[{"href":"https:\/\/www.cfaebooks.com\/fr\/wp-json\/wp\/v2\/product\/9787","targetHints":{"allow":["GET"]}}],"collection":[{"href":"https:\/\/www.cfaebooks.com\/fr\/wp-json\/wp\/v2\/product"}],"about":[{"href":"https:\/\/www.cfaebooks.com\/fr\/wp-json\/wp\/v2\/types\/product"}],"replies":[{"embeddable":true,"href":"https:\/\/www.cfaebooks.com\/fr\/wp-json\/wp\/v2\/comments?post=9787"}],"wp:featuredmedia":[{"embeddable":true,"href":"https:\/\/www.cfaebooks.com\/fr\/wp-json\/wp\/v2\/media\/9789"}],"wp:attachment":[{"href":"https:\/\/www.cfaebooks.com\/fr\/wp-json\/wp\/v2\/media?parent=9787"}],"wp:term":[{"taxonomy":"product_brand","embeddable":true,"href":"https:\/\/www.cfaebooks.com\/fr\/wp-json\/wp\/v2\/product_brand?post=9787"},{"taxonomy":"product_cat","embeddable":true,"href":"https:\/\/www.cfaebooks.com\/fr\/wp-json\/wp\/v2\/product_cat?post=9787"},{"taxonomy":"product_tag","embeddable":true,"href":"https:\/\/www.cfaebooks.com\/fr\/wp-json\/wp\/v2\/product_tag?post=9787"}],"curies":[{"name":"wp","href":"https:\/\/api.w.org\/{rel}","templated":true}]}}