{"id":9767,"date":"2024-07-20T15:48:52","date_gmt":"2024-07-20T15:48:52","guid":{"rendered":"https:\/\/www.cfaebooks.com\/?post_type=product&#038;p=9767"},"modified":"2026-04-03T07:58:41","modified_gmt":"2026-04-03T07:58:41","slug":"cfa-level-1-2024-schweser-video-lectures","status":"publish","type":"product","link":"https:\/\/www.cfaebooks.com\/fr\/products\/cfa-level-1-2024-schweser-video-lectures\/","title":{"rendered":"CFA Niveau 1 2024 Schweser Video Lectures"},"content":{"rendered":"<p>Nous proposons \u00e0 la vente 2024 cours magistraux de CFA Schweser niveau 1. Ces cours vid\u00e9o sont align\u00e9s sur le programme d'\u00e9tudes et pr\u00e9sentent les concepts d'une mani\u00e8re facilement compr\u00e9hensible. Elles comprennent \u00e9galement des vid\u00e9os d'exemples. Apr\u00e8s le paiement, vous pouvez t\u00e9l\u00e9charger la vid\u00e9o imm\u00e9diatement.<\/p>","protected":false},"excerpt":{"rendered":"<p>Nous proposons \u00e0 la vente 2024 cours magistraux de CFA Schweser niveau 1. Ces cours vid\u00e9o sont align\u00e9s sur le programme d'\u00e9tudes et pr\u00e9sentent les concepts d'une mani\u00e8re facilement compr\u00e9hensible. Elles comprennent \u00e9galement des vid\u00e9os d'exemples. Apr\u00e8s le paiement, vous pouvez t\u00e9l\u00e9charger la vid\u00e9o imm\u00e9diatement.<\/p>","protected":false},"featured_media":9768,"comment_status":"closed","ping_status":"closed","template":"","meta":[],"product_brand":[],"product_cat":[349],"product_tag":[86,93,88,90,87,91,92,241,175,271],"class_list":{"0":"post-9767","1":"product","2":"type-product","3":"status-publish","4":"has-post-thumbnail","6":"product_cat-cfa-level-1-2024","7":"product_tag-cfa-2024","8":"product_tag-cfa-books","9":"product_tag-cfa-ebooks","10":"product_tag-cfa-exam","11":"product_tag-cfa-level-i","12":"product_tag-cfa-prep","13":"product_tag-cfa-test","14":"product_tag-level-1","15":"product_tag-video","16":"product_tag-video-lectures","18":"first","19":"instock","20":"downloadable","21":"virtual","22":"sold-individually","23":"purchasable","24":"product-type-simple"},"_links":{"self":[{"href":"https:\/\/www.cfaebooks.com\/fr\/wp-json\/wp\/v2\/product\/9767","targetHints":{"allow":["GET"]}}],"collection":[{"href":"https:\/\/www.cfaebooks.com\/fr\/wp-json\/wp\/v2\/product"}],"about":[{"href":"https:\/\/www.cfaebooks.com\/fr\/wp-json\/wp\/v2\/types\/product"}],"replies":[{"embeddable":true,"href":"https:\/\/www.cfaebooks.com\/fr\/wp-json\/wp\/v2\/comments?post=9767"}],"wp:featuredmedia":[{"embeddable":true,"href":"https:\/\/www.cfaebooks.com\/fr\/wp-json\/wp\/v2\/media\/9768"}],"wp:attachment":[{"href":"https:\/\/www.cfaebooks.com\/fr\/wp-json\/wp\/v2\/media?parent=9767"}],"wp:term":[{"taxonomy":"product_brand","embeddable":true,"href":"https:\/\/www.cfaebooks.com\/fr\/wp-json\/wp\/v2\/product_brand?post=9767"},{"taxonomy":"product_cat","embeddable":true,"href":"https:\/\/www.cfaebooks.com\/fr\/wp-json\/wp\/v2\/product_cat?post=9767"},{"taxonomy":"product_tag","embeddable":true,"href":"https:\/\/www.cfaebooks.com\/fr\/wp-json\/wp\/v2\/product_tag?post=9767"}],"curies":[{"name":"wp","href":"https:\/\/api.w.org\/{rel}","templated":true}]}}