{"id":9224,"date":"2024-05-27T02:54:30","date_gmt":"2024-05-27T02:54:30","guid":{"rendered":"https:\/\/www.cfaebooks.com\/?post_type=product&#038;p=9224"},"modified":"2026-04-03T07:58:01","modified_gmt":"2026-04-03T07:58:01","slug":"investissements-alternatifs-caia-niveau-ii-3eme-edition","status":"publish","type":"product","link":"https:\/\/www.cfaebooks.com\/fr\/products\/investissements-alternatifs-caia-niveau-ii-3eme-edition\/","title":{"rendered":"Investissements alternatifs : CAIA niveau II, 3e \u00e9dition"},"content":{"rendered":"<p>Nous vendons un livre \u00e9lectronique intitul\u00e9 Alternative Investments : CAIA Level II, 3e \u00e9dition PDF. Il ne s'agit pas d'un livre physique mais d'une copie num\u00e9rique en format PDF. N'achetez pas ce livre si vous voulez une copie physique. Apr\u00e8s avoir pass\u00e9 la commande, vous pouvez t\u00e9l\u00e9charger le livre \u00e9lectronique instantan\u00e9ment.<\/p>","protected":false},"excerpt":{"rendered":"<p>Nous vendons un livre \u00e9lectronique intitul\u00e9 Alternative Investments : CAIA Level II, 3e \u00e9dition PDF. Il ne s'agit pas d'un livre physique mais d'une copie num\u00e9rique en format PDF. N'achetez pas ce livre si vous voulez une copie physique. Apr\u00e8s avoir pass\u00e9 la commande, vous pouvez t\u00e9l\u00e9charger le livre \u00e9lectronique instantan\u00e9ment.<\/p>","protected":false},"featured_media":9226,"comment_status":"closed","ping_status":"closed","template":"","meta":[],"product_brand":[],"product_cat":[318],"product_tag":[247,251,250,248,253,252,249,169],"class_list":{"0":"post-9224","1":"product","2":"type-product","3":"status-publish","4":"has-post-thumbnail","6":"product_cat-caia-level-2","7":"product_tag-caia","8":"product_tag-caia-books","9":"product_tag-caia-ebooks","10":"product_tag-caia-exam","11":"product_tag-caia-level-ii","12":"product_tag-caia-prep","13":"product_tag-caia-test","14":"product_tag-wiley","16":"first","17":"instock","18":"downloadable","19":"virtual","20":"sold-individually","21":"purchasable","22":"product-type-simple"},"_links":{"self":[{"href":"https:\/\/www.cfaebooks.com\/fr\/wp-json\/wp\/v2\/product\/9224","targetHints":{"allow":["GET"]}}],"collection":[{"href":"https:\/\/www.cfaebooks.com\/fr\/wp-json\/wp\/v2\/product"}],"about":[{"href":"https:\/\/www.cfaebooks.com\/fr\/wp-json\/wp\/v2\/types\/product"}],"replies":[{"embeddable":true,"href":"https:\/\/www.cfaebooks.com\/fr\/wp-json\/wp\/v2\/comments?post=9224"}],"wp:featuredmedia":[{"embeddable":true,"href":"https:\/\/www.cfaebooks.com\/fr\/wp-json\/wp\/v2\/media\/9226"}],"wp:attachment":[{"href":"https:\/\/www.cfaebooks.com\/fr\/wp-json\/wp\/v2\/media?parent=9224"}],"wp:term":[{"taxonomy":"product_brand","embeddable":true,"href":"https:\/\/www.cfaebooks.com\/fr\/wp-json\/wp\/v2\/product_brand?post=9224"},{"taxonomy":"product_cat","embeddable":true,"href":"https:\/\/www.cfaebooks.com\/fr\/wp-json\/wp\/v2\/product_cat?post=9224"},{"taxonomy":"product_tag","embeddable":true,"href":"https:\/\/www.cfaebooks.com\/fr\/wp-json\/wp\/v2\/product_tag?post=9224"}],"curies":[{"name":"wp","href":"https:\/\/api.w.org\/{rel}","templated":true}]}}