{"id":8523,"date":"2024-03-09T07:14:13","date_gmt":"2024-03-09T07:14:13","guid":{"rendered":"https:\/\/www.cfaebooks.com\/?post_type=product&#038;p=8523"},"modified":"2026-04-03T07:57:32","modified_gmt":"2026-04-03T07:57:32","slug":"2023-examen-frm-partie-1-garp-mock-2","status":"publish","type":"product","link":"https:\/\/www.cfaebooks.com\/fr\/products\/2023-examen-frm-partie-1-garp-mock-2\/","title":{"rendered":"2023 FRM Exam Part 1 GARP + Mock 1"},"content":{"rendered":"<p>Nous vendons un livre \u00e9lectronique 2023 FRM Exam Part 1 GARP + Mock 1 PDF. <\/p>\n\n\n\n<p>Comprend un ensemble de 4 livres : <\/p>\n\n\n\n<ul class=\"wp-block-list\">\n<li>Livre 1 - Fondements de la gestion des risques<\/li>\n\n\n\n<li>Livre 2 - Analyse quantitative<\/li>\n\n\n\n<li>Livre 3 - March\u00e9s et produits financiers<\/li>\n\n\n\n<li>Livre 4 - Mod\u00e8les d'\u00e9valuation et de risque<\/li>\n<\/ul>\n\n\n\n<p>Il ne s'agit pas d'un livre physique, mais d'une copie num\u00e9rique au format PDF. Ne l'achetez pas si vous souhaitez une copie physique. Apr\u00e8s avoir pass\u00e9 la commande, vous pouvez t\u00e9l\u00e9charger le livre \u00e9lectronique instantan\u00e9ment.<\/p>","protected":false},"excerpt":{"rendered":"<p>For sale is an e-Book 2023 FRM Exam Part 1 GARP + Mock 1 PDF. Includes Set of 4 books: This is not a physical book it is a\u00a0PDF\u00a0digital copy. Please do not purchase if you want a physical hard copy. After checkout you can download the e-Book instantly.<\/p>","protected":false},"featured_media":8524,"comment_status":"closed","ping_status":"closed","template":"","meta":[],"product_brand":[],"product_cat":[355],"product_tag":[184,189,185,186,181,205,182,183,187],"class_list":{"0":"post-8523","1":"product","2":"type-product","3":"status-publish","4":"has-post-thumbnail","6":"product_cat-frm-part-1-2024","7":"product_tag-frm","8":"product_tag-frm-2024","9":"product_tag-frm-books","10":"product_tag-frm-ebooks","11":"product_tag-frm-exam","12":"product_tag-frm-part-1","13":"product_tag-frm-prep","14":"product_tag-frm-test","15":"product_tag-garp","17":"first","18":"instock","19":"downloadable","20":"virtual","21":"sold-individually","22":"purchasable","23":"product-type-simple"},"_links":{"self":[{"href":"https:\/\/www.cfaebooks.com\/fr\/wp-json\/wp\/v2\/product\/8523","targetHints":{"allow":["GET"]}}],"collection":[{"href":"https:\/\/www.cfaebooks.com\/fr\/wp-json\/wp\/v2\/product"}],"about":[{"href":"https:\/\/www.cfaebooks.com\/fr\/wp-json\/wp\/v2\/types\/product"}],"replies":[{"embeddable":true,"href":"https:\/\/www.cfaebooks.com\/fr\/wp-json\/wp\/v2\/comments?post=8523"}],"wp:featuredmedia":[{"embeddable":true,"href":"https:\/\/www.cfaebooks.com\/fr\/wp-json\/wp\/v2\/media\/8524"}],"wp:attachment":[{"href":"https:\/\/www.cfaebooks.com\/fr\/wp-json\/wp\/v2\/media?parent=8523"}],"wp:term":[{"taxonomy":"product_brand","embeddable":true,"href":"https:\/\/www.cfaebooks.com\/fr\/wp-json\/wp\/v2\/product_brand?post=8523"},{"taxonomy":"product_cat","embeddable":true,"href":"https:\/\/www.cfaebooks.com\/fr\/wp-json\/wp\/v2\/product_cat?post=8523"},{"taxonomy":"product_tag","embeddable":true,"href":"https:\/\/www.cfaebooks.com\/fr\/wp-json\/wp\/v2\/product_tag?post=8523"}],"curies":[{"name":"wp","href":"https:\/\/api.w.org\/{rel}","templated":true}]}}