{"id":8514,"date":"2024-03-09T06:42:42","date_gmt":"2024-03-09T06:42:42","guid":{"rendered":"https:\/\/www.cfaebooks.com\/?post_type=product&#038;p=8514"},"modified":"2026-04-03T07:57:29","modified_gmt":"2026-04-03T07:57:29","slug":"analystprep-frm-part-2-question-bank-2024","status":"publish","type":"product","link":"https:\/\/www.cfaebooks.com\/fr\/products\/analystprep-frm-part-2-question-bank-2024\/","title":{"rendered":"AnalystPrep FRM Part 2 Question Bank 2024"},"content":{"rendered":"<p>Nous vendons un livre \u00e9lectronique FRM 2024 Part 2 AnalystPrep Question Bank PDF. Il ne s'agit pas d'un livre physique mais d'une copie num\u00e9rique PDF. N'achetez pas ce livre si vous voulez une copie physique. Apr\u00e8s l'achat, vous pouvez t\u00e9l\u00e9charger le livre \u00e9lectronique instantan\u00e9ment.<\/p>","protected":false},"excerpt":{"rendered":"<p>For sale is an e-Book FRM 2024 Part 2 AnalystPrep Question Bank PDF. This is not a physical book it is a\u00a0PDF\u00a0digital copy. Please do not purchase if you want a physical hard copy. After checkout you can download the e-Book instantly.<\/p>","protected":false},"featured_media":8516,"comment_status":"closed","ping_status":"closed","template":"","meta":[],"product_brand":[],"product_cat":[325],"product_tag":[],"class_list":{"0":"post-8514","1":"product","2":"type-product","3":"status-publish","4":"has-post-thumbnail","6":"product_cat-frm-part-2","8":"first","9":"instock","10":"downloadable","11":"virtual","12":"sold-individually","13":"purchasable","14":"product-type-simple"},"_links":{"self":[{"href":"https:\/\/www.cfaebooks.com\/fr\/wp-json\/wp\/v2\/product\/8514","targetHints":{"allow":["GET"]}}],"collection":[{"href":"https:\/\/www.cfaebooks.com\/fr\/wp-json\/wp\/v2\/product"}],"about":[{"href":"https:\/\/www.cfaebooks.com\/fr\/wp-json\/wp\/v2\/types\/product"}],"replies":[{"embeddable":true,"href":"https:\/\/www.cfaebooks.com\/fr\/wp-json\/wp\/v2\/comments?post=8514"}],"wp:featuredmedia":[{"embeddable":true,"href":"https:\/\/www.cfaebooks.com\/fr\/wp-json\/wp\/v2\/media\/8516"}],"wp:attachment":[{"href":"https:\/\/www.cfaebooks.com\/fr\/wp-json\/wp\/v2\/media?parent=8514"}],"wp:term":[{"taxonomy":"product_brand","embeddable":true,"href":"https:\/\/www.cfaebooks.com\/fr\/wp-json\/wp\/v2\/product_brand?post=8514"},{"taxonomy":"product_cat","embeddable":true,"href":"https:\/\/www.cfaebooks.com\/fr\/wp-json\/wp\/v2\/product_cat?post=8514"},{"taxonomy":"product_tag","embeddable":true,"href":"https:\/\/www.cfaebooks.com\/fr\/wp-json\/wp\/v2\/product_tag?post=8514"}],"curies":[{"name":"wp","href":"https:\/\/api.w.org\/{rel}","templated":true}]}}