{"id":8507,"date":"2024-03-09T06:03:27","date_gmt":"2024-03-09T06:03:27","guid":{"rendered":"https:\/\/www.cfaebooks.com\/?post_type=product&#038;p=8507"},"modified":"2026-04-03T07:57:27","modified_gmt":"2026-04-03T07:57:27","slug":"analystprep-frm-part-1-question-bank","status":"publish","type":"product","link":"https:\/\/www.cfaebooks.com\/fr\/products\/analystprep-frm-part-1-question-bank\/","title":{"rendered":"AnalystPrep FRM Part 1 Question Bank"},"content":{"rendered":"<p>Nous vendons un livre \u00e9lectronique 2024 FRM Part 1 AnalystPrep Question Bank PDF. Il ne s'agit pas d'un livre physique mais d'une copie num\u00e9rique PDF. N'achetez pas ce livre si vous voulez une copie physique. Apr\u00e8s l'achat, vous pouvez t\u00e9l\u00e9charger le livre \u00e9lectronique instantan\u00e9ment.<\/p>","protected":false},"excerpt":{"rendered":"<p>Nous vendons un livre \u00e9lectronique 2024 FRM Part 1 AnalystPrep Question Bank PDF. Il ne s'agit pas d'un livre physique mais d'une copie num\u00e9rique PDF. N'achetez pas ce livre si vous voulez une copie physique. Apr\u00e8s l'achat, vous pouvez t\u00e9l\u00e9charger le livre \u00e9lectronique instantan\u00e9ment.<\/p>","protected":false},"featured_media":8508,"comment_status":"closed","ping_status":"closed","template":"","meta":[],"product_brand":[],"product_cat":[324],"product_tag":[203,184,189,185,186,181,182,204,183],"class_list":{"0":"post-8507","1":"product","2":"type-product","3":"status-publish","4":"has-post-thumbnail","6":"product_cat-frm-part-1","7":"product_tag-analystprep","8":"product_tag-frm","9":"product_tag-frm-2024","10":"product_tag-frm-books","11":"product_tag-frm-ebooks","12":"product_tag-frm-exam","13":"product_tag-frm-prep","14":"product_tag-frm-question-bank","15":"product_tag-frm-test","17":"first","18":"instock","19":"downloadable","20":"virtual","21":"sold-individually","22":"purchasable","23":"product-type-simple"},"_links":{"self":[{"href":"https:\/\/www.cfaebooks.com\/fr\/wp-json\/wp\/v2\/product\/8507","targetHints":{"allow":["GET"]}}],"collection":[{"href":"https:\/\/www.cfaebooks.com\/fr\/wp-json\/wp\/v2\/product"}],"about":[{"href":"https:\/\/www.cfaebooks.com\/fr\/wp-json\/wp\/v2\/types\/product"}],"replies":[{"embeddable":true,"href":"https:\/\/www.cfaebooks.com\/fr\/wp-json\/wp\/v2\/comments?post=8507"}],"wp:featuredmedia":[{"embeddable":true,"href":"https:\/\/www.cfaebooks.com\/fr\/wp-json\/wp\/v2\/media\/8508"}],"wp:attachment":[{"href":"https:\/\/www.cfaebooks.com\/fr\/wp-json\/wp\/v2\/media?parent=8507"}],"wp:term":[{"taxonomy":"product_brand","embeddable":true,"href":"https:\/\/www.cfaebooks.com\/fr\/wp-json\/wp\/v2\/product_brand?post=8507"},{"taxonomy":"product_cat","embeddable":true,"href":"https:\/\/www.cfaebooks.com\/fr\/wp-json\/wp\/v2\/product_cat?post=8507"},{"taxonomy":"product_tag","embeddable":true,"href":"https:\/\/www.cfaebooks.com\/fr\/wp-json\/wp\/v2\/product_tag?post=8507"}],"curies":[{"name":"wp","href":"https:\/\/api.w.org\/{rel}","templated":true}]}}