{"id":8406,"date":"2024-03-07T12:44:15","date_gmt":"2024-03-07T12:44:15","guid":{"rendered":"https:\/\/www.cfaebooks.com\/?post_type=product&#038;p=8406"},"modified":"2026-04-03T07:57:04","modified_gmt":"2026-04-03T07:57:04","slug":"2024-cfa-niveau-1-eoc-questions-du-curriculum-2","status":"publish","type":"product","link":"https:\/\/www.cfaebooks.com\/fr\/products\/2024-cfa-niveau-1-eoc-questions-du-curriculum-2\/","title":{"rendered":"2024 CFA Niveau 1 EOC Questions du programme d'\u00e9tudes"},"content":{"rendered":"<p>Nous proposons \u00e0 la vente 2024 questions EOC du programme d'\u00e9tudes du CFA niveau 1. <\/p>\n\n\n\n<p>Inclure 10 sujets dans <a href=\"https:\/\/www.cfaebooks.com\/fr\/produit\/2024-cfa-program-curriculum-level-i-box-set\/\">Programme d'\u00e9tudes Niveau 1<\/a>: 1. Investissements alternatifs 2. Soci\u00e9t\u00e9s \u00e9mettrices 3. Les produits d\u00e9riv\u00e9s 4. L'\u00e9conomie 5. Actions 6. \u00c9thique 7. Analyse des \u00e9tats financiers 8. Gestion de portefeuille 10. M\u00e9thodes quantitatives<\/p>\n\n\n\n<ul class=\"wp-block-list\">\n<li>Il ne s'agit pas d'un livre physique mais d'une copie num\u00e9rique au format PDF. Ne l'achetez pas si vous souhaitez une copie physique.<\/li>\n\n\n\n<li>Apr\u00e8s avoir pass\u00e9 la commande, vous pouvez t\u00e9l\u00e9charger le livre \u00e9lectronique instantan\u00e9ment.<\/li>\n<\/ul>","protected":false},"excerpt":{"rendered":"<p>Nous proposons \u00e0 la vente 2024 questions EOC de niveau 1 du programme d'\u00e9tudes du CFA en PDF. Inclut 10 sujets dans le Curriculum Niveau 1 : 1. Investissements alternatifs 2. Les \u00e9metteurs d'entreprises 3. Les produits d\u00e9riv\u00e9s 4. L'\u00e9conomie 5. Actions 6. \u00c9thique 7. Analyse des \u00e9tats financiers 8. Gestion de portefeuille 10. M\u00e9thodes quantitatives<\/p>","protected":false},"featured_media":8407,"comment_status":"closed","ping_status":"closed","template":"","meta":[],"product_brand":[],"product_cat":[260],"product_tag":[86,93,88,90,87,91,89,92,201],"class_list":{"0":"post-8406","1":"product","2":"type-product","3":"status-publish","4":"has-post-thumbnail","6":"product_cat-cfa-level-1","7":"product_tag-cfa-2024","8":"product_tag-cfa-books","9":"product_tag-cfa-ebooks","10":"product_tag-cfa-exam","11":"product_tag-cfa-level-i","12":"product_tag-cfa-prep","13":"product_tag-cfa-program-curriculum","14":"product_tag-cfa-test","15":"product_tag-eoc-questions","17":"first","18":"instock","19":"downloadable","20":"virtual","21":"sold-individually","22":"purchasable","23":"product-type-simple"},"_links":{"self":[{"href":"https:\/\/www.cfaebooks.com\/fr\/wp-json\/wp\/v2\/product\/8406","targetHints":{"allow":["GET"]}}],"collection":[{"href":"https:\/\/www.cfaebooks.com\/fr\/wp-json\/wp\/v2\/product"}],"about":[{"href":"https:\/\/www.cfaebooks.com\/fr\/wp-json\/wp\/v2\/types\/product"}],"replies":[{"embeddable":true,"href":"https:\/\/www.cfaebooks.com\/fr\/wp-json\/wp\/v2\/comments?post=8406"}],"wp:featuredmedia":[{"embeddable":true,"href":"https:\/\/www.cfaebooks.com\/fr\/wp-json\/wp\/v2\/media\/8407"}],"wp:attachment":[{"href":"https:\/\/www.cfaebooks.com\/fr\/wp-json\/wp\/v2\/media?parent=8406"}],"wp:term":[{"taxonomy":"product_brand","embeddable":true,"href":"https:\/\/www.cfaebooks.com\/fr\/wp-json\/wp\/v2\/product_brand?post=8406"},{"taxonomy":"product_cat","embeddable":true,"href":"https:\/\/www.cfaebooks.com\/fr\/wp-json\/wp\/v2\/product_cat?post=8406"},{"taxonomy":"product_tag","embeddable":true,"href":"https:\/\/www.cfaebooks.com\/fr\/wp-json\/wp\/v2\/product_tag?post=8406"}],"curies":[{"name":"wp","href":"https:\/\/api.w.org\/{rel}","templated":true}]}}