{"id":8363,"date":"2024-03-06T05:56:19","date_gmt":"2024-03-06T05:56:19","guid":{"rendered":"https:\/\/www.cfaebooks.com\/?post_type=product&#038;p=8363"},"modified":"2026-04-03T07:57:00","modified_gmt":"2026-04-03T07:57:00","slug":"2024-frm-partie-2-schweser-notes-2","status":"publish","type":"product","link":"https:\/\/www.cfaebooks.com\/fr\/products\/2024-frm-partie-2-schweser-notes-2\/","title":{"rendered":"2024 FRM Part 2 Schweser Notes"},"content":{"rendered":"<p>Nous vendons 2024 FRM Part 2 Schweser Notes PDF. <\/p>\n\n\n\n<p>Comprend un ensemble de 5 livres : <\/p>\n\n\n\n<ul class=\"wp-block-list\">\n<li>Livre 1 : Mesure et gestion des risques de march\u00e9<\/li>\n\n\n\n<li>Livre 2 : Risque et gestion du cr\u00e9dit<\/li>\n\n\n\n<li>Livre 3 : Risque op\u00e9rationnel et r\u00e9silience<\/li>\n\n\n\n<li>Livre 4 : Mesure et gestion des risques de liquidit\u00e9 et de tr\u00e9sorerie<\/li>\n\n\n\n<li>Livre 5. Gestion des risques et des investissements &amp; Questions actuelles sur les march\u00e9s financiers<\/li>\n<\/ul>\n\n\n\n<p>Il ne s'agit pas d'un livre physique, mais d'une copie num\u00e9rique au format PDF. Ne l'achetez pas si vous souhaitez une copie physique. Apr\u00e8s avoir pass\u00e9 la commande, vous pouvez t\u00e9l\u00e9charger le livre \u00e9lectronique instantan\u00e9ment.<\/p>","protected":false},"excerpt":{"rendered":"<p>For sale is 2024 FRM Part 2 Schweser Notes PDF. Includes Set of 5 books: This is not a physical book it is a\u00a0PDF\u00a0digital copy. Please do not purchase if you want a physical hard copy. After checkout you can download the e-Book instantly.<\/p>","protected":false},"featured_media":8364,"comment_status":"closed","ping_status":"closed","template":"","meta":[],"product_brand":[],"product_cat":[356],"product_tag":[184,185,186,181,182,183,158,179],"class_list":{"0":"post-8363","1":"product","2":"type-product","3":"status-publish","4":"has-post-thumbnail","6":"product_cat-frm-part-2-2024","7":"product_tag-frm","8":"product_tag-frm-books","9":"product_tag-frm-ebooks","10":"product_tag-frm-exam","11":"product_tag-frm-prep","12":"product_tag-frm-test","13":"product_tag-kaplan-schweser","14":"product_tag-schweser-notes","16":"first","17":"instock","18":"downloadable","19":"virtual","20":"sold-individually","21":"purchasable","22":"product-type-simple"},"_links":{"self":[{"href":"https:\/\/www.cfaebooks.com\/fr\/wp-json\/wp\/v2\/product\/8363","targetHints":{"allow":["GET"]}}],"collection":[{"href":"https:\/\/www.cfaebooks.com\/fr\/wp-json\/wp\/v2\/product"}],"about":[{"href":"https:\/\/www.cfaebooks.com\/fr\/wp-json\/wp\/v2\/types\/product"}],"replies":[{"embeddable":true,"href":"https:\/\/www.cfaebooks.com\/fr\/wp-json\/wp\/v2\/comments?post=8363"}],"wp:featuredmedia":[{"embeddable":true,"href":"https:\/\/www.cfaebooks.com\/fr\/wp-json\/wp\/v2\/media\/8364"}],"wp:attachment":[{"href":"https:\/\/www.cfaebooks.com\/fr\/wp-json\/wp\/v2\/media?parent=8363"}],"wp:term":[{"taxonomy":"product_brand","embeddable":true,"href":"https:\/\/www.cfaebooks.com\/fr\/wp-json\/wp\/v2\/product_brand?post=8363"},{"taxonomy":"product_cat","embeddable":true,"href":"https:\/\/www.cfaebooks.com\/fr\/wp-json\/wp\/v2\/product_cat?post=8363"},{"taxonomy":"product_tag","embeddable":true,"href":"https:\/\/www.cfaebooks.com\/fr\/wp-json\/wp\/v2\/product_tag?post=8363"}],"curies":[{"name":"wp","href":"https:\/\/api.w.org\/{rel}","templated":true}]}}