{"id":8299,"date":"2024-03-05T08:00:35","date_gmt":"2024-03-05T08:00:35","guid":{"rendered":"https:\/\/www.cfaebooks.com\/?post_type=product&#038;p=8299"},"modified":"2026-04-03T07:56:42","modified_gmt":"2026-04-03T07:56:42","slug":"2024-cfa-program-curriculum-level-ii-box-set","status":"publish","type":"product","link":"https:\/\/www.cfaebooks.com\/fr\/products\/2024-cfa-program-curriculum-level-ii-box-set\/","title":{"rendered":"2024 CFA Program Curriculum Level II Box Set"},"content":{"rendered":"<p>La vente porte sur un livre \u00e9lectronique 2024 CFA Program Curriculum Level II Box Set PDF. <\/p>\n\n\n\n<p>Comprend un ensemble de 6 volumes : <\/p>\n\n\n\n<ul class=\"wp-block-list\">\n<li>Volume 1 : M\u00e9thodes quantitatives et \u00e9conomie<\/li>\n\n\n\n<li>Volume 2 : Analyse des \u00e9tats financiers<\/li>\n\n\n\n<li>Volume 3 : Soci\u00e9t\u00e9s \u00e9mettrices et \u00e9valuation des actions<\/li>\n\n\n\n<li>Volume 4 : \u00c9valuation des actions et revenus fixes<\/li>\n\n\n\n<li>Volume 5 : Produits d\u00e9riv\u00e9s, investissements alternatifs et gestion de portefeuille<\/li>\n\n\n\n<li>Volume 6 : Gestion de portefeuille et normes \u00e9thiques et professionnelles<\/li>\n<\/ul>\n\n\n\n<p>Il ne s'agit pas d'un livre physique, mais d'une copie num\u00e9rique au format PDF. Ne l'achetez pas si vous souhaitez une copie physique. Apr\u00e8s avoir pass\u00e9 la commande, vous pouvez t\u00e9l\u00e9charger le livre \u00e9lectronique instantan\u00e9ment.<\/p>","protected":false},"excerpt":{"rendered":"<p>For sale is an e-Book 2024 CFA Program Curriculum Level II Box Set PDF. Includes Set of 6 volumes: This is not a physical book it is a\u00a0PDF\u00a0digital copy. Please do not purchase if you want a physical hard copy. After checkout you can download the e-Book instantly.<\/p>","protected":false},"featured_media":8300,"comment_status":"closed","ping_status":"closed","template":"","meta":[],"product_brand":[],"product_cat":[350],"product_tag":[86,93,88,90,174,178,91,89,92,169],"class_list":{"0":"post-8299","1":"product","2":"type-product","3":"status-publish","4":"has-post-thumbnail","6":"product_cat-cfa-level-2-2024","7":"product_tag-cfa-2024","8":"product_tag-cfa-books","9":"product_tag-cfa-ebooks","10":"product_tag-cfa-exam","11":"product_tag-cfa-institute","12":"product_tag-cfa-level-2","13":"product_tag-cfa-prep","14":"product_tag-cfa-program-curriculum","15":"product_tag-cfa-test","16":"product_tag-wiley","18":"first","19":"instock","20":"downloadable","21":"virtual","22":"sold-individually","23":"purchasable","24":"product-type-simple"},"_links":{"self":[{"href":"https:\/\/www.cfaebooks.com\/fr\/wp-json\/wp\/v2\/product\/8299","targetHints":{"allow":["GET"]}}],"collection":[{"href":"https:\/\/www.cfaebooks.com\/fr\/wp-json\/wp\/v2\/product"}],"about":[{"href":"https:\/\/www.cfaebooks.com\/fr\/wp-json\/wp\/v2\/types\/product"}],"replies":[{"embeddable":true,"href":"https:\/\/www.cfaebooks.com\/fr\/wp-json\/wp\/v2\/comments?post=8299"}],"wp:featuredmedia":[{"embeddable":true,"href":"https:\/\/www.cfaebooks.com\/fr\/wp-json\/wp\/v2\/media\/8300"}],"wp:attachment":[{"href":"https:\/\/www.cfaebooks.com\/fr\/wp-json\/wp\/v2\/media?parent=8299"}],"wp:term":[{"taxonomy":"product_brand","embeddable":true,"href":"https:\/\/www.cfaebooks.com\/fr\/wp-json\/wp\/v2\/product_brand?post=8299"},{"taxonomy":"product_cat","embeddable":true,"href":"https:\/\/www.cfaebooks.com\/fr\/wp-json\/wp\/v2\/product_cat?post=8299"},{"taxonomy":"product_tag","embeddable":true,"href":"https:\/\/www.cfaebooks.com\/fr\/wp-json\/wp\/v2\/product_tag?post=8299"}],"curies":[{"name":"wp","href":"https:\/\/api.w.org\/{rel}","templated":true}]}}