{"id":8287,"date":"2024-03-04T15:19:29","date_gmt":"2024-03-04T15:19:29","guid":{"rendered":"https:\/\/www.cfaebooks.com\/?post_type=product&#038;p=8287"},"modified":"2026-04-03T07:56:39","modified_gmt":"2026-04-03T07:56:39","slug":"2024-cfa-niveau-2-schweser-notes-2","status":"publish","type":"product","link":"https:\/\/www.cfaebooks.com\/fr\/products\/2024-cfa-niveau-2-schweser-notes-2\/","title":{"rendered":"2024 Notes Schweser CFA niveau 2"},"content":{"rendered":"<p>A vendre est un e-Book 2024 CFA Level 2 Schweser Notes PDF. Comprend un ensemble de 5 livres : Livre 1 : Quantitative Methods and Economics, Book 2 : Financial Statement Analysis and Corporate Issuers, Book 3 : Equity Valuation, Book 4 : Fixed Income, Derivatives, and Alternative Investments, Book 5 : Portfolio Management and Ethical and Professional.<\/p>\n\n\n\n<ul class=\"wp-block-list\">\n<li>Il ne s'agit pas d'un livre physique mais d'un PDF num\u00e9rique. N'achetez pas ce livre si vous voulez une copie physique.<\/li>\n\n\n\n<li>Apr\u00e8s avoir pass\u00e9 la commande, vous pouvez t\u00e9l\u00e9charger le livre \u00e9lectronique instantan\u00e9ment.<\/li>\n<\/ul>","protected":false},"excerpt":{"rendered":"<p>A vendre est un e-Book 2024 CFA Level 2 Schweser Notes PDF. Comprend un ensemble de 5 livres : Livre 1 : Quantitative Methods and Economics, Book 2 : Financial Statement Analysis and Corporate Issuers, Book 3 : Equity Valuation, Book 4 : Fixed Income, Derivatives, and Alternative Investments, Book 5 : Portfolio Management and Ethical and Professional.<\/p>","protected":false},"featured_media":8291,"comment_status":"closed","ping_status":"closed","template":"","meta":[],"product_brand":[],"product_cat":[350],"product_tag":[86,93,88,90,178,91,92,158,179],"class_list":{"0":"post-8287","1":"product","2":"type-product","3":"status-publish","4":"has-post-thumbnail","6":"product_cat-cfa-level-2-2024","7":"product_tag-cfa-2024","8":"product_tag-cfa-books","9":"product_tag-cfa-ebooks","10":"product_tag-cfa-exam","11":"product_tag-cfa-level-2","12":"product_tag-cfa-prep","13":"product_tag-cfa-test","14":"product_tag-kaplan-schweser","15":"product_tag-schweser-notes","17":"first","18":"instock","19":"downloadable","20":"virtual","21":"sold-individually","22":"purchasable","23":"product-type-simple"},"_links":{"self":[{"href":"https:\/\/www.cfaebooks.com\/fr\/wp-json\/wp\/v2\/product\/8287","targetHints":{"allow":["GET"]}}],"collection":[{"href":"https:\/\/www.cfaebooks.com\/fr\/wp-json\/wp\/v2\/product"}],"about":[{"href":"https:\/\/www.cfaebooks.com\/fr\/wp-json\/wp\/v2\/types\/product"}],"replies":[{"embeddable":true,"href":"https:\/\/www.cfaebooks.com\/fr\/wp-json\/wp\/v2\/comments?post=8287"}],"wp:featuredmedia":[{"embeddable":true,"href":"https:\/\/www.cfaebooks.com\/fr\/wp-json\/wp\/v2\/media\/8291"}],"wp:attachment":[{"href":"https:\/\/www.cfaebooks.com\/fr\/wp-json\/wp\/v2\/media?parent=8287"}],"wp:term":[{"taxonomy":"product_brand","embeddable":true,"href":"https:\/\/www.cfaebooks.com\/fr\/wp-json\/wp\/v2\/product_brand?post=8287"},{"taxonomy":"product_cat","embeddable":true,"href":"https:\/\/www.cfaebooks.com\/fr\/wp-json\/wp\/v2\/product_cat?post=8287"},{"taxonomy":"product_tag","embeddable":true,"href":"https:\/\/www.cfaebooks.com\/fr\/wp-json\/wp\/v2\/product_tag?post=8287"}],"curies":[{"name":"wp","href":"https:\/\/api.w.org\/{rel}","templated":true}]}}