{"id":8282,"date":"2024-03-04T08:21:00","date_gmt":"2024-03-04T08:21:00","guid":{"rendered":"https:\/\/www.cfaebooks.com\/?post_type=product&#038;p=8282"},"modified":"2026-04-03T07:56:36","modified_gmt":"2026-04-03T07:56:36","slug":"2024-banque-de-questions-cfa-niveau-2","status":"publish","type":"product","link":"https:\/\/www.cfaebooks.com\/fr\/products\/2024-banque-de-questions-cfa-niveau-2\/","title":{"rendered":"2024 Banque de questions CFA niveau 2"},"content":{"rendered":"<p>A vendre est un livre \u00e9lectronique 2024 CFA Level 2 Schweser Question Bank PDF. Plus de 1000 questions et r\u00e9ponses. Inclut des questions et des r\u00e9ponses pour chaque question. Couvre l'ensemble du programme - Tests s\u00e9par\u00e9s pour chaque sujet.<\/p>\n\n\n\n<ul class=\"wp-block-list\">\n<li>Il ne s'agit pas d'un livre physique mais d'une copie num\u00e9rique au format PDF. Ne l'achetez pas si vous souhaitez une copie physique.<\/li>\n\n\n\n<li>Apr\u00e8s avoir pass\u00e9 la commande, vous pouvez t\u00e9l\u00e9charger le livre \u00e9lectronique instantan\u00e9ment.<\/li>\n<\/ul>","protected":false},"excerpt":{"rendered":"<p>A vendre est un livre \u00e9lectronique 2024 CFA Level 2 Schweser Question Bank PDF. Plus de 1000 questions et r\u00e9ponses. Inclut des questions et des r\u00e9ponses pour chaque question. Couvre l'ensemble du programme - Tests s\u00e9par\u00e9s pour chaque sujet.<\/p>","protected":false},"featured_media":8284,"comment_status":"closed","ping_status":"closed","template":"","meta":[],"product_brand":[],"product_cat":[350],"product_tag":[93,90,178,91,158,162,161,163],"class_list":{"0":"post-8282","1":"product","2":"type-product","3":"status-publish","4":"has-post-thumbnail","6":"product_cat-cfa-level-2-2024","7":"product_tag-cfa-books","8":"product_tag-cfa-exam","9":"product_tag-cfa-level-2","10":"product_tag-cfa-prep","11":"product_tag-kaplan-schweser","12":"product_tag-qbank","13":"product_tag-question-bank","14":"product_tag-schweser-qbank","16":"first","17":"instock","18":"downloadable","19":"virtual","20":"sold-individually","21":"purchasable","22":"product-type-simple"},"_links":{"self":[{"href":"https:\/\/www.cfaebooks.com\/fr\/wp-json\/wp\/v2\/product\/8282","targetHints":{"allow":["GET"]}}],"collection":[{"href":"https:\/\/www.cfaebooks.com\/fr\/wp-json\/wp\/v2\/product"}],"about":[{"href":"https:\/\/www.cfaebooks.com\/fr\/wp-json\/wp\/v2\/types\/product"}],"replies":[{"embeddable":true,"href":"https:\/\/www.cfaebooks.com\/fr\/wp-json\/wp\/v2\/comments?post=8282"}],"wp:featuredmedia":[{"embeddable":true,"href":"https:\/\/www.cfaebooks.com\/fr\/wp-json\/wp\/v2\/media\/8284"}],"wp:attachment":[{"href":"https:\/\/www.cfaebooks.com\/fr\/wp-json\/wp\/v2\/media?parent=8282"}],"wp:term":[{"taxonomy":"product_brand","embeddable":true,"href":"https:\/\/www.cfaebooks.com\/fr\/wp-json\/wp\/v2\/product_brand?post=8282"},{"taxonomy":"product_cat","embeddable":true,"href":"https:\/\/www.cfaebooks.com\/fr\/wp-json\/wp\/v2\/product_cat?post=8282"},{"taxonomy":"product_tag","embeddable":true,"href":"https:\/\/www.cfaebooks.com\/fr\/wp-json\/wp\/v2\/product_tag?post=8282"}],"curies":[{"name":"wp","href":"https:\/\/api.w.org\/{rel}","templated":true}]}}