{"id":8199,"date":"2024-03-03T13:54:09","date_gmt":"2024-03-03T13:54:09","guid":{"rendered":"https:\/\/www.cfaebooks.com\/?post_type=product&#038;p=8199"},"modified":"2026-04-03T07:56:24","modified_gmt":"2026-04-03T07:56:24","slug":"juice-notes-cfa-level-i-2024-fintree","status":"publish","type":"product","link":"https:\/\/www.cfaebooks.com\/fr\/products\/juice-notes-cfa-level-i-2024-fintree\/","title":{"rendered":"Notes sur les jus CFA niveau I 2024 Fintree"},"content":{"rendered":"<p>Nous vendons un livre \u00e9lectronique 2024 CFA level I Fintree Juice Notes PDF.<\/p>\n\n\n\n<p>Comprend un ensemble de 10 livres :<\/p>\n\n\n\n<ol class=\"wp-block-list\">\n<li>Normes \u00e9thiques et professionnelles<\/li>\n\n\n\n<li>M\u00e9thodes quantitatives<\/li>\n\n\n\n<li>\u00c9conomie<\/li>\n\n\n\n<li>Analyse des \u00e9tats financiers<\/li>\n\n\n\n<li>Soci\u00e9t\u00e9s \u00e9mettrices<\/li>\n\n\n\n<li>Investissements en actions<\/li>\n\n\n\n<li>Revenu fixe<\/li>\n\n\n\n<li>Produits d\u00e9riv\u00e9s<\/li>\n\n\n\n<li>Investissements alternatifs<\/li>\n\n\n\n<li>Gestion de portefeuille<\/li>\n<\/ol>\n\n\n\n<p>Il ne s'agit pas d'un livre physique, mais d'une copie num\u00e9rique au format PDF. Ne l'achetez pas si vous souhaitez une copie physique. Apr\u00e8s avoir pass\u00e9 la commande, vous pouvez t\u00e9l\u00e9charger le livre \u00e9lectronique instantan\u00e9ment.<\/p>","protected":false},"excerpt":{"rendered":"<p>For sale is an e-Book 2024 CFA level I Fintree Juice Notes PDF. Includes Set of 10 books: This is not a physical book it is a&nbsp;PDF&nbsp;digital copy. Please do not purchase if you want a physical hard copy. After checkout you can download the e-Book instantly.<\/p>","protected":false},"featured_media":8402,"comment_status":"closed","ping_status":"closed","template":"","meta":[],"product_brand":[],"product_cat":[260],"product_tag":[86,93,88,90,87,91,92,173],"class_list":{"0":"post-8199","1":"product","2":"type-product","3":"status-publish","4":"has-post-thumbnail","6":"product_cat-cfa-level-1","7":"product_tag-cfa-2024","8":"product_tag-cfa-books","9":"product_tag-cfa-ebooks","10":"product_tag-cfa-exam","11":"product_tag-cfa-level-i","12":"product_tag-cfa-prep","13":"product_tag-cfa-test","14":"product_tag-juicenotes","16":"first","17":"instock","18":"downloadable","19":"virtual","20":"sold-individually","21":"purchasable","22":"product-type-simple"},"_links":{"self":[{"href":"https:\/\/www.cfaebooks.com\/fr\/wp-json\/wp\/v2\/product\/8199","targetHints":{"allow":["GET"]}}],"collection":[{"href":"https:\/\/www.cfaebooks.com\/fr\/wp-json\/wp\/v2\/product"}],"about":[{"href":"https:\/\/www.cfaebooks.com\/fr\/wp-json\/wp\/v2\/types\/product"}],"replies":[{"embeddable":true,"href":"https:\/\/www.cfaebooks.com\/fr\/wp-json\/wp\/v2\/comments?post=8199"}],"wp:featuredmedia":[{"embeddable":true,"href":"https:\/\/www.cfaebooks.com\/fr\/wp-json\/wp\/v2\/media\/8402"}],"wp:attachment":[{"href":"https:\/\/www.cfaebooks.com\/fr\/wp-json\/wp\/v2\/media?parent=8199"}],"wp:term":[{"taxonomy":"product_brand","embeddable":true,"href":"https:\/\/www.cfaebooks.com\/fr\/wp-json\/wp\/v2\/product_brand?post=8199"},{"taxonomy":"product_cat","embeddable":true,"href":"https:\/\/www.cfaebooks.com\/fr\/wp-json\/wp\/v2\/product_cat?post=8199"},{"taxonomy":"product_tag","embeddable":true,"href":"https:\/\/www.cfaebooks.com\/fr\/wp-json\/wp\/v2\/product_tag?post=8199"}],"curies":[{"name":"wp","href":"https:\/\/api.w.org\/{rel}","templated":true}]}}