{"id":8183,"date":"2024-03-03T06:17:35","date_gmt":"2024-03-03T06:17:35","guid":{"rendered":"https:\/\/www.cfaebooks.com\/?post_type=product&#038;p=8183"},"modified":"2026-04-03T07:56:17","modified_gmt":"2026-04-03T07:56:17","slug":"2024-cfa-niveau-1-ift-notes-detude-2","status":"publish","type":"product","link":"https:\/\/www.cfaebooks.com\/fr\/products\/2024-cfa-niveau-1-ift-notes-detude-2\/","title":{"rendered":"2024 Notes d'\u00e9tude CFA Niveau 1 IFT"},"content":{"rendered":"<p>Nous vendons un livre \u00e9lectronique 2024 CFA Level 1 IFT Study Notes PDF. Il ne s'agit pas d'un livre physique mais d'une copie num\u00e9rique en format PDF. N'achetez pas ce livre si vous voulez une copie physique. Apr\u00e8s avoir pass\u00e9 la commande, vous pouvez t\u00e9l\u00e9charger le livre \u00e9lectronique instantan\u00e9ment.<\/p>\n\n\n\n<p>Comprend les sujets suivants :<\/p>\n\n\n\n<ol class=\"wp-block-list\">\n<li>M\u00e9thodes quantitatives<\/li>\n\n\n\n<li>\u00c9conomie<\/li>\n\n\n\n<li>Soci\u00e9t\u00e9s \u00e9mettrices<\/li>\n\n\n\n<li>Analyse des \u00e9tats financiers<\/li>\n\n\n\n<li>Investissements en actions<\/li>\n\n\n\n<li>Revenu fixe<\/li>\n\n\n\n<li>Produits d\u00e9riv\u00e9s<\/li>\n\n\n\n<li>Investissements alternatifs<\/li>\n\n\n\n<li>Gestion de portefeuille<\/li>\n\n\n\n<li>Normes \u00e9thiques et professionnelles<\/li>\n<\/ol>\n\n\n\n<p>Vous obtiendrez des notes d'\u00e9tude d\u00e9taill\u00e9es couvrant tous les LOS, et qui incluent :<\/p>\n\n\n\n<ul class=\"wp-block-list\">\n<li>Exemples<\/li>\n\n\n\n<li>Questions pratiques<\/li>\n\n\n\n<li>R\u00e9sum\u00e9 de chaque lecture<\/li>\n<\/ul>","protected":false},"excerpt":{"rendered":"<p>For sale is an e-Book 2024 CFA Level 1 IFT Study Notes PDF. This is not a physical book it is a\u00a0PDF\u00a0digital copy. Please do not purchase if you want a physical hard copy. After checkout you can download the e-Book instantly. Includes the following topics: You will get detailed Study Notes covering all LOS, [&hellip;]<\/p>\n","protected":false},"featured_media":8313,"comment_status":"closed","ping_status":"closed","template":"","meta":[],"product_brand":[],"product_cat":[349],"product_tag":[86,93,88,90,87,91,92,167,168],"class_list":{"0":"post-8183","1":"product","2":"type-product","3":"status-publish","4":"has-post-thumbnail","6":"product_cat-cfa-level-1-2024","7":"product_tag-cfa-2024","8":"product_tag-cfa-books","9":"product_tag-cfa-ebooks","10":"product_tag-cfa-exam","11":"product_tag-cfa-level-i","12":"product_tag-cfa-prep","13":"product_tag-cfa-test","14":"product_tag-ift","15":"product_tag-study-notes","17":"first","18":"instock","19":"downloadable","20":"virtual","21":"sold-individually","22":"purchasable","23":"product-type-simple"},"_links":{"self":[{"href":"https:\/\/www.cfaebooks.com\/fr\/wp-json\/wp\/v2\/product\/8183","targetHints":{"allow":["GET"]}}],"collection":[{"href":"https:\/\/www.cfaebooks.com\/fr\/wp-json\/wp\/v2\/product"}],"about":[{"href":"https:\/\/www.cfaebooks.com\/fr\/wp-json\/wp\/v2\/types\/product"}],"replies":[{"embeddable":true,"href":"https:\/\/www.cfaebooks.com\/fr\/wp-json\/wp\/v2\/comments?post=8183"}],"wp:featuredmedia":[{"embeddable":true,"href":"https:\/\/www.cfaebooks.com\/fr\/wp-json\/wp\/v2\/media\/8313"}],"wp:attachment":[{"href":"https:\/\/www.cfaebooks.com\/fr\/wp-json\/wp\/v2\/media?parent=8183"}],"wp:term":[{"taxonomy":"product_brand","embeddable":true,"href":"https:\/\/www.cfaebooks.com\/fr\/wp-json\/wp\/v2\/product_brand?post=8183"},{"taxonomy":"product_cat","embeddable":true,"href":"https:\/\/www.cfaebooks.com\/fr\/wp-json\/wp\/v2\/product_cat?post=8183"},{"taxonomy":"product_tag","embeddable":true,"href":"https:\/\/www.cfaebooks.com\/fr\/wp-json\/wp\/v2\/product_tag?post=8183"}],"curies":[{"name":"wp","href":"https:\/\/api.w.org\/{rel}","templated":true}]}}