{"id":7775,"date":"2024-03-01T07:34:24","date_gmt":"2024-03-01T07:34:24","guid":{"rendered":"https:\/\/www.cfaebooks.com\/?post_type=product&#038;p=7775"},"modified":"2026-04-03T07:55:55","modified_gmt":"2026-04-03T07:55:55","slug":"2024-cfa-program-curriculum-level-1-full-box-set","status":"publish","type":"product","link":"https:\/\/www.cfaebooks.com\/fr\/products\/2024-cfa-program-curriculum-level-1-full-box-set\/","title":{"rendered":"2024 CFA Program Curriculum Level 1 Full Box Set"},"content":{"rendered":"<p>Nous vendons un livre \u00e9lectronique 2024 CFA Program Curriculum Level I Box Set.<\/p>\n\n\n\n<p>Les volumes comprennent<\/p>\n\n\n\n<ul class=\"wp-block-list\">\n<li>Volume 1 : M\u00e9thodes quantitatives<\/li>\n\n\n\n<li>Volume 2 : \u00c9conomie et analyse des \u00e9tats financiers<\/li>\n\n\n\n<li>Volume 3 : Analyse des \u00e9tats financiers et soci\u00e9t\u00e9s \u00e9mettrices<\/li>\n\n\n\n<li>Volume 4 : Soci\u00e9t\u00e9s \u00e9mettrices, investissements en actions et titres \u00e0 revenu fixe<\/li>\n\n\n\n<li>Volume 5 : Revenu fixe, produits d\u00e9riv\u00e9s, investissements alternatifs et gestion de portefeuille<\/li>\n\n\n\n<li>Volume 6 : Gestion de portefeuille et normes \u00e9thiques et professionnelles<\/li>\n<\/ul>\n\n\n\n<p>Il ne s'agit pas d'un livre physique, mais d'une copie num\u00e9rique au format PDF. Ne l'achetez pas si vous souhaitez une copie physique. Apr\u00e8s avoir pass\u00e9 la commande, vous pouvez t\u00e9l\u00e9charger le livre \u00e9lectronique instantan\u00e9ment.<\/p>","protected":false},"excerpt":{"rendered":"<p>For sale is an e-Book 2024 CFA Program Curriculum Level I Box Set. Volumes include: This is not a physical book it is a\u00a0PDF\u00a0digital copy. Please do not purchase if you want a physical hard copy. After checkout you can download the e-Book instantly.<\/p>","protected":false},"featured_media":8111,"comment_status":"closed","ping_status":"closed","template":"","meta":[],"product_brand":[],"product_cat":[349],"product_tag":[86,87,89],"class_list":{"0":"post-7775","1":"product","2":"type-product","3":"status-publish","4":"has-post-thumbnail","6":"product_cat-cfa-level-1-2024","7":"product_tag-cfa-2024","8":"product_tag-cfa-level-i","9":"product_tag-cfa-program-curriculum","11":"first","12":"instock","13":"downloadable","14":"virtual","15":"sold-individually","16":"purchasable","17":"product-type-simple"},"_links":{"self":[{"href":"https:\/\/www.cfaebooks.com\/fr\/wp-json\/wp\/v2\/product\/7775","targetHints":{"allow":["GET"]}}],"collection":[{"href":"https:\/\/www.cfaebooks.com\/fr\/wp-json\/wp\/v2\/product"}],"about":[{"href":"https:\/\/www.cfaebooks.com\/fr\/wp-json\/wp\/v2\/types\/product"}],"replies":[{"embeddable":true,"href":"https:\/\/www.cfaebooks.com\/fr\/wp-json\/wp\/v2\/comments?post=7775"}],"wp:featuredmedia":[{"embeddable":true,"href":"https:\/\/www.cfaebooks.com\/fr\/wp-json\/wp\/v2\/media\/8111"}],"wp:attachment":[{"href":"https:\/\/www.cfaebooks.com\/fr\/wp-json\/wp\/v2\/media?parent=7775"}],"wp:term":[{"taxonomy":"product_brand","embeddable":true,"href":"https:\/\/www.cfaebooks.com\/fr\/wp-json\/wp\/v2\/product_brand?post=7775"},{"taxonomy":"product_cat","embeddable":true,"href":"https:\/\/www.cfaebooks.com\/fr\/wp-json\/wp\/v2\/product_cat?post=7775"},{"taxonomy":"product_tag","embeddable":true,"href":"https:\/\/www.cfaebooks.com\/fr\/wp-json\/wp\/v2\/product_tag?post=7775"}],"curies":[{"name":"wp","href":"https:\/\/api.w.org\/{rel}","templated":true}]}}