{"id":17443,"date":"2026-04-05T02:10:29","date_gmt":"2026-04-05T02:10:29","guid":{"rendered":"https:\/\/www.cfaebooks.com\/?post_type=product&#038;p=17443"},"modified":"2026-04-05T04:57:18","modified_gmt":"2026-04-05T04:57:18","slug":"cpa-2026-uworld-study-guide-reg","status":"publish","type":"product","link":"https:\/\/www.cfaebooks.com\/fr\/products\/cpa-2026-uworld-study-guide-reg\/","title":{"rendered":"CPA 2026 &#8211; UWorld Study Guide REG"},"content":{"rendered":"<p>For sale is an e-Book CPA 2026 &#8211; UWorld Study Guide REG pdf.<\/p>\n\n\n\n<p><strong>Core section:<\/strong><\/p>\n\n\n\n<ul class=\"wp-block-list\">\n<li>REG &#8211; <strong><strong>Taxation and Regulation<\/strong><\/strong><\/li>\n<\/ul>\n\n\n\n<p>We also have the full set available includes all 6 exam sections.<\/p>\n\n\n\n<p>Le texte peut \u00eatre recherch\u00e9 \u00e0 l'aide de la fonction de recherche de votre clavier d'ordinateur \"ctrl+f\" et \u00e0 l'aide de la fonction de recherche de votre smartphone\/tablette. Il ne s'agit pas de livres physiques, mais de copies num\u00e9riques au format PDF. N'achetez pas ces livres si vous souhaitez une copie physique.<\/p>\n\n\n\n<p>Apr\u00e8s avoir pass\u00e9 la commande, vous pouvez t\u00e9l\u00e9charger le livre \u00e9lectronique instantan\u00e9ment.<\/p>","protected":false},"excerpt":{"rendered":"<p>For sale is an e-Book CPA 2026 &#8211; UWorld Study Guide REG pdf. Core section: We also have the full set available includes all 6 exam sections. The text is searchable using the find feature on your computer keyboard \u2018ctrl+f\u2019 and through search on your smartphone\/tablet. These are not physical books they are PDF digital [&hellip;]<\/p>\n","protected":false},"featured_media":17444,"comment_status":"closed","ping_status":"closed","template":"","meta":[],"product_brand":[],"product_cat":[424],"product_tag":[425,430,429,427,433,428,426,171,170],"class_list":{"0":"post-17443","1":"product","2":"type-product","3":"status-publish","4":"has-post-thumbnail","6":"product_cat-cpa","7":"product_tag-cpa-2026","8":"product_tag-cpa-book","9":"product_tag-cpa-ebooks","10":"product_tag-cpa-exam","11":"product_tag-cpa-reg","12":"product_tag-cpa-test","13":"product_tag-cpa-uworld","14":"product_tag-study-guide","15":"product_tag-uworld","17":"first","18":"instock","19":"downloadable","20":"virtual","21":"sold-individually","22":"purchasable","23":"product-type-simple"},"_links":{"self":[{"href":"https:\/\/www.cfaebooks.com\/fr\/wp-json\/wp\/v2\/product\/17443","targetHints":{"allow":["GET"]}}],"collection":[{"href":"https:\/\/www.cfaebooks.com\/fr\/wp-json\/wp\/v2\/product"}],"about":[{"href":"https:\/\/www.cfaebooks.com\/fr\/wp-json\/wp\/v2\/types\/product"}],"replies":[{"embeddable":true,"href":"https:\/\/www.cfaebooks.com\/fr\/wp-json\/wp\/v2\/comments?post=17443"}],"wp:featuredmedia":[{"embeddable":true,"href":"https:\/\/www.cfaebooks.com\/fr\/wp-json\/wp\/v2\/media\/17444"}],"wp:attachment":[{"href":"https:\/\/www.cfaebooks.com\/fr\/wp-json\/wp\/v2\/media?parent=17443"}],"wp:term":[{"taxonomy":"product_brand","embeddable":true,"href":"https:\/\/www.cfaebooks.com\/fr\/wp-json\/wp\/v2\/product_brand?post=17443"},{"taxonomy":"product_cat","embeddable":true,"href":"https:\/\/www.cfaebooks.com\/fr\/wp-json\/wp\/v2\/product_cat?post=17443"},{"taxonomy":"product_tag","embeddable":true,"href":"https:\/\/www.cfaebooks.com\/fr\/wp-json\/wp\/v2\/product_tag?post=17443"}],"curies":[{"name":"wp","href":"https:\/\/api.w.org\/{rel}","templated":true}]}}