{"id":17382,"date":"2026-04-04T13:23:23","date_gmt":"2026-04-04T13:23:23","guid":{"rendered":"https:\/\/www.cfaebooks.com\/?post_type=product&#038;p=17382"},"modified":"2026-04-04T13:47:41","modified_gmt":"2026-04-04T13:47:41","slug":"frm-2026-part-1-analystprep-study-notes","status":"publish","type":"product","link":"https:\/\/www.cfaebooks.com\/fr\/products\/frm-2026-part-1-analystprep-study-notes\/","title":{"rendered":"FRM 2026 Part 1 &#8211; AnalystPrep Study Notes"},"content":{"rendered":"<p>For sale is an e-Book FRM 2026 Part 1 &#8211; AnalystPrep Study Notes + Formula Sheet pdf.<\/p>\n\n\n\n<p><strong>Th\u00e8mes abord\u00e9s :<\/strong><\/p>\n\n\n\n<ul class=\"wp-block-list\">\n<li><strong>Fondements de la gestion des risques<\/strong><\/li>\n\n\n\n<li><strong>Analyse quantitative<\/strong><\/li>\n\n\n\n<li><strong>March\u00e9s et produits financiers<\/strong><\/li>\n\n\n\n<li><strong>Mod\u00e8les d'\u00e9valuation et de risque<\/strong><\/li>\n<\/ul>\n\n\n\n<p><strong>and Formula Sheet<\/strong><\/p>\n\n\n\n<p>Il ne s'agit pas d'un livre physique mais d'une copie num\u00e9rique au format PDF. Ne l'achetez pas si vous souhaitez une copie physique.<\/p>\n\n\n\n<p>Apr\u00e8s avoir pass\u00e9 la commande, vous pouvez t\u00e9l\u00e9charger le livre \u00e9lectronique instantan\u00e9ment.<\/p>","protected":false},"excerpt":{"rendered":"<p>For sale is an e-Book FRM 2026 Part 1 &#8211; AnalystPrep Study Notes + Formula Sheet pdf. Topics Covered: and Formula Sheet This is not a physical book it is a&nbsp;PDF&nbsp;digital copy. Please do not purchase if you want a physical hard copy After checkout you can download the e-Book instantly.<\/p>","protected":false},"featured_media":17383,"comment_status":"closed","ping_status":"closed","template":"","meta":[],"product_brand":[],"product_cat":[324],"product_tag":[184,409,185,186,181,205,410,182,362,183],"class_list":{"0":"post-17382","1":"product","2":"type-product","3":"status-publish","4":"has-post-thumbnail","6":"product_cat-frm-part-1","7":"product_tag-frm","8":"product_tag-frm-2026","9":"product_tag-frm-books","10":"product_tag-frm-ebooks","11":"product_tag-frm-exam","12":"product_tag-frm-part-1","13":"product_tag-frm-part-1-2026","14":"product_tag-frm-prep","15":"product_tag-frm-study-notes","16":"product_tag-frm-test","18":"first","19":"instock","20":"downloadable","21":"virtual","22":"sold-individually","23":"purchasable","24":"product-type-simple"},"_links":{"self":[{"href":"https:\/\/www.cfaebooks.com\/fr\/wp-json\/wp\/v2\/product\/17382","targetHints":{"allow":["GET"]}}],"collection":[{"href":"https:\/\/www.cfaebooks.com\/fr\/wp-json\/wp\/v2\/product"}],"about":[{"href":"https:\/\/www.cfaebooks.com\/fr\/wp-json\/wp\/v2\/types\/product"}],"replies":[{"embeddable":true,"href":"https:\/\/www.cfaebooks.com\/fr\/wp-json\/wp\/v2\/comments?post=17382"}],"wp:featuredmedia":[{"embeddable":true,"href":"https:\/\/www.cfaebooks.com\/fr\/wp-json\/wp\/v2\/media\/17383"}],"wp:attachment":[{"href":"https:\/\/www.cfaebooks.com\/fr\/wp-json\/wp\/v2\/media?parent=17382"}],"wp:term":[{"taxonomy":"product_brand","embeddable":true,"href":"https:\/\/www.cfaebooks.com\/fr\/wp-json\/wp\/v2\/product_brand?post=17382"},{"taxonomy":"product_cat","embeddable":true,"href":"https:\/\/www.cfaebooks.com\/fr\/wp-json\/wp\/v2\/product_cat?post=17382"},{"taxonomy":"product_tag","embeddable":true,"href":"https:\/\/www.cfaebooks.com\/fr\/wp-json\/wp\/v2\/product_tag?post=17382"}],"curies":[{"name":"wp","href":"https:\/\/api.w.org\/{rel}","templated":true}]}}