{"id":16859,"date":"2026-03-18T13:30:29","date_gmt":"2026-03-18T13:30:29","guid":{"rendered":"https:\/\/www.cfaebooks.com\/?post_type=product&#038;p=16859"},"modified":"2026-04-03T08:10:16","modified_gmt":"2026-04-03T08:10:16","slug":"bionic-turtle-frm-2026-part-1-question-bank","status":"publish","type":"product","link":"https:\/\/www.cfaebooks.com\/fr\/products\/bionic-turtle-frm-2026-part-1-question-bank\/","title":{"rendered":"Bionic Turtle FRM 2026 Part 1 Question Bank"},"content":{"rendered":"<p>For sale is an e-Book Bionic Turtle FRM 2026 Part 1 Question Bank  pdf.<\/p>\n\n\n\n<p>Includes questions and answers.<\/p>\n\n\n\n<p>Topics cover:<\/p>\n\n\n\n<ul class=\"wp-block-list\">\n<li><strong>Fondements de la gestion des risques<\/strong><\/li>\n\n\n\n<li><strong>Analyse quantitative<\/strong><\/li>\n\n\n\n<li><strong>March\u00e9s et produits financiers<\/strong><\/li>\n\n\n\n<li><strong>Mod\u00e8les d'\u00e9valuation et de risque<\/strong><\/li>\n<\/ul>\n\n\n\n<p>Le texte peut \u00eatre recherch\u00e9 \u00e0 l'aide de la fonction de recherche de votre clavier d'ordinateur \"ctrl+f\" et \u00e0 l'aide de la fonction de recherche de votre smartphone\/tablette. <\/p>\n\n\n\n<p>Il ne s'agit pas d'un livre physique, mais d'une copie num\u00e9rique au format PDF. Ne l'achetez pas si vous souhaitez une copie physique.<\/p>\n\n\n\n<p>Apr\u00e8s avoir pass\u00e9 la commande, vous pouvez t\u00e9l\u00e9charger le livre \u00e9lectronique instantan\u00e9ment.<\/p>","protected":false},"excerpt":{"rendered":"<p>For sale is an e-Book Bionic Turtle FRM 2026 Part 1 Question Bank pdf. Includes questions and answers. Topics cover: The text is searchable using the find feature on your computer keyboard &#8216;ctrl+f&#8217; and through search on your smartphone\/tablet. This is not a physical book it is a&nbsp;PDF&nbsp;digital copy. Please do not purchase if you [&hellip;]<\/p>\n","protected":false},"featured_media":16860,"comment_status":"closed","ping_status":"closed","template":"","meta":[],"product_brand":[],"product_cat":[324],"product_tag":[263,374,184,409,185,186,181,410,414,182,204,183],"class_list":{"0":"post-16859","1":"product","2":"type-product","3":"status-publish","4":"has-post-thumbnail","6":"product_cat-frm-part-1","7":"product_tag-bionic-turtle","8":"product_tag-bionic-turtle-frm","9":"product_tag-frm","10":"product_tag-frm-2026","11":"product_tag-frm-books","12":"product_tag-frm-ebooks","13":"product_tag-frm-exam","14":"product_tag-frm-part-1-2026","15":"product_tag-frm-practice-questions","16":"product_tag-frm-prep","17":"product_tag-frm-question-bank","18":"product_tag-frm-test","20":"first","21":"instock","22":"downloadable","23":"virtual","24":"sold-individually","25":"purchasable","26":"product-type-simple"},"_links":{"self":[{"href":"https:\/\/www.cfaebooks.com\/fr\/wp-json\/wp\/v2\/product\/16859","targetHints":{"allow":["GET"]}}],"collection":[{"href":"https:\/\/www.cfaebooks.com\/fr\/wp-json\/wp\/v2\/product"}],"about":[{"href":"https:\/\/www.cfaebooks.com\/fr\/wp-json\/wp\/v2\/types\/product"}],"replies":[{"embeddable":true,"href":"https:\/\/www.cfaebooks.com\/fr\/wp-json\/wp\/v2\/comments?post=16859"}],"wp:featuredmedia":[{"embeddable":true,"href":"https:\/\/www.cfaebooks.com\/fr\/wp-json\/wp\/v2\/media\/16860"}],"wp:attachment":[{"href":"https:\/\/www.cfaebooks.com\/fr\/wp-json\/wp\/v2\/media?parent=16859"}],"wp:term":[{"taxonomy":"product_brand","embeddable":true,"href":"https:\/\/www.cfaebooks.com\/fr\/wp-json\/wp\/v2\/product_brand?post=16859"},{"taxonomy":"product_cat","embeddable":true,"href":"https:\/\/www.cfaebooks.com\/fr\/wp-json\/wp\/v2\/product_cat?post=16859"},{"taxonomy":"product_tag","embeddable":true,"href":"https:\/\/www.cfaebooks.com\/fr\/wp-json\/wp\/v2\/product_tag?post=16859"}],"curies":[{"name":"wp","href":"https:\/\/api.w.org\/{rel}","templated":true}]}}