{"id":16573,"date":"2026-03-01T07:38:32","date_gmt":"2026-03-01T07:38:32","guid":{"rendered":"https:\/\/www.cfaebooks.com\/?post_type=product&#038;p=16573"},"modified":"2026-04-03T08:09:44","modified_gmt":"2026-04-03T08:09:44","slug":"frm-2026-schweser-notes-part-2-with-quicksheet","status":"publish","type":"product","link":"https:\/\/www.cfaebooks.com\/fr\/products\/frm-2026-schweser-notes-part-2-with-quicksheet\/","title":{"rendered":"FRM 2026 Schweser Notes Part 2 with Quicksheet"},"content":{"rendered":"<p>For sale is an e-Book FRM 2026 Schweser Notes Part 2 with Quicksheet PDF.<\/p>\n\n\n\n<p>Includes set of 5 books:<\/p>\n\n\n\n<ul class=\"wp-block-list\">\n<li><strong>Book 1 \u2013 Market Risk Measurement and Management<\/strong><\/li>\n\n\n\n<li><strong>Book 2 \u2013 Credit Risk Measurement and Management<\/strong><\/li>\n\n\n\n<li><strong>Book 3 \u2013 Operational Risk and Resilience<\/strong><\/li>\n\n\n\n<li><strong>Book 4 \u2013 Liquidity and Treasury Risk Measurement<\/strong><\/li>\n\n\n\n<li><strong>Book 5 \u2013 Risk Management and Investment Management &amp; Current Issues in Financial Markets.<\/strong><\/li>\n<\/ul>\n\n\n\n<p><strong>Quicksheet<\/strong> is 6 pages in total. The package includes pdf, epub, and web version.<\/p>\n\n\n\n<p>Le texte peut \u00eatre recherch\u00e9 \u00e0 l'aide de la fonction de recherche de votre clavier d'ordinateur \"ctrl+f\" et \u00e0 l'aide de la fonction de recherche de votre smartphone\/tablette. Il ne s'agit pas de livres physiques, mais de copies num\u00e9riques au format PDF. N'achetez pas ces livres si vous souhaitez une copie physique. Apr\u00e8s l'achat, vous pouvez t\u00e9l\u00e9charger les livres \u00e9lectroniques imm\u00e9diatement.<\/p>","protected":false},"excerpt":{"rendered":"<p>For sale is an e-Book FRM 2026 Schweser Notes Part 2 with Quicksheet PDF. Includes set of 5 books: Quicksheet is 6 pages in total. The package includes pdf, epub, and web version. The text is searchable using the find feature on your computer keyboard &#8216;ctrl+f&#8217; and through search on your smartphone\/tablet. These are not [&hellip;]<\/p>\n","protected":false},"featured_media":16574,"comment_status":"closed","ping_status":"closed","template":"","meta":[],"product_brand":[],"product_cat":[325],"product_tag":[184,409,185,186,181,188,411,182,362,183,179,168],"class_list":{"0":"post-16573","1":"product","2":"type-product","3":"status-publish","4":"has-post-thumbnail","6":"product_cat-frm-part-2","7":"product_tag-frm","8":"product_tag-frm-2026","9":"product_tag-frm-books","10":"product_tag-frm-ebooks","11":"product_tag-frm-exam","12":"product_tag-frm-part-2","13":"product_tag-frm-part-2-2026","14":"product_tag-frm-prep","15":"product_tag-frm-study-notes","16":"product_tag-frm-test","17":"product_tag-schweser-notes","18":"product_tag-study-notes","20":"first","21":"instock","22":"downloadable","23":"virtual","24":"sold-individually","25":"purchasable","26":"product-type-simple"},"_links":{"self":[{"href":"https:\/\/www.cfaebooks.com\/fr\/wp-json\/wp\/v2\/product\/16573","targetHints":{"allow":["GET"]}}],"collection":[{"href":"https:\/\/www.cfaebooks.com\/fr\/wp-json\/wp\/v2\/product"}],"about":[{"href":"https:\/\/www.cfaebooks.com\/fr\/wp-json\/wp\/v2\/types\/product"}],"replies":[{"embeddable":true,"href":"https:\/\/www.cfaebooks.com\/fr\/wp-json\/wp\/v2\/comments?post=16573"}],"wp:featuredmedia":[{"embeddable":true,"href":"https:\/\/www.cfaebooks.com\/fr\/wp-json\/wp\/v2\/media\/16574"}],"wp:attachment":[{"href":"https:\/\/www.cfaebooks.com\/fr\/wp-json\/wp\/v2\/media?parent=16573"}],"wp:term":[{"taxonomy":"product_brand","embeddable":true,"href":"https:\/\/www.cfaebooks.com\/fr\/wp-json\/wp\/v2\/product_brand?post=16573"},{"taxonomy":"product_cat","embeddable":true,"href":"https:\/\/www.cfaebooks.com\/fr\/wp-json\/wp\/v2\/product_cat?post=16573"},{"taxonomy":"product_tag","embeddable":true,"href":"https:\/\/www.cfaebooks.com\/fr\/wp-json\/wp\/v2\/product_tag?post=16573"}],"curies":[{"name":"wp","href":"https:\/\/api.w.org\/{rel}","templated":true}]}}