{"id":16479,"date":"2026-02-21T15:38:16","date_gmt":"2026-02-21T15:38:16","guid":{"rendered":"https:\/\/www.cfaebooks.com\/?post_type=product&#038;p=16479"},"modified":"2026-04-03T08:09:36","modified_gmt":"2026-04-03T08:09:36","slug":"cfa-2026-uworld-qbank-level-3-private-wealth-pathway-mcq-crq","status":"publish","type":"product","link":"https:\/\/www.cfaebooks.com\/fr\/products\/cfa-2026-uworld-qbank-level-3-private-wealth-pathway-mcq-crq\/","title":{"rendered":"CFA 2026 UWorld Qbank Level 3 Private Wealth\u00a0Pathway (MCQ + CRQ)"},"content":{"rendered":"<p>A vendre est un e-Book\u00a0<strong>CFA 2026 UWorld Qbank Level 3 Private Wealth\u00a0Pathway<\/strong>.<\/p>\n\n\n\n<p>Comprend\u00a0<strong>MCQ (<strong>Multiple Choice Question<\/strong><\/strong>) <strong>and CRQ (Constructed-Response Questions<\/strong>), with each part covering\u00a0<strong>core topics and Private Wealth pathway<\/strong>\u00a0questions et r\u00e9ponses.<\/p>\n\n\n\n<p>Comprend les sujets suivants :&nbsp;<\/p>\n\n\n\n<ul class=\"wp-block-list\">\n<li>Allocation d'actifs<\/li>\n\n\n\n<li>Construction du portefeuille<\/li>\n\n\n\n<li>Gestion des performances<\/li>\n\n\n\n<li>Produits d\u00e9riv\u00e9s et gestion des risques<\/li>\n\n\n\n<li>Normes \u00e9thiques et professionnelles<\/li>\n\n\n\n<li><strong><strong>Parcours du patrimoine priv\u00e9<\/strong><\/strong><\/li>\n<\/ul>\n\n\n\n<p>Le texte est consultable \u00e0 l'aide de la fonction de recherche du clavier de votre ordinateur \"ctrl+f\" et de la fonction de recherche de votre smartphone\/tablette. Apr\u00e8s le paiement, vous pouvez t\u00e9l\u00e9charger la banque de questions imm\u00e9diatement.<\/p>","protected":false},"excerpt":{"rendered":"<p>For sale is an e-Book\u00a0CFA 2026 UWorld Qbank Level 3 Private Wealth\u00a0Pathway. Includes\u00a0MCQ (Multiple Choice Question) and CRQ (Constructed-Response Questions), with each part covering\u00a0core topics and Private Wealth pathway\u00a0questions and answers. Includes the following topics:&nbsp; The text is searchable using the find feature on your computer keyboard \u2018ctrl+f\u2019 and through search on your smartphone\/tablet. After [&hellip;]<\/p>\n","protected":false},"featured_media":16480,"comment_status":"closed","ping_status":"closed","template":"","meta":[],"product_brand":[],"product_cat":[265],"product_tag":[369,93,88,90,180,371,91,166,92,408,395],"class_list":{"0":"post-16479","1":"product","2":"type-product","3":"status-publish","4":"has-post-thumbnail","6":"product_cat-cfa-level-3","7":"product_tag-cfa-2026","8":"product_tag-cfa-books","9":"product_tag-cfa-ebooks","10":"product_tag-cfa-exam","11":"product_tag-cfa-level-3","12":"product_tag-cfa-level-3-2026","13":"product_tag-cfa-prep","14":"product_tag-cfa-question-bank","15":"product_tag-cfa-test","16":"product_tag-cfa-uworld-qbank","17":"product_tag-uworld-qbank","19":"first","20":"instock","21":"downloadable","22":"virtual","23":"sold-individually","24":"purchasable","25":"product-type-simple"},"_links":{"self":[{"href":"https:\/\/www.cfaebooks.com\/fr\/wp-json\/wp\/v2\/product\/16479","targetHints":{"allow":["GET"]}}],"collection":[{"href":"https:\/\/www.cfaebooks.com\/fr\/wp-json\/wp\/v2\/product"}],"about":[{"href":"https:\/\/www.cfaebooks.com\/fr\/wp-json\/wp\/v2\/types\/product"}],"replies":[{"embeddable":true,"href":"https:\/\/www.cfaebooks.com\/fr\/wp-json\/wp\/v2\/comments?post=16479"}],"wp:featuredmedia":[{"embeddable":true,"href":"https:\/\/www.cfaebooks.com\/fr\/wp-json\/wp\/v2\/media\/16480"}],"wp:attachment":[{"href":"https:\/\/www.cfaebooks.com\/fr\/wp-json\/wp\/v2\/media?parent=16479"}],"wp:term":[{"taxonomy":"product_brand","embeddable":true,"href":"https:\/\/www.cfaebooks.com\/fr\/wp-json\/wp\/v2\/product_brand?post=16479"},{"taxonomy":"product_cat","embeddable":true,"href":"https:\/\/www.cfaebooks.com\/fr\/wp-json\/wp\/v2\/product_cat?post=16479"},{"taxonomy":"product_tag","embeddable":true,"href":"https:\/\/www.cfaebooks.com\/fr\/wp-json\/wp\/v2\/product_tag?post=16479"}],"curies":[{"name":"wp","href":"https:\/\/api.w.org\/{rel}","templated":true}]}}