{"id":16056,"date":"2026-01-23T15:07:15","date_gmt":"2026-01-23T15:07:15","guid":{"rendered":"https:\/\/www.cfaebooks.com\/?post_type=product&#038;p=16056"},"modified":"2026-04-03T08:09:23","modified_gmt":"2026-04-03T08:09:23","slug":"cfa-2026-level-2-schweser-masterclass-videos-with-workbook","status":"publish","type":"product","link":"https:\/\/www.cfaebooks.com\/fr\/products\/cfa-2026-level-2-schweser-masterclass-videos-with-workbook\/","title":{"rendered":"CFA 2026 Level 2 Schweser Masterclass Videos with Workbook"},"content":{"rendered":"<p>A vendre est un e-Book <strong>CFA 2026 Level 2 Schweser Masterclass Videos with Workbook<\/strong>.<\/p>\n\n\n\n<p><strong>Th\u00e8me abord\u00e9 :<\/strong><\/p>\n\n\n\n<ol class=\"wp-block-list\">\n<li><em>M\u00e9thodes quantitatives<\/em><\/li>\n\n\n\n<li><em>\u00c9conomie<\/em><\/li>\n\n\n\n<li><em>Analyse des \u00e9tats financiers<\/em><\/li>\n\n\n\n<li><em>Soci\u00e9t\u00e9s \u00e9mettrices<\/em><\/li>\n\n\n\n<li><em>\u00c9valuation des fonds propres<\/em><\/li>\n\n\n\n<li><em>Revenu fixe<\/em><\/li>\n\n\n\n<li><em>Produits d\u00e9riv\u00e9s<\/em><\/li>\n\n\n\n<li><em>Investissements alternatifs<\/em><\/li>\n\n\n\n<li><em>Gestion de portefeuille<\/em><\/li>\n\n\n\n<li><em>Ethics and Professional Standards\u00a0<\/em><\/li>\n<\/ol>\n\n\n\n<p>Apr\u00e8s avoir pass\u00e9 la commande, vous pouvez t\u00e9l\u00e9charger imm\u00e9diatement la vid\u00e9o et le cahier d'exercices.<\/p>","protected":false},"excerpt":{"rendered":"<p>For sale is an e-Book CFA 2026 Level 2 Schweser Masterclass Videos with Workbook. Topic covered: After checkout you can download the video and workbook immediately.<\/p>","protected":false},"featured_media":16057,"comment_status":"closed","ping_status":"closed","template":"","meta":[],"product_brand":[],"product_cat":[266],"product_tag":[369,90,178,375,91,92,302,303,394,175,271,270],"class_list":{"0":"post-16056","1":"product","2":"type-product","3":"status-publish","4":"has-post-thumbnail","6":"product_cat-cfa-level-2","7":"product_tag-cfa-2026","8":"product_tag-cfa-exam","9":"product_tag-cfa-level-2","10":"product_tag-cfa-level-2-2026","11":"product_tag-cfa-prep","12":"product_tag-cfa-test","13":"product_tag-cfa-video-lectures","14":"product_tag-cfa-video-lessons","15":"product_tag-schweser","16":"product_tag-video","17":"product_tag-video-lectures","18":"product_tag-video-lessons","20":"first","21":"instock","22":"downloadable","23":"virtual","24":"sold-individually","25":"purchasable","26":"product-type-simple"},"_links":{"self":[{"href":"https:\/\/www.cfaebooks.com\/fr\/wp-json\/wp\/v2\/product\/16056","targetHints":{"allow":["GET"]}}],"collection":[{"href":"https:\/\/www.cfaebooks.com\/fr\/wp-json\/wp\/v2\/product"}],"about":[{"href":"https:\/\/www.cfaebooks.com\/fr\/wp-json\/wp\/v2\/types\/product"}],"replies":[{"embeddable":true,"href":"https:\/\/www.cfaebooks.com\/fr\/wp-json\/wp\/v2\/comments?post=16056"}],"wp:featuredmedia":[{"embeddable":true,"href":"https:\/\/www.cfaebooks.com\/fr\/wp-json\/wp\/v2\/media\/16057"}],"wp:attachment":[{"href":"https:\/\/www.cfaebooks.com\/fr\/wp-json\/wp\/v2\/media?parent=16056"}],"wp:term":[{"taxonomy":"product_brand","embeddable":true,"href":"https:\/\/www.cfaebooks.com\/fr\/wp-json\/wp\/v2\/product_brand?post=16056"},{"taxonomy":"product_cat","embeddable":true,"href":"https:\/\/www.cfaebooks.com\/fr\/wp-json\/wp\/v2\/product_cat?post=16056"},{"taxonomy":"product_tag","embeddable":true,"href":"https:\/\/www.cfaebooks.com\/fr\/wp-json\/wp\/v2\/product_tag?post=16056"}],"curies":[{"name":"wp","href":"https:\/\/api.w.org\/{rel}","templated":true}]}}