{"id":15941,"date":"2026-01-19T14:53:28","date_gmt":"2026-01-19T14:53:28","guid":{"rendered":"https:\/\/www.cfaebooks.com\/?post_type=product&#038;p=15941"},"modified":"2026-04-03T08:09:20","modified_gmt":"2026-04-03T08:09:20","slug":"cfa-2025-2026-level-1-quintedge-question-bank-and-mock-exam","status":"publish","type":"product","link":"https:\/\/www.cfaebooks.com\/fr\/products\/cfa-2025-2026-level-1-quintedge-question-bank-and-mock-exam\/","title":{"rendered":"CFA 2026 Level 1 QuintEdge Question Bank and Mock Exam"},"content":{"rendered":"<p>A vendre est un e-Book <strong>CFA 2026 Level 1 QuintEdge Question Bank and Mock Exam<\/strong> PDF.<\/p>\n\n\n\n<ul class=\"wp-block-list\">\n<li>The package includes&nbsp;<strong>QBank<\/strong> et <strong>2 Mock Exams<\/strong>.<\/li>\n\n\n\n<li>Includes a total of 1,130 questions and answers.<\/li>\n\n\n\n<li>Includes seperate file for questions and answers so that you can do questions then compare your answers.<\/li>\n<\/ul>\n\n\n\n<p>Th\u00e8me abord\u00e9 :<\/p>\n\n\n\n<ul class=\"wp-block-list\">\n<li><strong>M\u00e9thodes quantitatives<\/strong><\/li>\n\n\n\n<li><strong>\u00c9conomie<\/strong><\/li>\n\n\n\n<li><strong>Soci\u00e9t\u00e9s \u00e9mettrices<\/strong><\/li>\n\n\n\n<li><strong>Analyse des \u00e9tats financiers<\/strong><\/li>\n\n\n\n<li><strong>Investissements en actions<\/strong><\/li>\n\n\n\n<li><strong>Revenu fixe<\/strong><\/li>\n\n\n\n<li><strong>Produits d\u00e9riv\u00e9s<\/strong><\/li>\n\n\n\n<li><strong>Investissements alternatifs<\/strong><\/li>\n\n\n\n<li><strong>Gestion de portefeuille<\/strong><\/li>\n\n\n\n<li><strong>Normes \u00e9thiques et professionnelles<\/strong><\/li>\n<\/ul>\n\n\n\n<p>Le texte peut \u00eatre recherch\u00e9 \u00e0 l'aide de la fonction de recherche de votre clavier d'ordinateur \"ctrl+f\" et \u00e0 l'aide de la fonction de recherche de votre smartphone\/tablette. Il ne s'agit pas de livres physiques, mais de copies num\u00e9riques au format PDF. N'achetez pas ces livres si vous souhaitez une copie physique.<\/p>\n\n\n\n<p>Apr\u00e8s le paiement, vous pouvez t\u00e9l\u00e9charger le livre \u00e9lectronique imm\u00e9diatement.<\/p>","protected":false},"excerpt":{"rendered":"<p>For sale is an e-Book CFA 2026 Level 1 QuintEdge Question Bank and Mock Exam PDF. Topic covered: The text is searchable using the find feature on your computer keyboard \u2018ctrl+f\u2019 and through search on your smartphone\/tablet. These are not physical books they are PDF digital copies. Please do not purchase if you want a [&hellip;]<\/p>\n","protected":false},"featured_media":15943,"comment_status":"closed","ping_status":"closed","template":"","meta":[],"product_brand":[],"product_cat":[260],"product_tag":[369,93,88,90,370,87,361,91,166,92,176,162,407],"class_list":{"0":"post-15941","1":"product","2":"type-product","3":"status-publish","4":"has-post-thumbnail","6":"product_cat-cfa-level-1","7":"product_tag-cfa-2026","8":"product_tag-cfa-books","9":"product_tag-cfa-ebooks","10":"product_tag-cfa-exam","11":"product_tag-cfa-level-1-2026","12":"product_tag-cfa-level-i","13":"product_tag-cfa-mock-exams","14":"product_tag-cfa-prep","15":"product_tag-cfa-question-bank","16":"product_tag-cfa-test","17":"product_tag-mock-exam","18":"product_tag-qbank","19":"product_tag-quintedge","21":"first","22":"instock","23":"downloadable","24":"virtual","25":"sold-individually","26":"purchasable","27":"product-type-simple"},"_links":{"self":[{"href":"https:\/\/www.cfaebooks.com\/fr\/wp-json\/wp\/v2\/product\/15941","targetHints":{"allow":["GET"]}}],"collection":[{"href":"https:\/\/www.cfaebooks.com\/fr\/wp-json\/wp\/v2\/product"}],"about":[{"href":"https:\/\/www.cfaebooks.com\/fr\/wp-json\/wp\/v2\/types\/product"}],"replies":[{"embeddable":true,"href":"https:\/\/www.cfaebooks.com\/fr\/wp-json\/wp\/v2\/comments?post=15941"}],"wp:featuredmedia":[{"embeddable":true,"href":"https:\/\/www.cfaebooks.com\/fr\/wp-json\/wp\/v2\/media\/15943"}],"wp:attachment":[{"href":"https:\/\/www.cfaebooks.com\/fr\/wp-json\/wp\/v2\/media?parent=15941"}],"wp:term":[{"taxonomy":"product_brand","embeddable":true,"href":"https:\/\/www.cfaebooks.com\/fr\/wp-json\/wp\/v2\/product_brand?post=15941"},{"taxonomy":"product_cat","embeddable":true,"href":"https:\/\/www.cfaebooks.com\/fr\/wp-json\/wp\/v2\/product_cat?post=15941"},{"taxonomy":"product_tag","embeddable":true,"href":"https:\/\/www.cfaebooks.com\/fr\/wp-json\/wp\/v2\/product_tag?post=15941"}],"curies":[{"name":"wp","href":"https:\/\/api.w.org\/{rel}","templated":true}]}}