{"id":15933,"date":"2026-01-19T14:19:02","date_gmt":"2026-01-19T14:19:02","guid":{"rendered":"https:\/\/www.cfaebooks.com\/?post_type=product&#038;p=15933"},"modified":"2026-04-03T08:09:17","modified_gmt":"2026-04-03T08:09:17","slug":"cfa-2025-2026-level-1-quintedge-study-notes-and-formula-sheet","status":"publish","type":"product","link":"https:\/\/www.cfaebooks.com\/fr\/products\/cfa-2025-2026-level-1-quintedge-study-notes-and-formula-sheet\/","title":{"rendered":"CFA 2025 &#8211; 2026 Level 1 QuintEdge Study Notes and Formula Sheet"},"content":{"rendered":"<p>A vendre est un e-Book <strong>CFA 2025 &#8211; 2026 Level 1 QuintEdge Study Notes and Formula Sheet<\/strong> PDF.<\/p>\n\n\n\n<ul class=\"wp-block-list\">\n<li>Comprend les sujets suivants :\n<ul class=\"wp-block-list\">\n<li><strong><em>M\u00e9thodes quantitatives<\/em><\/strong><\/li>\n\n\n\n<li><strong><em>\u00c9conomie<\/em><\/strong><\/li>\n\n\n\n<li><strong><em>Soci\u00e9t\u00e9s \u00e9mettrices<\/em><\/strong><\/li>\n\n\n\n<li><strong><em>Analyse des \u00e9tats financiers<\/em><\/strong><\/li>\n\n\n\n<li><strong><em>Investissements en actions<\/em><\/strong><\/li>\n\n\n\n<li><strong><em>Revenu fixe<\/em><\/strong><\/li>\n\n\n\n<li><strong><em>Produits d\u00e9riv\u00e9s<\/em><\/strong><\/li>\n\n\n\n<li><strong><em>Investissements alternatifs<\/em><\/strong><\/li>\n\n\n\n<li><strong><em>Gestion de portefeuille<\/em><\/strong><\/li>\n\n\n\n<li><strong><em>Normes \u00e9thiques et professionnelles<\/em><\/strong><\/li>\n<\/ul>\n<\/li>\n\n\n\n<li>Study Plan &amp; Formula Sheet are 23 pages in total<\/li>\n\n\n\n<li>Le texte peut \u00eatre recherch\u00e9 \u00e0 l'aide de la fonction de recherche du clavier de votre ordinateur \"ctrl+f\" et \u00e0 l'aide de la fonction de recherche de votre smartphone\/tablette.<\/li>\n\n\n\n<li>Il ne s'agit pas de livres physiques, mais de livres \u00e9lectroniques.<\/li>\n\n\n\n<li>Apr\u00e8s avoir pass\u00e9 la commande, vous pouvez t\u00e9l\u00e9charger le livre \u00e9lectronique instantan\u00e9ment.<\/li>\n<\/ul>","protected":false},"excerpt":{"rendered":"<p>For sale is an e-Book CFA 2025 &#8211; 2026 Level 1 QuintEdge Study Notes and Formula Sheet PDF.<\/p>","protected":false},"featured_media":15934,"comment_status":"closed","ping_status":"closed","template":"","meta":[],"product_brand":[],"product_cat":[260],"product_tag":[369,93,88,90,370,87,91,363,92,164,177,407],"class_list":{"0":"post-15933","1":"product","2":"type-product","3":"status-publish","4":"has-post-thumbnail","6":"product_cat-cfa-level-1","7":"product_tag-cfa-2026","8":"product_tag-cfa-books","9":"product_tag-cfa-ebooks","10":"product_tag-cfa-exam","11":"product_tag-cfa-level-1-2026","12":"product_tag-cfa-level-i","13":"product_tag-cfa-prep","14":"product_tag-cfa-study-notes","15":"product_tag-cfa-test","16":"product_tag-formula-sheet","17":"product_tag-quicksheet","18":"product_tag-quintedge","20":"first","21":"instock","22":"downloadable","23":"virtual","24":"sold-individually","25":"purchasable","26":"product-type-simple"},"_links":{"self":[{"href":"https:\/\/www.cfaebooks.com\/fr\/wp-json\/wp\/v2\/product\/15933","targetHints":{"allow":["GET"]}}],"collection":[{"href":"https:\/\/www.cfaebooks.com\/fr\/wp-json\/wp\/v2\/product"}],"about":[{"href":"https:\/\/www.cfaebooks.com\/fr\/wp-json\/wp\/v2\/types\/product"}],"replies":[{"embeddable":true,"href":"https:\/\/www.cfaebooks.com\/fr\/wp-json\/wp\/v2\/comments?post=15933"}],"wp:featuredmedia":[{"embeddable":true,"href":"https:\/\/www.cfaebooks.com\/fr\/wp-json\/wp\/v2\/media\/15934"}],"wp:attachment":[{"href":"https:\/\/www.cfaebooks.com\/fr\/wp-json\/wp\/v2\/media?parent=15933"}],"wp:term":[{"taxonomy":"product_brand","embeddable":true,"href":"https:\/\/www.cfaebooks.com\/fr\/wp-json\/wp\/v2\/product_brand?post=15933"},{"taxonomy":"product_cat","embeddable":true,"href":"https:\/\/www.cfaebooks.com\/fr\/wp-json\/wp\/v2\/product_cat?post=15933"},{"taxonomy":"product_tag","embeddable":true,"href":"https:\/\/www.cfaebooks.com\/fr\/wp-json\/wp\/v2\/product_tag?post=15933"}],"curies":[{"name":"wp","href":"https:\/\/api.w.org\/{rel}","templated":true}]}}