{"id":15770,"date":"2026-01-09T04:35:22","date_gmt":"2026-01-09T04:35:22","guid":{"rendered":"https:\/\/www.cfaebooks.com\/?post_type=product&#038;p=15770"},"modified":"2026-04-03T08:09:00","modified_gmt":"2026-04-03T08:09:00","slug":"caia-2026-uppermark-level-2-question-bank-crq-and-essay-questions","status":"publish","type":"product","link":"https:\/\/www.cfaebooks.com\/fr\/products\/caia-2026-uppermark-level-2-question-bank-crq-and-essay-questions\/","title":{"rendered":"CAIA 2026 UpperMark Level 2 Question Bank, CRQ and Essay Questions"},"content":{"rendered":"<p>For sale is an e-Book CAIA 2026 UpperMark Level 2 Question Bank, CRQ and Essay Questions.<\/p>\n\n\n\n<p><strong>La banque de test comprend plus de 2 000 questions avec des r\u00e9ponses d\u00e9taill\u00e9es.<\/strong><\/p>\n\n\n\n<p><strong>Questions sur les r\u00e9ponses constructives<\/strong> (CRQ)<\/p>\n\n\n\n<p><strong>Essay Questions with Answers<\/strong><\/p>\n\n\n\n<p><strong>QBank Sujet couvert :<\/strong><\/p>\n\n\n\n<ul class=\"wp-block-list\">\n<li>Topic 2 Types of Asset Owners and the Investment Policy Statement<\/li>\n\n\n\n<li>Topic 3 Asset Allocation<\/li>\n\n\n\n<li>Topic 4 Risk and Risk Management<\/li>\n\n\n\n<li>Topic 5 Methods and Models<\/li>\n\n\n\n<li>Topic 6 Accessing Alternative Investments<\/li>\n\n\n\n<li>Topic 7 Due Diligence and Selecting Managers<\/li>\n\n\n\n<li>Topic 8 Volatility and Complex Strategies<\/li>\n\n\n\n<li>Topic 9 Universal Investment Considerations<\/li>\n<\/ul>\n\n\n\n<p><strong>CRQ Sujet trait\u00e9 :<\/strong><\/p>\n\n\n\n<ul class=\"wp-block-list\">\n<li>Topic 1 CAIA Ethical Principles<\/li>\n\n\n\n<li>Topic 2 Types of Asset Owners and the Investment Policy Statement<\/li>\n\n\n\n<li>Topic 3 Asset Allocation<\/li>\n\n\n\n<li>Topic 4 Risk and Risk Management<\/li>\n\n\n\n<li>Topic 5 Methods and Models<\/li>\n\n\n\n<li>Topic 6 Accessing Alternative Investments<\/li>\n\n\n\n<li>Topic 7 Due Diligence and Selecting Managers<\/li>\n\n\n\n<li>Topic 8 Volatility and Complex Strategies<\/li>\n\n\n\n<li>Topic 9 Universal Investment Considerations<\/li>\n\n\n\n<li>Topic 10 Emerging Topics<\/li>\n<\/ul>\n\n\n\n<p><strong>Essay Topic covered:<\/strong><\/p>\n\n\n\n<ul class=\"wp-block-list\">\n<li>Topic 2 Types of Asset Owners and the Investment Policy Statement<\/li>\n\n\n\n<li>Topic 3 Asset Allocation<\/li>\n\n\n\n<li>Topic 4 Risk and Risk Management<\/li>\n\n\n\n<li>Topic 5 Methods and Models<\/li>\n\n\n\n<li>Topic 6 Accessing Alternative Investments<\/li>\n\n\n\n<li>Topic 7 Due Diligence and Selecting Managers<\/li>\n\n\n\n<li>Topic 8 Volatility and Complex Strategies<\/li>\n\n\n\n<li>Topic 9 Universal Investment Considerations<\/li>\n\n\n\n<li>Topic 10 Emerging Topics<\/li>\n<\/ul>\n\n\n\n<p>Il ne s'agit pas d'un livre physique, mais d'une copie num\u00e9rique au format PDF. Ne l'achetez pas si vous souhaitez une copie physique. Apr\u00e8s avoir pass\u00e9 la commande, vous pouvez t\u00e9l\u00e9charger le livre \u00e9lectronique instantan\u00e9ment.<\/p>","protected":false},"excerpt":{"rendered":"<p>For sale is an e-Book CAIA 2026 UpperMark Level 2 Question Bank, CRQ and Essay Questions. The test bank includes over 2,000 questions with detailed answers. Constructive Response Questions (CRQ) Essay Questions with Answers QBank Topic covered: CRQ Topic covered: Essay Topic covered: This is not a physical book it is a&nbsp;PDF&nbsp;digital copy. Please do [&hellip;]<\/p>\n","protected":false},"featured_media":15771,"comment_status":"closed","ping_status":"closed","template":"","meta":[],"product_brand":[],"product_cat":[318],"product_tag":[247,386,251,368,250,248,253,252,330,331,249,404],"class_list":{"0":"post-15770","1":"product","2":"type-product","3":"status-publish","4":"has-post-thumbnail","6":"product_cat-caia-level-2","7":"product_tag-caia","8":"product_tag-caia-2026","9":"product_tag-caia-books","10":"product_tag-caia-crq","11":"product_tag-caia-ebooks","12":"product_tag-caia-exam","13":"product_tag-caia-level-ii","14":"product_tag-caia-prep","15":"product_tag-caia-qbank","16":"product_tag-caia-question-bank","17":"product_tag-caia-test","18":"product_tag-uppermark-test-bank","20":"first","21":"instock","22":"downloadable","23":"virtual","24":"sold-individually","25":"purchasable","26":"product-type-simple"},"_links":{"self":[{"href":"https:\/\/www.cfaebooks.com\/fr\/wp-json\/wp\/v2\/product\/15770","targetHints":{"allow":["GET"]}}],"collection":[{"href":"https:\/\/www.cfaebooks.com\/fr\/wp-json\/wp\/v2\/product"}],"about":[{"href":"https:\/\/www.cfaebooks.com\/fr\/wp-json\/wp\/v2\/types\/product"}],"replies":[{"embeddable":true,"href":"https:\/\/www.cfaebooks.com\/fr\/wp-json\/wp\/v2\/comments?post=15770"}],"wp:featuredmedia":[{"embeddable":true,"href":"https:\/\/www.cfaebooks.com\/fr\/wp-json\/wp\/v2\/media\/15771"}],"wp:attachment":[{"href":"https:\/\/www.cfaebooks.com\/fr\/wp-json\/wp\/v2\/media?parent=15770"}],"wp:term":[{"taxonomy":"product_brand","embeddable":true,"href":"https:\/\/www.cfaebooks.com\/fr\/wp-json\/wp\/v2\/product_brand?post=15770"},{"taxonomy":"product_cat","embeddable":true,"href":"https:\/\/www.cfaebooks.com\/fr\/wp-json\/wp\/v2\/product_cat?post=15770"},{"taxonomy":"product_tag","embeddable":true,"href":"https:\/\/www.cfaebooks.com\/fr\/wp-json\/wp\/v2\/product_tag?post=15770"}],"curies":[{"name":"wp","href":"https:\/\/api.w.org\/{rel}","templated":true}]}}