{"id":15492,"date":"2025-12-25T08:27:56","date_gmt":"2025-12-25T08:27:56","guid":{"rendered":"https:\/\/www.cfaebooks.com\/?post_type=product&#038;p=15492"},"modified":"2026-04-03T08:08:26","modified_gmt":"2026-04-03T08:08:26","slug":"cfa-2026-level-1-premium-practice-pack","status":"publish","type":"product","link":"https:\/\/www.cfaebooks.com\/fr\/products\/cfa-2026-level-1-premium-practice-pack\/","title":{"rendered":"CFA 2026 Level 1 Premium Practice Pack"},"content":{"rendered":"<p>A vendre est un e-book&nbsp;<strong>CFA 2026 Level 1 Premium Practice Pack<\/strong> PDF.<\/p>\n\n\n\n<p>Comprend un ensemble de 5 livres :<\/p>\n\n\n\n<ul class=\"wp-block-list\">\n<li>Book 1: Alternative Investments and Corporate Issuers<\/li>\n\n\n\n<li>Book 2: Derivatives and Economics<\/li>\n\n\n\n<li>Book 3: Equity Investments and Ethical and Professional Standards&nbsp;<\/li>\n\n\n\n<li>Book 4: Financial Statement Analysis and Fixed Income<\/li>\n\n\n\n<li>Book 5: Portfolio Management and Quantitative Methods<\/li>\n<\/ul>\n\n\n\n<p>Il s'agit d'une ressource d'\u00e9tude num\u00e9rique compl\u00e8te con\u00e7ue pour am\u00e9liorer votre pr\u00e9paration \u00e0 l'examen gr\u00e2ce \u00e0 des questions pratiques et des examens blancs de haute qualit\u00e9.<\/p>\n\n\n\n<ul class=\"wp-block-list\">\n<li>Comprend des questions et des r\u00e9ponses pour chaque question.<\/li>\n<\/ul>\n\n\n\n<p>Il s'agit d'un&nbsp;<strong>paquet num\u00e9rique<\/strong>-Il ne s'agit pas d'un produit physique. Ne les achetez pas si vous pr\u00e9f\u00e9rez les copies papier. Apr\u00e8s avoir pass\u00e9 la commande, vous pouvez t\u00e9l\u00e9charger les livres \u00e9lectroniques imm\u00e9diatement.<\/p>\n\n\n\n<p><strong>Note:<\/strong>\u00a0These are scanned books, not official PDF files.<\/p>","protected":false},"excerpt":{"rendered":"<p>For sale is an e-book&nbsp;CFA 2026 Level 1 Premium Practice Pack PDF. Includes Set of 5 books: It is a comprehensive digital study resource designed to enhance your exam preparation with high-quality practice questions and mock exams. This is a&nbsp;digital package\u2014not a physical product. Please do not purchase if you prefer hard copies. After checkout [&hellip;]<\/p>\n","protected":false},"featured_media":15493,"comment_status":"closed","ping_status":"closed","template":"","meta":[],"product_brand":[],"product_cat":[260],"product_tag":[369,93,88,90,370,87,334,91,92,333],"class_list":{"0":"post-15492","1":"product","2":"type-product","3":"status-publish","4":"has-post-thumbnail","6":"product_cat-cfa-level-1","7":"product_tag-cfa-2026","8":"product_tag-cfa-books","9":"product_tag-cfa-ebooks","10":"product_tag-cfa-exam","11":"product_tag-cfa-level-1-2026","12":"product_tag-cfa-level-i","13":"product_tag-cfa-practice-pack","14":"product_tag-cfa-prep","15":"product_tag-cfa-test","16":"product_tag-premium-practice-pack","18":"first","19":"instock","20":"downloadable","21":"virtual","22":"sold-individually","23":"purchasable","24":"product-type-simple"},"_links":{"self":[{"href":"https:\/\/www.cfaebooks.com\/fr\/wp-json\/wp\/v2\/product\/15492","targetHints":{"allow":["GET"]}}],"collection":[{"href":"https:\/\/www.cfaebooks.com\/fr\/wp-json\/wp\/v2\/product"}],"about":[{"href":"https:\/\/www.cfaebooks.com\/fr\/wp-json\/wp\/v2\/types\/product"}],"replies":[{"embeddable":true,"href":"https:\/\/www.cfaebooks.com\/fr\/wp-json\/wp\/v2\/comments?post=15492"}],"wp:featuredmedia":[{"embeddable":true,"href":"https:\/\/www.cfaebooks.com\/fr\/wp-json\/wp\/v2\/media\/15493"}],"wp:attachment":[{"href":"https:\/\/www.cfaebooks.com\/fr\/wp-json\/wp\/v2\/media?parent=15492"}],"wp:term":[{"taxonomy":"product_brand","embeddable":true,"href":"https:\/\/www.cfaebooks.com\/fr\/wp-json\/wp\/v2\/product_brand?post=15492"},{"taxonomy":"product_cat","embeddable":true,"href":"https:\/\/www.cfaebooks.com\/fr\/wp-json\/wp\/v2\/product_cat?post=15492"},{"taxonomy":"product_tag","embeddable":true,"href":"https:\/\/www.cfaebooks.com\/fr\/wp-json\/wp\/v2\/product_tag?post=15492"}],"curies":[{"name":"wp","href":"https:\/\/api.w.org\/{rel}","templated":true}]}}