{"id":15470,"date":"2025-12-23T05:20:55","date_gmt":"2025-12-23T05:20:55","guid":{"rendered":"https:\/\/www.cfaebooks.com\/?post_type=product&#038;p=15470"},"modified":"2026-04-03T08:08:24","modified_gmt":"2026-04-03T08:08:24","slug":"cma-2025-wiley-test-bank-part-2","status":"publish","type":"product","link":"https:\/\/www.cfaebooks.com\/fr\/products\/cma-2025-wiley-test-bank-part-2\/","title":{"rendered":"CMA 2025 Wiley Test Bank Part 2"},"content":{"rendered":"<p>For sale is an e-Book CMA 2025 Wiley Test Bank Part 2.<\/p>\n\n\n\n<p>Includes the following sections:<\/p>\n\n\n\n<ul class=\"wp-block-list\">\n<li><strong>Section A<\/strong>. Financial Statement Analysis<\/li>\n\n\n\n<li><strong>Section B<\/strong>. Corporate Finance<\/li>\n\n\n\n<li><strong>Section C<\/strong>. Business Decision Analysis<\/li>\n\n\n\n<li><strong>Section D<\/strong>. Enterprise Risk Management<\/li>\n\n\n\n<li><strong>Section E<\/strong>. Capital Investment Decisions<\/li>\n\n\n\n<li><strong>Section F<\/strong>. Professional Ethics<\/li>\n<\/ul>\n\n\n\n<p>Includes separate file for questions and answers so that you can do questions then compare your answers. The text is searchable using the find feature on your computer keyboard \u2018ctrl+f\u2019 and through search on your smartphone\/tablet<\/p>\n\n\n\n<p>Il ne s'agit pas d'un livre physique, mais d'une copie num\u00e9rique au format PDF. Ne l'achetez pas si vous souhaitez une copie physique. Apr\u00e8s avoir pass\u00e9 la commande, vous pouvez t\u00e9l\u00e9charger le livre \u00e9lectronique instantan\u00e9ment.<\/p>","protected":false},"excerpt":{"rendered":"<p>For sale is an e-Book CMA 2025 Wiley Test Bank Part 2. Includes the following sections: Includes separate file for questions and answers so that you can do questions then compare your answers. The text is searchable using the find feature on your computer keyboard \u2018ctrl+f\u2019 and through search on your smartphone\/tablet This is not [&hellip;]<\/p>\n","protected":false},"featured_media":15471,"comment_status":"closed","ping_status":"closed","template":"","meta":[],"product_brand":[],"product_cat":[281],"product_tag":[282,384,292,291,288,298,297,290,396,397,289,314,162,160,169],"class_list":{"0":"post-15470","1":"product","2":"type-product","3":"status-publish","4":"has-post-thumbnail","6":"product_cat-cma-part-2","7":"product_tag-cma","8":"product_tag-cma-2026","9":"product_tag-cma-books","10":"product_tag-cma-ebooks","11":"product_tag-cma-exam","12":"product_tag-cma-mcqs","13":"product_tag-cma-part-2","14":"product_tag-cma-prep","15":"product_tag-cma-qbank","16":"product_tag-cma-question-bank","17":"product_tag-cma-test","18":"product_tag-cma-test-bank","19":"product_tag-qbank","20":"product_tag-test-bank","21":"product_tag-wiley","23":"first","24":"instock","25":"downloadable","26":"virtual","27":"sold-individually","28":"purchasable","29":"product-type-simple"},"_links":{"self":[{"href":"https:\/\/www.cfaebooks.com\/fr\/wp-json\/wp\/v2\/product\/15470","targetHints":{"allow":["GET"]}}],"collection":[{"href":"https:\/\/www.cfaebooks.com\/fr\/wp-json\/wp\/v2\/product"}],"about":[{"href":"https:\/\/www.cfaebooks.com\/fr\/wp-json\/wp\/v2\/types\/product"}],"replies":[{"embeddable":true,"href":"https:\/\/www.cfaebooks.com\/fr\/wp-json\/wp\/v2\/comments?post=15470"}],"wp:featuredmedia":[{"embeddable":true,"href":"https:\/\/www.cfaebooks.com\/fr\/wp-json\/wp\/v2\/media\/15471"}],"wp:attachment":[{"href":"https:\/\/www.cfaebooks.com\/fr\/wp-json\/wp\/v2\/media?parent=15470"}],"wp:term":[{"taxonomy":"product_brand","embeddable":true,"href":"https:\/\/www.cfaebooks.com\/fr\/wp-json\/wp\/v2\/product_brand?post=15470"},{"taxonomy":"product_cat","embeddable":true,"href":"https:\/\/www.cfaebooks.com\/fr\/wp-json\/wp\/v2\/product_cat?post=15470"},{"taxonomy":"product_tag","embeddable":true,"href":"https:\/\/www.cfaebooks.com\/fr\/wp-json\/wp\/v2\/product_tag?post=15470"}],"curies":[{"name":"wp","href":"https:\/\/api.w.org\/{rel}","templated":true}]}}