{"id":15393,"date":"2025-12-11T06:00:00","date_gmt":"2025-12-11T06:00:00","guid":{"rendered":"https:\/\/www.cfaebooks.com\/?post_type=product&#038;p=15393"},"modified":"2026-04-03T08:08:09","modified_gmt":"2026-04-03T08:08:09","slug":"2026-cfa-program-curriculum-level-ii-box-set","status":"publish","type":"product","link":"https:\/\/www.cfaebooks.com\/fr\/products\/2026-cfa-program-curriculum-level-ii-box-set\/","title":{"rendered":"Programme CFA 2026 Niveau II Coffret"},"content":{"rendered":"<p>For sale is an e-Book 2026 CFA Program Curriculum Level II Box Set PDF.<\/p>\n\n\n\n<p><strong>Includes 10 volumes:<\/strong><\/p>\n\n\n\n<ul class=\"wp-block-list\">\n<li><em>Volume 1 : M\u00e9thodes quantitatives<\/em><\/li>\n\n\n\n<li><em>Volume 2 : \u00c9conomie<\/em><\/li>\n\n\n\n<li><em>Volume 3 : Analyse des \u00e9tats financiers<\/em><\/li>\n\n\n\n<li><em>Volume 4: Corporate Issuers<\/em><\/li>\n\n\n\n<li><em>Volume 5: Equity Investments<\/em><\/li>\n\n\n\n<li><em>Volume 6 : Revenu fixe<\/em><\/li>\n\n\n\n<li><em>Volume7 : Produits d\u00e9riv\u00e9s<\/em><\/li>\n\n\n\n<li><em>Volume8 : Investissements alternatifs<\/em><\/li>\n\n\n\n<li><em>Volume 9 : Gestion de portefeuille<\/em><\/li>\n\n\n\n<li><em>Volume 10 : \u00c9thique et normes professionnelles\u00a0<\/em><\/li>\n<\/ul>\n\n\n\n<p>The text is searchable using the find feature on your computer keyboard \u2018ctrl+f\u2019 and through search on your smartphone\/tablet.  This is not a physical book it is a\u00a0PDF\u00a0digital copy. Please do not purchase if you want a physical hard copy.<\/p>\n\n\n\n<p>Apr\u00e8s avoir pass\u00e9 la commande, vous pouvez t\u00e9l\u00e9charger le livre \u00e9lectronique imm\u00e9diatement.<\/p>","protected":false},"excerpt":{"rendered":"<p>For sale is an e-Book 2026 CFA Program Curriculum Level II Box Set PDF. Includes 10 volumes: The text is searchable using the find feature on your computer keyboard \u2018ctrl+f\u2019 and through search on your smartphone\/tablet. This is not a physical book it is a\u00a0PDF\u00a0digital copy. Please do not purchase if you want a physical [&hellip;]<\/p>\n","protected":false},"featured_media":15395,"comment_status":"closed","ping_status":"closed","template":"","meta":[],"product_brand":[],"product_cat":[266],"product_tag":[369,93,88,90,174,178,375,91,89,92,168],"class_list":{"0":"post-15393","1":"product","2":"type-product","3":"status-publish","4":"has-post-thumbnail","6":"product_cat-cfa-level-2","7":"product_tag-cfa-2026","8":"product_tag-cfa-books","9":"product_tag-cfa-ebooks","10":"product_tag-cfa-exam","11":"product_tag-cfa-institute","12":"product_tag-cfa-level-2","13":"product_tag-cfa-level-2-2026","14":"product_tag-cfa-prep","15":"product_tag-cfa-program-curriculum","16":"product_tag-cfa-test","17":"product_tag-study-notes","19":"first","20":"instock","21":"downloadable","22":"virtual","23":"sold-individually","24":"purchasable","25":"product-type-simple"},"_links":{"self":[{"href":"https:\/\/www.cfaebooks.com\/fr\/wp-json\/wp\/v2\/product\/15393","targetHints":{"allow":["GET"]}}],"collection":[{"href":"https:\/\/www.cfaebooks.com\/fr\/wp-json\/wp\/v2\/product"}],"about":[{"href":"https:\/\/www.cfaebooks.com\/fr\/wp-json\/wp\/v2\/types\/product"}],"replies":[{"embeddable":true,"href":"https:\/\/www.cfaebooks.com\/fr\/wp-json\/wp\/v2\/comments?post=15393"}],"wp:featuredmedia":[{"embeddable":true,"href":"https:\/\/www.cfaebooks.com\/fr\/wp-json\/wp\/v2\/media\/15395"}],"wp:attachment":[{"href":"https:\/\/www.cfaebooks.com\/fr\/wp-json\/wp\/v2\/media?parent=15393"}],"wp:term":[{"taxonomy":"product_brand","embeddable":true,"href":"https:\/\/www.cfaebooks.com\/fr\/wp-json\/wp\/v2\/product_brand?post=15393"},{"taxonomy":"product_cat","embeddable":true,"href":"https:\/\/www.cfaebooks.com\/fr\/wp-json\/wp\/v2\/product_cat?post=15393"},{"taxonomy":"product_tag","embeddable":true,"href":"https:\/\/www.cfaebooks.com\/fr\/wp-json\/wp\/v2\/product_tag?post=15393"}],"curies":[{"name":"wp","href":"https:\/\/api.w.org\/{rel}","templated":true}]}}