{"id":15362,"date":"2025-12-08T04:55:56","date_gmt":"2025-12-08T04:55:56","guid":{"rendered":"https:\/\/www.cfaebooks.com\/?post_type=product&#038;p=15362"},"modified":"2026-04-03T08:08:07","modified_gmt":"2026-04-03T08:08:07","slug":"2026-cfa-level-2-schweser-question-bank-module-quiz-checkpoint-exam-and-topic-quiz","status":"publish","type":"product","link":"https:\/\/www.cfaebooks.com\/fr\/products\/2026-cfa-level-2-schweser-question-bank-module-quiz-checkpoint-exam-and-topic-quiz\/","title":{"rendered":"2026 CFA Level 2 Schweser Question Bank, Module Quiz, Checkpoint Exam and Topic Quiz"},"content":{"rendered":"<p>For sale is an e-Book CFA 2026 Level 2 Schweser Question Bank, Module Quiz,  Checkpoint Exam and Topic Quiz.<\/p>\n\n\n\n<p><strong>Comprend les sujets suivants :<\/strong><\/p>\n\n\n\n<ol class=\"wp-block-list\">\n<li><em>M\u00e9thodes quantitatives<\/em><\/li>\n\n\n\n<li><em>\u00c9conomie<\/em><\/li>\n\n\n\n<li><em>Analyse des \u00e9tats financiers<\/em><\/li>\n\n\n\n<li><em>Soci\u00e9t\u00e9s \u00e9mettrices<\/em><\/li>\n\n\n\n<li><em>\u00c9valuation des fonds propres<\/em><\/li>\n\n\n\n<li><em>Revenu fixe<\/em><\/li>\n\n\n\n<li><em>Produits d\u00e9riv\u00e9s<\/em><\/li>\n\n\n\n<li><em>Investissements alternatifs<\/em><\/li>\n\n\n\n<li><em>Gestion de portefeuille<\/em><\/li>\n\n\n\n<li><em>Ethics and Professional Standards<\/em>.<\/li>\n<\/ol>\n\n\n\n<ul class=\"wp-block-list\">\n<li>Comprend un fichier s\u00e9par\u00e9 pour les questions et les r\u00e9ponses afin que vous puissiez r\u00e9pondre aux questions et comparer vos r\u00e9ponses.<\/li>\n\n\n\n<li>Le texte peut \u00eatre recherch\u00e9 \u00e0 l'aide de la fonction de recherche du clavier de votre ordinateur \"ctrl+f\" et \u00e0 l'aide de la fonction de recherche de votre smartphone\/tablette.<\/li>\n\n\n\n<li>Il ne s'agit pas d'un livre physique, mais d'une copie num\u00e9rique au format PDF. Ne l'achetez pas si vous souhaitez une copie physique.<\/li>\n\n\n\n<li>Apr\u00e8s avoir pass\u00e9 la commande, vous pouvez t\u00e9l\u00e9charger le livre \u00e9lectronique imm\u00e9diatement.<\/li>\n<\/ul>","protected":false},"excerpt":{"rendered":"<p>For sale is an e-Book CFA 2026 Level 2 Schweser Question Bank, Module Quiz, Checkpoint Exam and Topic Quiz. Includes the following topics:<\/p>","protected":false},"featured_media":15363,"comment_status":"closed","ping_status":"closed","template":"","meta":[],"product_brand":[],"product_cat":[266],"product_tag":[369,93,88,90,178,375,91,166,92,162,161,394,163],"class_list":{"0":"post-15362","1":"product","2":"type-product","3":"status-publish","4":"has-post-thumbnail","6":"product_cat-cfa-level-2","7":"product_tag-cfa-2026","8":"product_tag-cfa-books","9":"product_tag-cfa-ebooks","10":"product_tag-cfa-exam","11":"product_tag-cfa-level-2","12":"product_tag-cfa-level-2-2026","13":"product_tag-cfa-prep","14":"product_tag-cfa-question-bank","15":"product_tag-cfa-test","16":"product_tag-qbank","17":"product_tag-question-bank","18":"product_tag-schweser","19":"product_tag-schweser-qbank","21":"first","22":"instock","23":"downloadable","24":"virtual","25":"sold-individually","26":"purchasable","27":"product-type-simple"},"_links":{"self":[{"href":"https:\/\/www.cfaebooks.com\/fr\/wp-json\/wp\/v2\/product\/15362","targetHints":{"allow":["GET"]}}],"collection":[{"href":"https:\/\/www.cfaebooks.com\/fr\/wp-json\/wp\/v2\/product"}],"about":[{"href":"https:\/\/www.cfaebooks.com\/fr\/wp-json\/wp\/v2\/types\/product"}],"replies":[{"embeddable":true,"href":"https:\/\/www.cfaebooks.com\/fr\/wp-json\/wp\/v2\/comments?post=15362"}],"wp:featuredmedia":[{"embeddable":true,"href":"https:\/\/www.cfaebooks.com\/fr\/wp-json\/wp\/v2\/media\/15363"}],"wp:attachment":[{"href":"https:\/\/www.cfaebooks.com\/fr\/wp-json\/wp\/v2\/media?parent=15362"}],"wp:term":[{"taxonomy":"product_brand","embeddable":true,"href":"https:\/\/www.cfaebooks.com\/fr\/wp-json\/wp\/v2\/product_brand?post=15362"},{"taxonomy":"product_cat","embeddable":true,"href":"https:\/\/www.cfaebooks.com\/fr\/wp-json\/wp\/v2\/product_cat?post=15362"},{"taxonomy":"product_tag","embeddable":true,"href":"https:\/\/www.cfaebooks.com\/fr\/wp-json\/wp\/v2\/product_tag?post=15362"}],"curies":[{"name":"wp","href":"https:\/\/api.w.org\/{rel}","templated":true}]}}