{"id":15333,"date":"2025-12-07T13:31:44","date_gmt":"2025-12-07T13:31:44","guid":{"rendered":"https:\/\/www.cfaebooks.com\/?post_type=product&#038;p=15333"},"modified":"2026-04-03T08:07:59","modified_gmt":"2026-04-03T08:07:59","slug":"cfa-2026-level-1-finquiz-stanley-notes-battle-ready-summaries-and-formula-sheet","status":"publish","type":"product","link":"https:\/\/www.cfaebooks.com\/fr\/products\/cfa-2026-level-1-finquiz-stanley-notes-battle-ready-summaries-and-formula-sheet\/","title":{"rendered":"CFA 2026 Niveau 1 Finquiz Notes Stanley, r\u00e9sum\u00e9s pr\u00eats \u00e0 l'emploi et fiche de formules"},"content":{"rendered":"<p>For sale is an e-Book CFA 2026 Level 1 Finquiz Stanley Notes, Battle-ready Summaries and Formula sheet.<\/p>\n\n\n\n<p>Th\u00e8me abord\u00e9 :<\/p>\n\n\n\n<ol class=\"wp-block-list\">\n<li><em>M\u00e9thodes quantitatives<\/em><\/li>\n\n\n\n<li><em>\u00c9conomie<\/em><\/li>\n\n\n\n<li><em>Soci\u00e9t\u00e9s \u00e9mettrices<\/em><\/li>\n\n\n\n<li><em>Analyse des \u00e9tats financiers<\/em><\/li>\n\n\n\n<li><em>Investissements en actions<\/em><\/li>\n\n\n\n<li><em>Revenu fixe<\/em><\/li>\n\n\n\n<li><em>Investissements en produits d\u00e9riv\u00e9s<\/em><\/li>\n\n\n\n<li><em>Investissements alternatifs<\/em><\/li>\n\n\n\n<li><em>Gestion de portefeuille<\/em><\/li>\n\n\n\n<li><em>Normes \u00e9thiques et professionnelles<\/em><\/li>\n<\/ol>\n\n\n\n<p>The text is searchable using the find feature on your computer keyboard \u2018ctrl+f\u2019 and through search on your smartphone\/tablet.<\/p>\n\n\n\n<p>Il ne s'agit pas d'un livre physique, mais d'une copie num\u00e9rique au format PDF. Ne l'achetez pas si vous souhaitez une copie physique. Apr\u00e8s avoir pass\u00e9 la commande, vous pouvez t\u00e9l\u00e9charger le livre \u00e9lectronique imm\u00e9diatement.<\/p>","protected":false},"excerpt":{"rendered":"<p>For sale is an e-Book CFA 2026 Level 1 Finquiz Stanley Notes, Battle-ready Summaries and Formula sheet. Topic covered: The text is searchable using the find feature on your computer keyboard \u2018ctrl+f\u2019 and through search on your smartphone\/tablet. This is not a physical book it is a&nbsp;PDF&nbsp;digital copy. Please do not purchase if you want [&hellip;]<\/p>\n","protected":false},"featured_media":15334,"comment_status":"closed","ping_status":"closed","template":"","meta":[],"product_brand":[],"product_cat":[260],"product_tag":[393,369,93,88,90,370,87,91,92,383,391,168],"class_list":{"0":"post-15333","1":"product","2":"type-product","3":"status-publish","4":"has-post-thumbnail","6":"product_cat-cfa-level-1","7":"product_tag-battle-ready-summaries","8":"product_tag-cfa-2026","9":"product_tag-cfa-books","10":"product_tag-cfa-ebooks","11":"product_tag-cfa-exam","12":"product_tag-cfa-level-1-2026","13":"product_tag-cfa-level-i","14":"product_tag-cfa-prep","15":"product_tag-cfa-test","16":"product_tag-finquiz","17":"product_tag-stanley-notes","18":"product_tag-study-notes","20":"first","21":"instock","22":"downloadable","23":"virtual","24":"sold-individually","25":"purchasable","26":"product-type-simple"},"_links":{"self":[{"href":"https:\/\/www.cfaebooks.com\/fr\/wp-json\/wp\/v2\/product\/15333","targetHints":{"allow":["GET"]}}],"collection":[{"href":"https:\/\/www.cfaebooks.com\/fr\/wp-json\/wp\/v2\/product"}],"about":[{"href":"https:\/\/www.cfaebooks.com\/fr\/wp-json\/wp\/v2\/types\/product"}],"replies":[{"embeddable":true,"href":"https:\/\/www.cfaebooks.com\/fr\/wp-json\/wp\/v2\/comments?post=15333"}],"wp:featuredmedia":[{"embeddable":true,"href":"https:\/\/www.cfaebooks.com\/fr\/wp-json\/wp\/v2\/media\/15334"}],"wp:attachment":[{"href":"https:\/\/www.cfaebooks.com\/fr\/wp-json\/wp\/v2\/media?parent=15333"}],"wp:term":[{"taxonomy":"product_brand","embeddable":true,"href":"https:\/\/www.cfaebooks.com\/fr\/wp-json\/wp\/v2\/product_brand?post=15333"},{"taxonomy":"product_cat","embeddable":true,"href":"https:\/\/www.cfaebooks.com\/fr\/wp-json\/wp\/v2\/product_cat?post=15333"},{"taxonomy":"product_tag","embeddable":true,"href":"https:\/\/www.cfaebooks.com\/fr\/wp-json\/wp\/v2\/product_tag?post=15333"}],"curies":[{"name":"wp","href":"https:\/\/api.w.org\/{rel}","templated":true}]}}